{"id":1177,"date":"2024-11-08T17:23:00","date_gmt":"2024-11-08T17:23:00","guid":{"rendered":"https:\/\/selectingredient.pt\/?page_id=1177"},"modified":"2025-01-10T17:00:18","modified_gmt":"2025-01-10T17:00:18","slug":"quem-somos","status":"publish","type":"page","link":"https:\/\/selectingredient.pt\/en\/quem-somos\/","title":{"rendered":"About Us"},"content":{"rendered":"<div data-elementor-type=\"wp-page\" data-elementor-id=\"1177\" class=\"elementor elementor-1177\" data-elementor-post-type=\"page\">\n\t\t\t\t<div class=\"elementor-element elementor-element-1b31b50 e-flex e-con-boxed e-con e-parent\" data-id=\"1b31b50\" data-element_type=\"container\">\n\t\t\t\t\t<div class=\"e-con-inner\">\n\t\t\t\t<div class=\"elementor-element elementor-element-1564928 elementor-widget elementor-widget-heading\" data-id=\"1564928\" data-element_type=\"widget\" data-widget_type=\"heading.default\">\n\t\t\t\t<div class=\"elementor-widget-container\">\n\t\t\t\t\t<h2 class=\"elementor-heading-title elementor-size-default\">Our team<\/h2>\t\t\t\t<\/div>\n\t\t\t\t<\/div>\n\t\t\t\t<div class=\"elementor-element elementor-element-0a873d1 elementor-widget elementor-widget-text-editor\" data-id=\"0a873d1\" data-element_type=\"widget\" data-widget_type=\"text-editor.default\">\n\t\t\t\t<div class=\"elementor-widget-container\">\n\t\t\t\t\t\t\t\t\t<p><span lang=\"PT\">SelectIngredient is a company specializing in the sale of products for food, water and veterinary diagnostics analyses. Founded in 2012 by Am\u00e9lia Miguel and Jo\u00e3o Cruz, the company was created in response to a market gap for innovative rapid analysis products in these fields - products that were well-know to customers who sought their availability and easy access.&nbsp;<\/span><\/p>\n<p><span lang=\"PT\">With more than 20 years of commercial experience in this and similar markets, the founders of SelectIngredient decided to set up the company in response to these requests.<\/span><\/p>\n<p><span lang=\"PT\">Beginning its activity with the sale of innovative real-time PCR kits for the detection of species, allergens and OGMS, the company quickly met the need to supply discontinued and difficult-to-access media (e.g. MEVAG), kits with more technical value (e.g. acid phosphatase reagent), or others with more affordable prices (e.g. microcystin determination).&nbsp;<\/span><\/p>\n<p><span lang=\"PT\">The inclusion of veterinary analysis kits not known in Portugal, to meet the export needs of animals, and the introduction of real-time diagnostic kits (e.g. mycotoxin detection) have definitively established SelectIngredient in the market. <\/span><\/p>\n<p><span lang=\"PT\">Despite the company's rapid growth, the principles by which it has always been run remain oriented towards the needs of its clients, promoting easy and rapid communication between clients and our employees, speeding up the logistics required to meet their expectations.&nbsp;<\/span><\/p>\n<p><span lang=\"PT\">In addition to offering a wide range of products, we promote fast deliveries based on our ability to hold stocks, store orders so that they can be delivered in stages, and have fast and clear return and warranty policies. Among other things, we have cemented our customers trust in the company by helping them to implement it.<\/span><\/p>\n<p><span lang=\"PT\">Thank you all!<\/span><\/p>\t\t\t\t\t\t\t\t<\/div>\n\t\t\t\t<\/div>\n\t\t<div class=\"elementor-element elementor-element-814a295 e-grid e-con-boxed e-con e-child\" data-id=\"814a295\" data-element_type=\"container\">\n\t\t\t\t\t<div class=\"e-con-inner\">\n\t\t\t\t\t<\/div>\n\t\t\t\t<\/div>\n\t\t\t\t\t<\/div>\n\t\t\t\t<\/div>\n\t\t\t\t<\/div>","protected":false},"excerpt":{"rendered":"<p>Our team SelectIngredient is a company specializing in the sale of products for the analysis of food, water and veterinary diagnostics. Founded in 2012 by Am\u00e9lia Miguel and Jo\u00e3o Cruz, the company was born out of the perception of a gap in the market regarding the absence of several innovative products for rapid analysis in the areas mentioned, which were known to customers who demanded their availability and easy access.  With over 20 years of commercial experience in this and similar markets, the founders of SelectIngredient decided to set up the company in response to these requests. Starting its activity with the sale of innovative real-time PCR kits for the detection of species, allergens and OGMS, the company quickly met the need to supply discontinued and difficult to access media (e.g. MEVAG), kits with more technical value (e.g. acid phosphatase reagent), or others with more affordable prices (e.g. microcystin determination).  The inclusion of veterinary analysis kits not known in Portugal, to meet the needs of exports of animal products, and the introduction of real-time diagnostic kits (e.g. mycotoxin detection) definitively established SelectIngredient in the market. Despite the company's rapid growth, the principles by which it has always been run remain geared towards the needs of its customers, promoting easy and rapid communication between customers and our employees, speeding up the logistics required to meet their expectations.  In addition to offering a wide range of products, we promote fast deliveries based on our ability to hold stocks, store orders so that they can be delivered in stages, and have fast and clear return and warranty policies. Among other things, we have cemented our customers' trust in the company by helping them to implement it. Thank you all! Am\u00e9lia Miguel Jo\u00e3o Cruz<\/p>","protected":false},"author":1,"featured_media":0,"parent":0,"menu_order":0,"comment_status":"closed","ping_status":"closed","template":"","meta":{"footnotes":""},"class_list":["post-1177","page","type-page","status-publish","hentry"],"yoast_head":"<!-- This site is optimized with the Yoast SEO plugin v26.0 - https:\/\/yoast.com\/wordpress\/plugins\/seo\/ -->\n<title>Quem Somos - Selectingredient<\/title>\n<meta name=\"robots\" content=\"index, follow, max-snippet:-1, max-image-preview:large, max-video-preview:-1\" \/>\n<link rel=\"canonical\" href=\"https:\/\/selectingredient.pt\/en\/quem-somos\/\" \/>\n<meta property=\"og:locale\" content=\"en_US\" \/>\n<meta property=\"og:type\" content=\"article\" \/>\n<meta property=\"og:title\" content=\"Quem Somos - Selectingredient\" \/>\n<meta property=\"og:description\" content=\"A nossa equipa A SelectIngredient \u00e9 uma empresa especializada na comercializa\u00e7\u00e3o de produtos para an\u00e1lise de alimentos, \u00e1guas e diagn\u00f3stico veterin\u00e1rio. Fundada em 2012 por Am\u00e9lia Miguel e Jo\u00e3o Cruz a empresa nasceu da perce\u00e7\u00e3o de uma lacuna no mercado relativamente \u00e0 aus\u00eancia de v\u00e1rios produtos inovadores de r\u00e1pida execu\u00e7\u00e3o das an\u00e1lises nas \u00e1reas referidas, e que eram do conhecimento dos clientes que reclamavam a sua disponibilidade e f\u00e1cil acesso aos mesmos.&nbsp; Com mais de 20 anos de experi\u00eancia na \u00e1rea comercial neste mercado e outros similares os fundadores da SelectIngredient decidiram ent\u00e3o criar a empresa em respostas a estas solicita\u00e7\u00f5es. Iniciando a sua atividade com a comercializa\u00e7\u00e3o de kits, na altura inovadores, de PCR em tempo real para dete\u00e7\u00e3o de esp\u00e9cies, alerg\u00e9nios e OGMS, rapidamente a empresa veio colmatar necessidades para o fornecimento de meios descontinuados e de dif\u00edcil acesso (Ex. MEVAG), kits com mais valias t\u00e9cnicas (Ex: reagente de fosfatase \u00e1cida), ou outros com pre\u00e7os mais acess\u00edveis (Ex: determina\u00e7\u00e3o de microcistinas).&nbsp; A inclus\u00e3o de kits de an\u00e1lises veterin\u00e1rias n\u00e3o conhecidas em Portugal, para satisfazer necessidades de exporta\u00e7\u00e3o de produtos de origem animal, e a introdu\u00e7\u00e3o de kits de diagn\u00f3stico em tempo real (Ex: dete\u00e7\u00e3o micotoxinas) veio estabelecer definitivamente a SelectIngredient no mercado. Apesar do r\u00e1pido crescimento da empresa, os princ\u00edpios por que a mesma sempre se regeu mant\u00e9m-se orientados para as necessidades dos clientes, promovendo uma f\u00e1cil e r\u00e1pida comunica\u00e7\u00e3o dos clientes com os nossos colaboradores agilizando a log\u00edstica necess\u00e1ria \u00e0s suas expetativas.&nbsp; Para al\u00e9m da oferta de uma variada gama de produtos, promovemos r\u00e1pidas entregas dos mesmos baseado na nossa capacidade de realizar stocks, realizar o armazenamento de encomendas possibilitando entregas faseadas dos mesmos e pol\u00edticas de devolu\u00e7\u00e3o e garantia r\u00e1pidas e claras. Entre outros, cimentou a confian\u00e7a dos clientes na empresa auxiliando a mesma na sua implementa\u00e7\u00e3o. Agradecemos a todos! Am\u00e9lia Miguel Jo\u00e3o Cruz\" \/>\n<meta property=\"og:url\" content=\"https:\/\/selectingredient.pt\/en\/quem-somos\/\" \/>\n<meta property=\"og:site_name\" content=\"Selectingredient\" \/>\n<meta property=\"article:modified_time\" content=\"2025-01-10T17:00:18+00:00\" \/>\n<meta property=\"og:image\" content=\"http:\/\/selectingredient.pt\/wp-content\/uploads\/2024\/11\/amelia-miguel.webp\" \/>\n<meta name=\"twitter:card\" content=\"summary_large_image\" \/>\n<meta name=\"twitter:label1\" content=\"Est. reading time\" \/>\n\t<meta name=\"twitter:data1\" content=\"3 minutes\" \/>\n<script type=\"application\/ld+json\" class=\"yoast-schema-graph\">{\"@context\":\"https:\/\/schema.org\",\"@graph\":[{\"@type\":\"WebPage\",\"@id\":\"https:\/\/selectingredient.pt\/quem-somos\/\",\"url\":\"https:\/\/selectingredient.pt\/quem-somos\/\",\"name\":\"Quem Somos - Selectingredient\",\"isPartOf\":{\"@id\":\"https:\/\/selectingredient.pt\/#website\"},\"primaryImageOfPage\":{\"@id\":\"https:\/\/selectingredient.pt\/quem-somos\/#primaryimage\"},\"image\":{\"@id\":\"https:\/\/selectingredient.pt\/quem-somos\/#primaryimage\"},\"thumbnailUrl\":\"http:\/\/selectingredient.pt\/wp-content\/uploads\/2024\/11\/amelia-miguel.webp\",\"datePublished\":\"2024-11-08T17:23:00+00:00\",\"dateModified\":\"2025-01-10T17:00:18+00:00\",\"inLanguage\":\"en-US\",\"potentialAction\":[{\"@type\":\"ReadAction\",\"target\":[\"https:\/\/selectingredient.pt\/quem-somos\/\"]}]},{\"@type\":\"ImageObject\",\"inLanguage\":\"en-US\",\"@id\":\"https:\/\/selectingredient.pt\/quem-somos\/#primaryimage\",\"url\":\"http:\/\/selectingredient.pt\/wp-content\/uploads\/2024\/11\/amelia-miguel.webp\",\"contentUrl\":\"http:\/\/selectingredient.pt\/wp-content\/uploads\/2024\/11\/amelia-miguel.webp\"},{\"@type\":\"WebSite\",\"@id\":\"https:\/\/selectingredient.pt\/#website\",\"url\":\"https:\/\/selectingredient.pt\/\",\"name\":\"Selectingredient\",\"description\":\"Select Ingredient\",\"publisher\":{\"@id\":\"https:\/\/selectingredient.pt\/#organization\"},\"potentialAction\":[{\"@type\":\"SearchAction\",\"target\":{\"@type\":\"EntryPoint\",\"urlTemplate\":\"https:\/\/selectingredient.pt\/?s={search_term_string}\"},\"query-input\":{\"@type\":\"PropertyValueSpecification\",\"valueRequired\":true,\"valueName\":\"search_term_string\"}}],\"inLanguage\":\"en-US\"},{\"@type\":\"Organization\",\"@id\":\"https:\/\/selectingredient.pt\/#organization\",\"name\":\"Selectingredient\",\"url\":\"https:\/\/selectingredient.pt\/\",\"logo\":{\"@type\":\"ImageObject\",\"inLanguage\":\"en-US\",\"@id\":\"https:\/\/selectingredient.pt\/#\/schema\/logo\/image\/\",\"url\":\"https:\/\/selectingredient.pt\/wp-content\/uploads\/2018\/10\/logo_trans.png\",\"contentUrl\":\"https:\/\/selectingredient.pt\/wp-content\/uploads\/2018\/10\/logo_trans.png\",\"width\":250,\"height\":184,\"caption\":\"Selectingredient\"},\"image\":{\"@id\":\"https:\/\/selectingredient.pt\/#\/schema\/logo\/image\/\"}}]}<\/script>\n<!-- \/ Yoast SEO plugin. -->","yoast_head_json":{"title":"Quem Somos - Selectingredient","robots":{"index":"index","follow":"follow","max-snippet":"max-snippet:-1","max-image-preview":"max-image-preview:large","max-video-preview":"max-video-preview:-1"},"canonical":"https:\/\/selectingredient.pt\/en\/quem-somos\/","og_locale":"en_US","og_type":"article","og_title":"Quem Somos - Selectingredient","og_description":"A nossa equipa A SelectIngredient \u00e9 uma empresa especializada na comercializa\u00e7\u00e3o de produtos para an\u00e1lise de alimentos, \u00e1guas e diagn\u00f3stico veterin\u00e1rio. Fundada em 2012 por Am\u00e9lia Miguel e Jo\u00e3o Cruz a empresa nasceu da perce\u00e7\u00e3o de uma lacuna no mercado relativamente \u00e0 aus\u00eancia de v\u00e1rios produtos inovadores de r\u00e1pida execu\u00e7\u00e3o das an\u00e1lises nas \u00e1reas referidas, e que eram do conhecimento dos clientes que reclamavam a sua disponibilidade e f\u00e1cil acesso aos mesmos.&nbsp; Com mais de 20 anos de experi\u00eancia na \u00e1rea comercial neste mercado e outros similares os fundadores da SelectIngredient decidiram ent\u00e3o criar a empresa em respostas a estas solicita\u00e7\u00f5es. Iniciando a sua atividade com a comercializa\u00e7\u00e3o de kits, na altura inovadores, de PCR em tempo real para dete\u00e7\u00e3o de esp\u00e9cies, alerg\u00e9nios e OGMS, rapidamente a empresa veio colmatar necessidades para o fornecimento de meios descontinuados e de dif\u00edcil acesso (Ex. MEVAG), kits com mais valias t\u00e9cnicas (Ex: reagente de fosfatase \u00e1cida), ou outros com pre\u00e7os mais acess\u00edveis (Ex: determina\u00e7\u00e3o de microcistinas).&nbsp; A inclus\u00e3o de kits de an\u00e1lises veterin\u00e1rias n\u00e3o conhecidas em Portugal, para satisfazer necessidades de exporta\u00e7\u00e3o de produtos de origem animal, e a introdu\u00e7\u00e3o de kits de diagn\u00f3stico em tempo real (Ex: dete\u00e7\u00e3o micotoxinas) veio estabelecer definitivamente a SelectIngredient no mercado. Apesar do r\u00e1pido crescimento da empresa, os princ\u00edpios por que a mesma sempre se regeu mant\u00e9m-se orientados para as necessidades dos clientes, promovendo uma f\u00e1cil e r\u00e1pida comunica\u00e7\u00e3o dos clientes com os nossos colaboradores agilizando a log\u00edstica necess\u00e1ria \u00e0s suas expetativas.&nbsp; Para al\u00e9m da oferta de uma variada gama de produtos, promovemos r\u00e1pidas entregas dos mesmos baseado na nossa capacidade de realizar stocks, realizar o armazenamento de encomendas possibilitando entregas faseadas dos mesmos e pol\u00edticas de devolu\u00e7\u00e3o e garantia r\u00e1pidas e claras. Entre outros, cimentou a confian\u00e7a dos clientes na empresa auxiliando a mesma na sua implementa\u00e7\u00e3o. Agradecemos a todos! Am\u00e9lia Miguel Jo\u00e3o Cruz","og_url":"https:\/\/selectingredient.pt\/en\/quem-somos\/","og_site_name":"Selectingredient","article_modified_time":"2025-01-10T17:00:18+00:00","og_image":[{"url":"http:\/\/selectingredient.pt\/wp-content\/uploads\/2024\/11\/amelia-miguel.webp","type":"","width":"","height":""}],"twitter_card":"summary_large_image","twitter_misc":{"Est. reading time":"3 minutes"},"schema":{"@context":"https:\/\/schema.org","@graph":[{"@type":"WebPage","@id":"https:\/\/selectingredient.pt\/quem-somos\/","url":"https:\/\/selectingredient.pt\/quem-somos\/","name":"Quem Somos - Selectingredient","isPartOf":{"@id":"https:\/\/selectingredient.pt\/#website"},"primaryImageOfPage":{"@id":"https:\/\/selectingredient.pt\/quem-somos\/#primaryimage"},"image":{"@id":"https:\/\/selectingredient.pt\/quem-somos\/#primaryimage"},"thumbnailUrl":"http:\/\/selectingredient.pt\/wp-content\/uploads\/2024\/11\/amelia-miguel.webp","datePublished":"2024-11-08T17:23:00+00:00","dateModified":"2025-01-10T17:00:18+00:00","inLanguage":"en-US","potentialAction":[{"@type":"ReadAction","target":["https:\/\/selectingredient.pt\/quem-somos\/"]}]},{"@type":"ImageObject","inLanguage":"en-US","@id":"https:\/\/selectingredient.pt\/quem-somos\/#primaryimage","url":"http:\/\/selectingredient.pt\/wp-content\/uploads\/2024\/11\/amelia-miguel.webp","contentUrl":"http:\/\/selectingredient.pt\/wp-content\/uploads\/2024\/11\/amelia-miguel.webp"},{"@type":"WebSite","@id":"https:\/\/selectingredient.pt\/#website","url":"https:\/\/selectingredient.pt\/","name":"Selectingredient","description":"Select Ingredient","publisher":{"@id":"https:\/\/selectingredient.pt\/#organization"},"potentialAction":[{"@type":"SearchAction","target":{"@type":"EntryPoint","urlTemplate":"https:\/\/selectingredient.pt\/?s={search_term_string}"},"query-input":{"@type":"PropertyValueSpecification","valueRequired":true,"valueName":"search_term_string"}}],"inLanguage":"en-US"},{"@type":"Organization","@id":"https:\/\/selectingredient.pt\/#organization","name":"Selectingredient","url":"https:\/\/selectingredient.pt\/","logo":{"@type":"ImageObject","inLanguage":"en-US","@id":"https:\/\/selectingredient.pt\/#\/schema\/logo\/image\/","url":"https:\/\/selectingredient.pt\/wp-content\/uploads\/2018\/10\/logo_trans.png","contentUrl":"https:\/\/selectingredient.pt\/wp-content\/uploads\/2018\/10\/logo_trans.png","width":250,"height":184,"caption":"Selectingredient"},"image":{"@id":"https:\/\/selectingredient.pt\/#\/schema\/logo\/image\/"}}]}},"_links":{"self":[{"href":"https:\/\/selectingredient.pt\/en\/wp-json\/wp\/v2\/pages\/1177","targetHints":{"allow":["GET"]}}],"collection":[{"href":"https:\/\/selectingredient.pt\/en\/wp-json\/wp\/v2\/pages"}],"about":[{"href":"https:\/\/selectingredient.pt\/en\/wp-json\/wp\/v2\/types\/page"}],"author":[{"embeddable":true,"href":"https:\/\/selectingredient.pt\/en\/wp-json\/wp\/v2\/users\/1"}],"replies":[{"embeddable":true,"href":"https:\/\/selectingredient.pt\/en\/wp-json\/wp\/v2\/comments?post=1177"}],"version-history":[{"count":73,"href":"https:\/\/selectingredient.pt\/en\/wp-json\/wp\/v2\/pages\/1177\/revisions"}],"predecessor-version":[{"id":2761,"href":"https:\/\/selectingredient.pt\/en\/wp-json\/wp\/v2\/pages\/1177\/revisions\/2761"}],"wp:attachment":[{"href":"https:\/\/selectingredient.pt\/en\/wp-json\/wp\/v2\/media?parent=1177"}],"curies":[{"name":"wp","href":"https:\/\/api.w.org\/{rel}","templated":true}]}}