{"id":1398,"date":"2024-11-14T15:47:48","date_gmt":"2024-11-14T15:47:48","guid":{"rendered":"https:\/\/selectingredient.pt\/?page_id=1398"},"modified":"2025-07-07T14:37:00","modified_gmt":"2025-07-07T14:37:00","slug":"alergenios","status":"publish","type":"page","link":"https:\/\/selectingredient.pt\/en\/home\/produtos\/alergenios\/","title":{"rendered":"Allergens"},"content":{"rendered":"<div data-elementor-type=\"wp-page\" data-elementor-id=\"1398\" class=\"elementor elementor-1398\" data-elementor-post-type=\"page\">\n\t\t\t\t<div class=\"elementor-element elementor-element-a839057 e-con-full e-flex e-con e-parent\" data-id=\"a839057\" data-element_type=\"container\" data-settings=\"{&quot;background_background&quot;:&quot;slideshow&quot;,&quot;background_slideshow_gallery&quot;:[{&quot;id&quot;:531,&quot;url&quot;:&quot;http:\\\/\\\/selectingredient.pt\\\/wp-content\\\/uploads\\\/2024\\\/10\\\/alergenios.jpg&quot;}],&quot;background_slideshow_loop&quot;:&quot;yes&quot;,&quot;background_slideshow_slide_duration&quot;:5000,&quot;background_slideshow_slide_transition&quot;:&quot;fade&quot;,&quot;background_slideshow_transition_duration&quot;:500}\">\n\t\t\t\t<div class=\"elementor-element elementor-element-633cf1a elementor-widget elementor-widget-heading\" data-id=\"633cf1a\" data-element_type=\"widget\" data-widget_type=\"heading.default\">\n\t\t\t\t<div class=\"elementor-widget-container\">\n\t\t\t\t\t<div class=\"elementor-heading-title elementor-size-default\">Allergens<\/div>\t\t\t\t<\/div>\n\t\t\t\t<\/div>\n\t\t\t\t<\/div>\n\t\t<div class=\"elementor-element elementor-element-0ff91f8 e-flex e-con-boxed e-con e-parent\" data-id=\"0ff91f8\" data-element_type=\"container\">\n\t\t\t\t\t<div class=\"e-con-inner\">\n\t\t\t\t<div class=\"elementor-element elementor-element-3afe805 elementor-widget elementor-widget-breadcrumbs\" data-id=\"3afe805\" data-element_type=\"widget\" id=\"breadcrumbs\" data-widget_type=\"breadcrumbs.default\">\n\t\t\t\t<div class=\"elementor-widget-container\">\n\t\t\t\t\t<p id=\"breadcrumbs\"><\/p>\t\t\t\t<\/div>\n\t\t\t\t<\/div>\n\t\t\t\t<div class=\"elementor-element elementor-element-be261df elementor-widget elementor-widget-heading\" data-id=\"be261df\" data-element_type=\"widget\" data-widget_type=\"heading.default\">\n\t\t\t\t<div class=\"elementor-widget-container\">\n\t\t\t\t\t<h1 class=\"elementor-heading-title elementor-size-default\">Allergens<\/h1>\t\t\t\t<\/div>\n\t\t\t\t<\/div>\n\t\t\t\t<div class=\"elementor-element elementor-element-e2452d7 elementor-widget elementor-widget-text-editor\" data-id=\"e2452d7\" data-element_type=\"widget\" data-widget_type=\"text-editor.default\">\n\t\t\t\t<div class=\"elementor-widget-container\">\n\t\t\t\t\t\t\t\t\t<p>The presence of allergens represents a significant health risk, which makes it mandatory, according to Regulation (EU) 1169\/2011, for the food industry to clearly label ingredients and any traces of contaminants that could cause allergies.<\/p>\n<p>For the determination of allergens in food and on production lines, we use routine techniques such as ELISA, lateral flow and real-time PCR. All of these technologies are available in our catalog and have proven effective in a wide variety of matrices.<br>\n<br><br><b>We offer a complete range of products for the determination and quantification of allergens:<\/b><\/p>\n<ol>\n<li><strong>qPCR (real-time PCR)<\/strong>:\n<ul>\n<li><u>DNA extraction kits:<\/u> provide PCR inhibitor-free DNA from large representative samples of both plant and animal origin. This makes it possible to detect allergens in various types of matrix, including semi-finished and finished products and environmental swabs.<\/li>\n<li><u>Detection kits<\/u>: tests developed and validated in accordance with the UNI EN 15634 1 2009 guidelines to detect the DNA of the target allergen with high specificity and sensitivity. The absence of cross-reactivity has been rigorously tested for various food ingredients, ensuring that false positives are minimized.<\/li>\n<li><u>Standards:<\/u> ensure consistent measurement results accross different laboratory methods and are essential for both method verification and experimental process control.<\/li>\n<\/ul>\n<\/li>\n<li><strong>ELISA<\/strong><\/li>\n<li><strong>Lateral Flow Strips<\/strong><\/li>\n<li><strong><u>Standards:<\/u><\/strong> They are homogeneous samples with a known quantity of food allergens (ISO 9001 and ISO 17034:2017) that can be used in all phases of the analytical process, both in immunochemical methods (Lateral Flow Tests and ELISA) and molecular methods (PCR).<\/li>\n<\/ol>\n<p><br>In addition to other non-mandatory allergens, our kits identify the presence of 13 out of the 14 major food allergens required by current legislation. These are gluten, crustaceans, eggs, fish, peanuts, soy, milk, nuts, dried fruit, celery, mustard, sesame and lupins.<\/p>\t\t\t\t\t\t\t\t<\/div>\n\t\t\t\t<\/div>\n\t\t\t\t\t<\/div>\n\t\t\t\t<\/div>\n\t\t<div class=\"elementor-element elementor-element-7c283fa e-flex e-con-boxed e-con e-parent\" data-id=\"7c283fa\" data-element_type=\"container\">\n\t\t\t\t\t<div class=\"e-con-inner\">\n\t\t\t\t<div class=\"elementor-element elementor-element-47bfbc7 elementor-hidden-mobile elementor-widget elementor-widget-html\" data-id=\"47bfbc7\" data-element_type=\"widget\" data-widget_type=\"html.default\">\n\t\t\t\t<div class=\"elementor-widget-container\">\n\t\t\t\t\t<svg width=\"17\" height=\"22\" viewbox=\"0 0 17 22\" fill=\"none\" xmlns=\"http:\/\/www.w3.org\/2000\/svg\">\r\n                                        <path d=\"M11 1H2.5C1.96957 1 1.46086 1.21071 1.08579 1.58579C0.710714 1.96086                                        0.5 2.46957 0.5 3V19C0.5 19.5304 0.710714 20.0391 1.08579                                        20.4142C1.46086 20.7893                                        1.96957 21 2.5 21H14.5C15.0304 21 15.5391 20.7893 15.9142                                        20.4142C16.2893 20.0391                                        16.5 19.5304 16.5 19V6.5L11 1Z\" stroke=\"black\" stroke-linecap=\"round\" stroke-linejoin=\"round\"><\/path>\r\n                                        <path d=\"M10.5 1V7H16.5\" stroke=\"black\" stroke-linecap=\"round\" stroke-linejoin=\"round\"><\/path>\r\n                                        <path d=\"M12.5 12H4.5\" stroke=\"black\" stroke-linecap=\"round\" stroke-linejoin=\"round\"><\/path>\r\n                                        <path d=\"M12.5 16H4.5\" stroke=\"black\" stroke-linecap=\"round\" stroke-linejoin=\"round\"><\/path>\r\n                                        <path d=\"M6.5 8H4.5\" stroke=\"black\" stroke-linecap=\"round\" stroke-linejoin=\"round\"><\/path><\/svg>\t\t\t\t<\/div>\n\t\t\t\t<\/div>\n\t\t<div class=\"elementor-element elementor-element-286231d e-con-full e-flex e-con e-child\" data-id=\"286231d\" data-element_type=\"container\">\n\t\t\t\t<div class=\"elementor-element elementor-element-46502c5 elementor-widget-tablet__width-initial elementor-widget elementor-widget-heading\" data-id=\"46502c5\" data-element_type=\"widget\" data-widget_type=\"heading.default\">\n\t\t\t\t<div class=\"elementor-widget-container\">\n\t\t\t\t\t<h2 class=\"elementor-heading-title elementor-size-default\">SPECIALfinder Real-Time PCR Allergens Detection<\/h2>\t\t\t\t<\/div>\n\t\t\t\t<\/div>\n\t\t\t\t<div class=\"elementor-element elementor-element-fff059d elementor-mobile-align-left elementor-align-right elementor-widget elementor-widget-button\" data-id=\"fff059d\" data-element_type=\"widget\" data-widget_type=\"button.default\">\n\t\t\t\t<div class=\"elementor-widget-container\">\n\t\t\t\t\t\t\t\t\t<div class=\"elementor-button-wrapper\">\n\t\t\t\t\t<a class=\"elementor-button elementor-button-link elementor-size-sm\" href=\"https:\/\/selectingredientbucket.s3.us-east-1.amazonaws.com\/Generon+Alergenio.pdf\" target=\"_blank\">\n\t\t\t\t\t\t<span class=\"elementor-button-content-wrapper\">\n\t\t\t\t\t\t\t\t\t<span class=\"elementor-button-text\">Download<\/span>\n\t\t\t\t\t<\/span>\n\t\t\t\t\t<\/a>\n\t\t\t\t<\/div>\n\t\t\t\t\t\t\t\t<\/div>\n\t\t\t\t<\/div>\n\t\t\t\t<\/div>\n\t\t\t\t\t<\/div>\n\t\t\t\t<\/div>\n\t\t\t\t<\/div>","protected":false},"excerpt":{"rendered":"<p>Allergens The presence of allergens represents a significant health risk, which makes it mandatory, according to Regulation (EU) 1169\/2011, for the food industry to clearly label ingredients and any traces of contaminants that could cause allergies. To determine allergens in food and on production lines, we use routine techniques such as ELISA, lateral flow and real-time PCR. All of these technologies are available in our catalog and have proven effective in a wide variety of matrices. We offer a complete range of products for the determination and quantification of allergens: qPCR (real-time PCR): DNA extraction kits: provide PCR inhibitor-free DNA from large, representative samples of both plant and animal origin. This makes it possible to detect allergens in various types of matrix, including semi-finished and finished products and environmental swabs. Detection kits: tests developed and validated according to the UNI EN 15634 1 2009 guidelines to detect the DNA of the target allergen with high specificity and sensitivity. The absence of cross-reactivity has been rigorously tested for various food ingredients, ensuring that false positives are minimized. Reference materials: guarantee comparable measurement results between different laboratory methods and are essential for both method verification and experimental process control. ELISA Lateral Flow Strips Reference materials: These are homogeneous samples with a known amount of food allergens (ISO 9001 and ISO 17034:2017) that can be used at all stages of the analytical process, both in immunochemical (Lateral Flow Tests and ELISA) and molecular (PCR) methods. In addition to other non-mandatory allergens, our kits identify the presence of 13 (of the 14) main mandatory food allergens identified by current legislation. These are gluten, crustaceans, eggs, fish, peanuts, soy, milk, nuts, dried fruit, celery, mustard, sesame and lupins. SPECIALfinder Real-Time PCR Allergens Detection Download<\/p>","protected":false},"author":1,"featured_media":0,"parent":840,"menu_order":0,"comment_status":"closed","ping_status":"closed","template":"","meta":{"footnotes":""},"class_list":["post-1398","page","type-page","status-publish","hentry"],"yoast_head":"<!-- This site is optimized with the Yoast SEO plugin v26.0 - https:\/\/yoast.com\/wordpress\/plugins\/seo\/ -->\n<title>Alerg\u00e9nios - Selectingredient<\/title>\n<meta name=\"robots\" content=\"index, follow, max-snippet:-1, max-image-preview:large, max-video-preview:-1\" \/>\n<link rel=\"canonical\" href=\"https:\/\/selectingredient.pt\/en\/home\/produtos\/alergenios\/\" \/>\n<meta property=\"og:locale\" content=\"en_US\" \/>\n<meta property=\"og:type\" content=\"article\" \/>\n<meta property=\"og:title\" content=\"Alerg\u00e9nios - Selectingredient\" \/>\n<meta property=\"og:description\" content=\"Alerg\u00e9nios Alerg\u00e9nios A presen\u00e7a de alerg\u00e9nios representa um risco significativo para a sa\u00fade, o que torna obrigat\u00f3rio, segundo o Regulamento (UE) 1169\/2011, que a ind\u00fastria alimentar rotule claramente os ingredientes e quaisquer vest\u00edgios de contaminantes que possam causar alergias. Para a determina\u00e7\u00e3o de alerg\u00e9nios em alimentos e nas linhas de produ\u00e7\u00e3o, utilizamos t\u00e9cnicas de rotina como ELISA, Fluxo Lateral e PCR em tempo real. Todas essas tecnologias est\u00e3o dispon\u00edveis em nosso cat\u00e1logo e t\u00eam demonstrado efic\u00e1cia em uma ampla variedade de matrizes. Oferecemos uma linha completa de produtos para a determina\u00e7\u00e3o e quantifica\u00e7\u00e3o de alerg\u00e9nios: qPCR (PCR em tempo real): Kits de extra\u00e7\u00e3o de DNA: fornecem DNA livre de inibidores de PCR a partir de amostras grandes e representativas, tanto de origem vegetal como animal. Isso possibilita a dete\u00e7\u00e3o de alerg\u00e9nios em diversos tipos de matrizes, incluindo produtos semiacabados, acabados e esfrega\u00e7os ambientais. Kits de dete\u00e7\u00e3o: testes desenvolvidos e validados de acordo com as diretrizes UNI EN 15634 1 2009 para detetar o DNA do alerg\u00e9nio alvo com elevada especificidade e sensibilidade. A aus\u00eancia de reatividade cruzada foi rigorosamente testada em rela\u00e7\u00e3o a diversos ingredientes alimentares, garantindo a minimiza\u00e7\u00e3o de falsos positivos. Materiais de refer\u00eancia: garantem resultados de medi\u00e7\u00e3o compar\u00e1veis entre diferentes m\u00e9todos laboratoriais e s\u00e3o essenciais tanto para a verifica\u00e7\u00e3o de m\u00e9todos como para o controle de processos experimentais. ELISA Tiras de Fluxo lateral Materiais de refer\u00eancia: S\u00e3o amostras homog\u00eaneas com uma quantidade conhecida de alerg\u00e9nios alimentares (ISO 9001 e ISO 17034:2017) que podem ser utilizados em todas as fases do processo anal\u00edtico, tanto em m\u00e9todos imunoqu\u00edmicos (Testes de Fluxo Lateral e ELISA) quanto moleculares (PCR). Para al\u00e9m de outros alerg\u00e9nios de testagem n\u00e3o obrigat\u00f3ria, os nossos kits identificam a presen\u00e7a de 13 (dos 14) alerg\u00e9nios alimentares principais e obrigat\u00f3rios a identificar pela legisla\u00e7\u00e3o em vigor. Estes s\u00e3o o gl\u00faten, crust\u00e1ceos, ovos, peixes, amendoins, soja, leite, nozes, frutos secos, aipo, mostarda, s\u00e9samo e tremo\u00e7o. SPECIALfinder Real-Time PCR Allergens Detection Download\" \/>\n<meta property=\"og:url\" content=\"https:\/\/selectingredient.pt\/en\/home\/produtos\/alergenios\/\" \/>\n<meta property=\"og:site_name\" content=\"Selectingredient\" \/>\n<meta property=\"article:modified_time\" content=\"2025-07-07T14:37:00+00:00\" \/>\n<meta name=\"twitter:card\" content=\"summary_large_image\" \/>\n<meta name=\"twitter:label1\" content=\"Est. reading time\" \/>\n\t<meta name=\"twitter:data1\" content=\"2 minutes\" \/>\n<script type=\"application\/ld+json\" class=\"yoast-schema-graph\">{\"@context\":\"https:\/\/schema.org\",\"@graph\":[{\"@type\":\"WebPage\",\"@id\":\"https:\/\/selectingredient.pt\/home\/produtos\/alergenios\/\",\"url\":\"https:\/\/selectingredient.pt\/home\/produtos\/alergenios\/\",\"name\":\"Alerg\u00e9nios - Selectingredient\",\"isPartOf\":{\"@id\":\"https:\/\/selectingredient.pt\/#website\"},\"datePublished\":\"2024-11-14T15:47:48+00:00\",\"dateModified\":\"2025-07-07T14:37:00+00:00\",\"breadcrumb\":{\"@id\":\"https:\/\/selectingredient.pt\/home\/produtos\/alergenios\/#breadcrumb\"},\"inLanguage\":\"en-US\",\"potentialAction\":[{\"@type\":\"ReadAction\",\"target\":[\"https:\/\/selectingredient.pt\/home\/produtos\/alergenios\/\"]}]},{\"@type\":\"BreadcrumbList\",\"@id\":\"https:\/\/selectingredient.pt\/home\/produtos\/alergenios\/#breadcrumb\",\"itemListElement\":[{\"@type\":\"ListItem\",\"position\":1,\"name\":\"Home\",\"item\":\"https:\/\/selectingredient.pt\/\"},{\"@type\":\"ListItem\",\"position\":2,\"name\":\"Produtos\",\"item\":\"https:\/\/selectingredient.pt\/home\/produtos\/\"},{\"@type\":\"ListItem\",\"position\":3,\"name\":\"Alerg\u00e9nios\"}]},{\"@type\":\"WebSite\",\"@id\":\"https:\/\/selectingredient.pt\/#website\",\"url\":\"https:\/\/selectingredient.pt\/\",\"name\":\"Selectingredient\",\"description\":\"Select Ingredient\",\"publisher\":{\"@id\":\"https:\/\/selectingredient.pt\/#organization\"},\"potentialAction\":[{\"@type\":\"SearchAction\",\"target\":{\"@type\":\"EntryPoint\",\"urlTemplate\":\"https:\/\/selectingredient.pt\/?s={search_term_string}\"},\"query-input\":{\"@type\":\"PropertyValueSpecification\",\"valueRequired\":true,\"valueName\":\"search_term_string\"}}],\"inLanguage\":\"en-US\"},{\"@type\":\"Organization\",\"@id\":\"https:\/\/selectingredient.pt\/#organization\",\"name\":\"Selectingredient\",\"url\":\"https:\/\/selectingredient.pt\/\",\"logo\":{\"@type\":\"ImageObject\",\"inLanguage\":\"en-US\",\"@id\":\"https:\/\/selectingredient.pt\/#\/schema\/logo\/image\/\",\"url\":\"https:\/\/selectingredient.pt\/wp-content\/uploads\/2018\/10\/logo_trans.png\",\"contentUrl\":\"https:\/\/selectingredient.pt\/wp-content\/uploads\/2018\/10\/logo_trans.png\",\"width\":250,\"height\":184,\"caption\":\"Selectingredient\"},\"image\":{\"@id\":\"https:\/\/selectingredient.pt\/#\/schema\/logo\/image\/\"}}]}<\/script>\n<!-- \/ Yoast SEO plugin. -->","yoast_head_json":{"title":"Allergens - Selectingredient","robots":{"index":"index","follow":"follow","max-snippet":"max-snippet:-1","max-image-preview":"max-image-preview:large","max-video-preview":"max-video-preview:-1"},"canonical":"https:\/\/selectingredient.pt\/en\/home\/produtos\/alergenios\/","og_locale":"en_US","og_type":"article","og_title":"Alerg\u00e9nios - Selectingredient","og_description":"Alerg\u00e9nios Alerg\u00e9nios A presen\u00e7a de alerg\u00e9nios representa um risco significativo para a sa\u00fade, o que torna obrigat\u00f3rio, segundo o Regulamento (UE) 1169\/2011, que a ind\u00fastria alimentar rotule claramente os ingredientes e quaisquer vest\u00edgios de contaminantes que possam causar alergias. Para a determina\u00e7\u00e3o de alerg\u00e9nios em alimentos e nas linhas de produ\u00e7\u00e3o, utilizamos t\u00e9cnicas de rotina como ELISA, Fluxo Lateral e PCR em tempo real. Todas essas tecnologias est\u00e3o dispon\u00edveis em nosso cat\u00e1logo e t\u00eam demonstrado efic\u00e1cia em uma ampla variedade de matrizes. Oferecemos uma linha completa de produtos para a determina\u00e7\u00e3o e quantifica\u00e7\u00e3o de alerg\u00e9nios: qPCR (PCR em tempo real): Kits de extra\u00e7\u00e3o de DNA: fornecem DNA livre de inibidores de PCR a partir de amostras grandes e representativas, tanto de origem vegetal como animal. Isso possibilita a dete\u00e7\u00e3o de alerg\u00e9nios em diversos tipos de matrizes, incluindo produtos semiacabados, acabados e esfrega\u00e7os ambientais. Kits de dete\u00e7\u00e3o: testes desenvolvidos e validados de acordo com as diretrizes UNI EN 15634 1 2009 para detetar o DNA do alerg\u00e9nio alvo com elevada especificidade e sensibilidade. A aus\u00eancia de reatividade cruzada foi rigorosamente testada em rela\u00e7\u00e3o a diversos ingredientes alimentares, garantindo a minimiza\u00e7\u00e3o de falsos positivos. Materiais de refer\u00eancia: garantem resultados de medi\u00e7\u00e3o compar\u00e1veis entre diferentes m\u00e9todos laboratoriais e s\u00e3o essenciais tanto para a verifica\u00e7\u00e3o de m\u00e9todos como para o controle de processos experimentais. ELISA Tiras de Fluxo lateral Materiais de refer\u00eancia: S\u00e3o amostras homog\u00eaneas com uma quantidade conhecida de alerg\u00e9nios alimentares (ISO 9001 e ISO 17034:2017) que podem ser utilizados em todas as fases do processo anal\u00edtico, tanto em m\u00e9todos imunoqu\u00edmicos (Testes de Fluxo Lateral e ELISA) quanto moleculares (PCR). Para al\u00e9m de outros alerg\u00e9nios de testagem n\u00e3o obrigat\u00f3ria, os nossos kits identificam a presen\u00e7a de 13 (dos 14) alerg\u00e9nios alimentares principais e obrigat\u00f3rios a identificar pela legisla\u00e7\u00e3o em vigor. Estes s\u00e3o o gl\u00faten, crust\u00e1ceos, ovos, peixes, amendoins, soja, leite, nozes, frutos secos, aipo, mostarda, s\u00e9samo e tremo\u00e7o. SPECIALfinder Real-Time PCR Allergens Detection Download","og_url":"https:\/\/selectingredient.pt\/en\/home\/produtos\/alergenios\/","og_site_name":"Selectingredient","article_modified_time":"2025-07-07T14:37:00+00:00","twitter_card":"summary_large_image","twitter_misc":{"Est. reading time":"2 minutes"},"schema":{"@context":"https:\/\/schema.org","@graph":[{"@type":"WebPage","@id":"https:\/\/selectingredient.pt\/home\/produtos\/alergenios\/","url":"https:\/\/selectingredient.pt\/home\/produtos\/alergenios\/","name":"Allergens - Selectingredient","isPartOf":{"@id":"https:\/\/selectingredient.pt\/#website"},"datePublished":"2024-11-14T15:47:48+00:00","dateModified":"2025-07-07T14:37:00+00:00","breadcrumb":{"@id":"https:\/\/selectingredient.pt\/home\/produtos\/alergenios\/#breadcrumb"},"inLanguage":"en-US","potentialAction":[{"@type":"ReadAction","target":["https:\/\/selectingredient.pt\/home\/produtos\/alergenios\/"]}]},{"@type":"BreadcrumbList","@id":"https:\/\/selectingredient.pt\/home\/produtos\/alergenios\/#breadcrumb","itemListElement":[{"@type":"ListItem","position":1,"name":"Home","item":"https:\/\/selectingredient.pt\/"},{"@type":"ListItem","position":2,"name":"Produtos","item":"https:\/\/selectingredient.pt\/home\/produtos\/"},{"@type":"ListItem","position":3,"name":"Alerg\u00e9nios"}]},{"@type":"WebSite","@id":"https:\/\/selectingredient.pt\/#website","url":"https:\/\/selectingredient.pt\/","name":"Selectingredient","description":"Select Ingredient","publisher":{"@id":"https:\/\/selectingredient.pt\/#organization"},"potentialAction":[{"@type":"SearchAction","target":{"@type":"EntryPoint","urlTemplate":"https:\/\/selectingredient.pt\/?s={search_term_string}"},"query-input":{"@type":"PropertyValueSpecification","valueRequired":true,"valueName":"search_term_string"}}],"inLanguage":"en-US"},{"@type":"Organization","@id":"https:\/\/selectingredient.pt\/#organization","name":"Selectingredient","url":"https:\/\/selectingredient.pt\/","logo":{"@type":"ImageObject","inLanguage":"en-US","@id":"https:\/\/selectingredient.pt\/#\/schema\/logo\/image\/","url":"https:\/\/selectingredient.pt\/wp-content\/uploads\/2018\/10\/logo_trans.png","contentUrl":"https:\/\/selectingredient.pt\/wp-content\/uploads\/2018\/10\/logo_trans.png","width":250,"height":184,"caption":"Selectingredient"},"image":{"@id":"https:\/\/selectingredient.pt\/#\/schema\/logo\/image\/"}}]}},"_links":{"self":[{"href":"https:\/\/selectingredient.pt\/en\/wp-json\/wp\/v2\/pages\/1398","targetHints":{"allow":["GET"]}}],"collection":[{"href":"https:\/\/selectingredient.pt\/en\/wp-json\/wp\/v2\/pages"}],"about":[{"href":"https:\/\/selectingredient.pt\/en\/wp-json\/wp\/v2\/types\/page"}],"author":[{"embeddable":true,"href":"https:\/\/selectingredient.pt\/en\/wp-json\/wp\/v2\/users\/1"}],"replies":[{"embeddable":true,"href":"https:\/\/selectingredient.pt\/en\/wp-json\/wp\/v2\/comments?post=1398"}],"version-history":[{"count":126,"href":"https:\/\/selectingredient.pt\/en\/wp-json\/wp\/v2\/pages\/1398\/revisions"}],"predecessor-version":[{"id":2814,"href":"https:\/\/selectingredient.pt\/en\/wp-json\/wp\/v2\/pages\/1398\/revisions\/2814"}],"up":[{"embeddable":true,"href":"https:\/\/selectingredient.pt\/en\/wp-json\/wp\/v2\/pages\/840"}],"wp:attachment":[{"href":"https:\/\/selectingredient.pt\/en\/wp-json\/wp\/v2\/media?parent=1398"}],"curies":[{"name":"wp","href":"https:\/\/api.w.org\/{rel}","templated":true}]}}