{"id":1853,"date":"2024-11-26T10:43:18","date_gmt":"2024-11-26T10:43:18","guid":{"rendered":"https:\/\/selectingredient.pt\/?page_id=1853"},"modified":"2025-07-07T14:42:53","modified_gmt":"2025-07-07T14:42:53","slug":"organismos-geneticamente-modificados","status":"publish","type":"page","link":"https:\/\/selectingredient.pt\/en\/home\/produtos\/organismos-geneticamente-modificados\/","title":{"rendered":"Genetically Modified Organisms"},"content":{"rendered":"<div data-elementor-type=\"wp-page\" data-elementor-id=\"1853\" class=\"elementor elementor-1853\" data-elementor-post-type=\"page\">\n\t\t\t\t<div class=\"elementor-element elementor-element-a839057 e-con-full e-flex e-con e-parent\" data-id=\"a839057\" data-element_type=\"container\" data-settings=\"{&quot;background_background&quot;:&quot;slideshow&quot;,&quot;background_slideshow_gallery&quot;:[{&quot;id&quot;:543,&quot;url&quot;:&quot;http:\\\/\\\/selectingredient.pt\\\/wp-content\\\/uploads\\\/2024\\\/10\\\/organismos-geneticamente-modificados.jpg&quot;}],&quot;background_slideshow_loop&quot;:&quot;yes&quot;,&quot;background_slideshow_slide_duration&quot;:5000,&quot;background_slideshow_slide_transition&quot;:&quot;fade&quot;,&quot;background_slideshow_transition_duration&quot;:500}\">\n\t\t\t\t<div class=\"elementor-element elementor-element-633cf1a elementor-widget elementor-widget-heading\" data-id=\"633cf1a\" data-element_type=\"widget\" data-widget_type=\"heading.default\">\n\t\t\t\t<div class=\"elementor-widget-container\">\n\t\t\t\t\t<div class=\"elementor-heading-title elementor-size-default\">Genetically Modified Organisms<\/div>\t\t\t\t<\/div>\n\t\t\t\t<\/div>\n\t\t\t\t<\/div>\n\t\t<div class=\"elementor-element elementor-element-0ff91f8 e-flex e-con-boxed e-con e-parent\" data-id=\"0ff91f8\" data-element_type=\"container\" data-settings=\"{&quot;background_background&quot;:&quot;classic&quot;}\">\n\t\t\t\t\t<div class=\"e-con-inner\">\n\t\t\t\t<div class=\"elementor-element elementor-element-3afe805 elementor-widget elementor-widget-breadcrumbs\" data-id=\"3afe805\" data-element_type=\"widget\" id=\"breadcrumbs\" data-widget_type=\"breadcrumbs.default\">\n\t\t\t\t<div class=\"elementor-widget-container\">\n\t\t\t\t\t<p id=\"breadcrumbs\"><\/p>\t\t\t\t<\/div>\n\t\t\t\t<\/div>\n\t\t\t\t<div class=\"elementor-element elementor-element-be261df elementor-widget elementor-widget-heading\" data-id=\"be261df\" data-element_type=\"widget\" data-widget_type=\"heading.default\">\n\t\t\t\t<div class=\"elementor-widget-container\">\n\t\t\t\t\t<h1 class=\"elementor-heading-title elementor-size-default\">Genetically Modified Organisms (GMOs)<\/h1>\t\t\t\t<\/div>\n\t\t\t\t<\/div>\n\t\t\t\t<div class=\"elementor-element elementor-element-e2452d7 elementor-widget elementor-widget-text-editor\" data-id=\"e2452d7\" data-element_type=\"widget\" data-widget_type=\"text-editor.default\">\n\t\t\t\t<div class=\"elementor-widget-container\">\n\t\t\t\t\t\t\t\t\t<p>Commercially available GMOs are organisms, such as plants, animals or micro-organisms, whose genetic material has been altered using genetic engineering techniques to introduce desired characteristics. Their adoption is growing, as it reflects substantial improvements in productivity. Ensuring that GMOs are safe for human and animal consumption is crucial to protecting public health, and their control helps to monitor their potential effects on the environment.<\/p>\n<p>The need to monitor and verify the presence and quantity of GMOs in agricultural crops (corn, soy, cotton, rice), animals, fish and bacteria and in the products derived from them has generated a search for analytical methods capable of detecting, identifying and quantifying both the introduced DNA and the protein(s) expressed in transgenic organisms.<br><br><b>SelectIngredient offers:<\/b><\/p>\n<ul><li style=\"list-style-type: none;\"><ul><li><b>detection kits<\/b> of GMOs by qPCR, ELISA and Lateral Flow Strips<\/li>\n<li><b>Reference materials<\/b> for the quantification of detected GMOs<\/li>\n<\/ul>\n<\/li>\n<\/ul>\n<p><br>These kits enable the detection and quantification of GMOs in a wide range of matrices, such as corn, soy, cotton, rice, potatoes, wheat, fish, plants, seeds and bulk grains.<\/p>\t\t\t\t\t\t\t\t<\/div>\n\t\t\t\t<\/div>\n\t\t\t\t\t<\/div>\n\t\t\t\t<\/div>\n\t\t<div class=\"elementor-element elementor-element-db6ed67 e-flex e-con-boxed e-con e-parent\" data-id=\"db6ed67\" data-element_type=\"container\" data-settings=\"{&quot;background_background&quot;:&quot;classic&quot;}\">\n\t\t\t\t\t<div class=\"e-con-inner\">\n\t\t\t\t<div class=\"elementor-element elementor-element-913a3f1 elementor-widget elementor-widget-heading\" data-id=\"913a3f1\" data-element_type=\"widget\" data-widget_type=\"heading.default\">\n\t\t\t\t<div class=\"elementor-widget-container\">\n\t\t\t\t\t<h2 class=\"elementor-heading-title elementor-size-default\">\n                                        \n                                        \n                                        \n                                        \n                                        <\/h2>\t\t\t\t<\/div>\n\t\t\t\t<\/div>\n\t\t\t\t<div class=\"elementor-element elementor-element-d272ac8 elementor-hidden-mobile elementor-widget elementor-widget-html\" data-id=\"d272ac8\" data-element_type=\"widget\" data-widget_type=\"html.default\">\n\t\t\t\t<div class=\"elementor-widget-container\">\n\t\t\t\t\t<svg width=\"17\" height=\"22\" viewbox=\"0 0 17 22\" fill=\"none\" xmlns=\"http:\/\/www.w3.org\/2000\/svg\">\r\n                                        <path d=\"M11 1H2.5C1.96957 1 1.46086 1.21071 1.08579 1.58579C0.710714 1.96086                                        0.5 2.46957 0.5 3V19C0.5 19.5304 0.710714 20.0391 1.08579                                        20.4142C1.46086 20.7893                                        1.96957 21 2.5 21H14.5C15.0304 21 15.5391 20.7893 15.9142                                        20.4142C16.2893 20.0391                                        16.5 19.5304 16.5 19V6.5L11 1Z\" stroke=\"black\" stroke-linecap=\"round\" stroke-linejoin=\"round\"><\/path>\r\n                                        <path d=\"M10.5 1V7H16.5\" stroke=\"black\" stroke-linecap=\"round\" stroke-linejoin=\"round\"><\/path>\r\n                                        <path d=\"M12.5 12H4.5\" stroke=\"black\" stroke-linecap=\"round\" stroke-linejoin=\"round\"><\/path>\r\n                                        <path d=\"M12.5 16H4.5\" stroke=\"black\" stroke-linecap=\"round\" stroke-linejoin=\"round\"><\/path>\r\n                                        <path d=\"M6.5 8H4.5\" stroke=\"black\" stroke-linecap=\"round\" stroke-linejoin=\"round\"><\/path><\/svg>\t\t\t\t<\/div>\n\t\t\t\t<\/div>\n\t\t<div class=\"elementor-element elementor-element-2c3705b e-con-full e-flex e-con e-child\" data-id=\"2c3705b\" data-element_type=\"container\">\n\t\t\t\t<div class=\"elementor-element elementor-element-645fab6 elementor-widget elementor-widget-heading\" data-id=\"645fab6\" data-element_type=\"widget\" data-widget_type=\"heading.default\">\n\t\t\t\t<div class=\"elementor-widget-container\">\n\t\t\t\t\t<h2 class=\"elementor-heading-title elementor-size-default\">MODIfinder Genetically Modified Organisms<\/h2>\t\t\t\t<\/div>\n\t\t\t\t<\/div>\n\t\t\t\t<div class=\"elementor-element elementor-element-2828111 elementor-mobile-align-left elementor-widget elementor-widget-button\" data-id=\"2828111\" data-element_type=\"widget\" data-widget_type=\"button.default\">\n\t\t\t\t<div class=\"elementor-widget-container\">\n\t\t\t\t\t\t\t\t\t<div class=\"elementor-button-wrapper\">\n\t\t\t\t\t<a class=\"elementor-button elementor-button-link elementor-size-sm\" href=\"https:\/\/selectingredientbucket.s3.us-east-1.amazonaws.com\/Generon+OGMs.pdf\" target=\"_blank\">\n\t\t\t\t\t\t<span class=\"elementor-button-content-wrapper\">\n\t\t\t\t\t\t\t\t\t<span class=\"elementor-button-text\">Download<\/span>\n\t\t\t\t\t<\/span>\n\t\t\t\t\t<\/a>\n\t\t\t\t<\/div>\n\t\t\t\t\t\t\t\t<\/div>\n\t\t\t\t<\/div>\n\t\t\t\t<\/div>\n\t\t\t\t\t<\/div>\n\t\t\t\t<\/div>\n\t\t\t\t<\/div>","protected":false},"excerpt":{"rendered":"<p>Genetically Modified Organisms Genetically Modified Organisms (GMOs) Commercially available GMOs are organisms, such as plants, animals or micro-organisms, whose genetic material has been altered using genetic engineering techniques to introduce desired characteristics. Their adoption is growing, as it reflects substantial improvements in productivity. Ensuring that GMOs are safe for human and animal consumption is crucial to protecting public health, and their control helps to monitor their potential effects on the environment. The need to monitor and verify the presence and quantity of GMOs in agricultural crops (corn, soy, cotton, rice), animals, fish and bacteria and in the products derived from them has generated a demand for analytical methods capable of detecting, identifying and quantifying both the introduced DNA and the protein(s) expressed in transgenic organisms. SelectIngredient offers: GMO detection kits by qPCR, ELISA and Lateral Flow Strips Reference materials for the quantification of detected GMOs These kits allow the detection and quantification of GMOs in a wide range of matrices, such as corn, soy, cotton, rice, potatoes, wheat, fish, plants, seeds and bulk grains. MODIfinder Genetically Modified Organisms Download<\/p>","protected":false},"author":1,"featured_media":0,"parent":840,"menu_order":0,"comment_status":"closed","ping_status":"closed","template":"","meta":{"footnotes":""},"class_list":["post-1853","page","type-page","status-publish","hentry"],"yoast_head":"<!-- This site is optimized with the Yoast SEO plugin v26.0 - https:\/\/yoast.com\/wordpress\/plugins\/seo\/ -->\n<title>Organismos Geneticamente Modificados - Selectingredient<\/title>\n<meta name=\"robots\" content=\"index, follow, max-snippet:-1, max-image-preview:large, max-video-preview:-1\" \/>\n<link rel=\"canonical\" href=\"https:\/\/selectingredient.pt\/en\/home\/produtos\/organismos-geneticamente-modificados\/\" \/>\n<meta property=\"og:locale\" content=\"en_US\" \/>\n<meta property=\"og:type\" content=\"article\" \/>\n<meta property=\"og:title\" content=\"Organismos Geneticamente Modificados - Selectingredient\" \/>\n<meta property=\"og:description\" content=\"Organismos Geneticamente Modificados Organismos Geneticamente Modificados (OGM) Os OGM comercialmente dispon\u00edveis s\u00e3o organismos, como plantas, animais ou micro-organismos, cujo material gen\u00e9tico foi alterado usando t\u00e9cnicas de engenharia gen\u00e9tica para introduzir caracter\u00edsticas desejadas. A sua ado\u00e7\u00e3o est\u00e1 a crescer, uma vez que reflete melhorias substanciais na produtividade. Garantir que os OGMs sejam seguros para consumo humano e animal \u00e9 crucial para proteger a sa\u00fade p\u00fablica, al\u00e9m de o seu controle ajudar a monitorizar os seus efeitos potenciais no meio ambiente. A necessidade de monitorizar e verificar a presen\u00e7a e a quantidade de OGM nas culturas agr\u00edcolas (milho, soja, algod\u00e3o, arroz), animais, peixes e bact\u00e9rias e nos produtos delas derivados tem gerado uma procura de m\u00e9todos anal\u00edticos capazes de detetar, identificar e quantificar quer o DNA introduzido quer a(s) prote\u00edna(s) expressa(s) nos organismos transg\u00e9nicos. A SelectIngredient oferece: kits de dete\u00e7\u00e3o de OGMs por qPCR, ELISA e Tiras de Fluxo Lateral Materiais de refer\u00eancia para quantifica\u00e7\u00e3o dos OGMs detetados Estes kits permitem a dete\u00e7\u00e3o e quantifica\u00e7\u00e3o de OGMs em uma ampla gama de matrizes, tais como milho, soja, algod\u00e3o, arroz, batatas, trigo, peixes, plantas, sementes e gr\u00e3os a granel. MODIfinder Genetically Modified Organisms Download\" \/>\n<meta property=\"og:url\" content=\"https:\/\/selectingredient.pt\/en\/home\/produtos\/organismos-geneticamente-modificados\/\" \/>\n<meta property=\"og:site_name\" content=\"Selectingredient\" \/>\n<meta property=\"article:modified_time\" content=\"2025-07-07T14:42:53+00:00\" \/>\n<meta name=\"twitter:card\" content=\"summary_large_image\" \/>\n<meta name=\"twitter:label1\" content=\"Est. reading time\" \/>\n\t<meta name=\"twitter:data1\" content=\"2 minutes\" \/>\n<script type=\"application\/ld+json\" class=\"yoast-schema-graph\">{\"@context\":\"https:\/\/schema.org\",\"@graph\":[{\"@type\":\"WebPage\",\"@id\":\"https:\/\/selectingredient.pt\/home\/produtos\/organismos-geneticamente-modificados\/\",\"url\":\"https:\/\/selectingredient.pt\/home\/produtos\/organismos-geneticamente-modificados\/\",\"name\":\"Organismos Geneticamente Modificados - Selectingredient\",\"isPartOf\":{\"@id\":\"https:\/\/selectingredient.pt\/#website\"},\"datePublished\":\"2024-11-26T10:43:18+00:00\",\"dateModified\":\"2025-07-07T14:42:53+00:00\",\"breadcrumb\":{\"@id\":\"https:\/\/selectingredient.pt\/home\/produtos\/organismos-geneticamente-modificados\/#breadcrumb\"},\"inLanguage\":\"en-US\",\"potentialAction\":[{\"@type\":\"ReadAction\",\"target\":[\"https:\/\/selectingredient.pt\/home\/produtos\/organismos-geneticamente-modificados\/\"]}]},{\"@type\":\"BreadcrumbList\",\"@id\":\"https:\/\/selectingredient.pt\/home\/produtos\/organismos-geneticamente-modificados\/#breadcrumb\",\"itemListElement\":[{\"@type\":\"ListItem\",\"position\":1,\"name\":\"Home\",\"item\":\"https:\/\/selectingredient.pt\/\"},{\"@type\":\"ListItem\",\"position\":2,\"name\":\"Produtos\",\"item\":\"https:\/\/selectingredient.pt\/home\/produtos\/\"},{\"@type\":\"ListItem\",\"position\":3,\"name\":\"Organismos Geneticamente Modificados\"}]},{\"@type\":\"WebSite\",\"@id\":\"https:\/\/selectingredient.pt\/#website\",\"url\":\"https:\/\/selectingredient.pt\/\",\"name\":\"Selectingredient\",\"description\":\"Select Ingredient\",\"publisher\":{\"@id\":\"https:\/\/selectingredient.pt\/#organization\"},\"potentialAction\":[{\"@type\":\"SearchAction\",\"target\":{\"@type\":\"EntryPoint\",\"urlTemplate\":\"https:\/\/selectingredient.pt\/?s={search_term_string}\"},\"query-input\":{\"@type\":\"PropertyValueSpecification\",\"valueRequired\":true,\"valueName\":\"search_term_string\"}}],\"inLanguage\":\"en-US\"},{\"@type\":\"Organization\",\"@id\":\"https:\/\/selectingredient.pt\/#organization\",\"name\":\"Selectingredient\",\"url\":\"https:\/\/selectingredient.pt\/\",\"logo\":{\"@type\":\"ImageObject\",\"inLanguage\":\"en-US\",\"@id\":\"https:\/\/selectingredient.pt\/#\/schema\/logo\/image\/\",\"url\":\"https:\/\/selectingredient.pt\/wp-content\/uploads\/2018\/10\/logo_trans.png\",\"contentUrl\":\"https:\/\/selectingredient.pt\/wp-content\/uploads\/2018\/10\/logo_trans.png\",\"width\":250,\"height\":184,\"caption\":\"Selectingredient\"},\"image\":{\"@id\":\"https:\/\/selectingredient.pt\/#\/schema\/logo\/image\/\"}}]}<\/script>\n<!-- \/ Yoast SEO plugin. -->","yoast_head_json":{"title":"Organismos Geneticamente Modificados - Selectingredient","robots":{"index":"index","follow":"follow","max-snippet":"max-snippet:-1","max-image-preview":"max-image-preview:large","max-video-preview":"max-video-preview:-1"},"canonical":"https:\/\/selectingredient.pt\/en\/home\/produtos\/organismos-geneticamente-modificados\/","og_locale":"en_US","og_type":"article","og_title":"Organismos Geneticamente Modificados - Selectingredient","og_description":"Organismos Geneticamente Modificados Organismos Geneticamente Modificados (OGM) Os OGM comercialmente dispon\u00edveis s\u00e3o organismos, como plantas, animais ou micro-organismos, cujo material gen\u00e9tico foi alterado usando t\u00e9cnicas de engenharia gen\u00e9tica para introduzir caracter\u00edsticas desejadas. A sua ado\u00e7\u00e3o est\u00e1 a crescer, uma vez que reflete melhorias substanciais na produtividade. Garantir que os OGMs sejam seguros para consumo humano e animal \u00e9 crucial para proteger a sa\u00fade p\u00fablica, al\u00e9m de o seu controle ajudar a monitorizar os seus efeitos potenciais no meio ambiente. A necessidade de monitorizar e verificar a presen\u00e7a e a quantidade de OGM nas culturas agr\u00edcolas (milho, soja, algod\u00e3o, arroz), animais, peixes e bact\u00e9rias e nos produtos delas derivados tem gerado uma procura de m\u00e9todos anal\u00edticos capazes de detetar, identificar e quantificar quer o DNA introduzido quer a(s) prote\u00edna(s) expressa(s) nos organismos transg\u00e9nicos. A SelectIngredient oferece: kits de dete\u00e7\u00e3o de OGMs por qPCR, ELISA e Tiras de Fluxo Lateral Materiais de refer\u00eancia para quantifica\u00e7\u00e3o dos OGMs detetados Estes kits permitem a dete\u00e7\u00e3o e quantifica\u00e7\u00e3o de OGMs em uma ampla gama de matrizes, tais como milho, soja, algod\u00e3o, arroz, batatas, trigo, peixes, plantas, sementes e gr\u00e3os a granel. MODIfinder Genetically Modified Organisms Download","og_url":"https:\/\/selectingredient.pt\/en\/home\/produtos\/organismos-geneticamente-modificados\/","og_site_name":"Selectingredient","article_modified_time":"2025-07-07T14:42:53+00:00","twitter_card":"summary_large_image","twitter_misc":{"Est. reading time":"2 minutes"},"schema":{"@context":"https:\/\/schema.org","@graph":[{"@type":"WebPage","@id":"https:\/\/selectingredient.pt\/home\/produtos\/organismos-geneticamente-modificados\/","url":"https:\/\/selectingredient.pt\/home\/produtos\/organismos-geneticamente-modificados\/","name":"Organismos Geneticamente Modificados - Selectingredient","isPartOf":{"@id":"https:\/\/selectingredient.pt\/#website"},"datePublished":"2024-11-26T10:43:18+00:00","dateModified":"2025-07-07T14:42:53+00:00","breadcrumb":{"@id":"https:\/\/selectingredient.pt\/home\/produtos\/organismos-geneticamente-modificados\/#breadcrumb"},"inLanguage":"en-US","potentialAction":[{"@type":"ReadAction","target":["https:\/\/selectingredient.pt\/home\/produtos\/organismos-geneticamente-modificados\/"]}]},{"@type":"BreadcrumbList","@id":"https:\/\/selectingredient.pt\/home\/produtos\/organismos-geneticamente-modificados\/#breadcrumb","itemListElement":[{"@type":"ListItem","position":1,"name":"Home","item":"https:\/\/selectingredient.pt\/"},{"@type":"ListItem","position":2,"name":"Produtos","item":"https:\/\/selectingredient.pt\/home\/produtos\/"},{"@type":"ListItem","position":3,"name":"Organismos Geneticamente Modificados"}]},{"@type":"WebSite","@id":"https:\/\/selectingredient.pt\/#website","url":"https:\/\/selectingredient.pt\/","name":"Selectingredient","description":"Select Ingredient","publisher":{"@id":"https:\/\/selectingredient.pt\/#organization"},"potentialAction":[{"@type":"SearchAction","target":{"@type":"EntryPoint","urlTemplate":"https:\/\/selectingredient.pt\/?s={search_term_string}"},"query-input":{"@type":"PropertyValueSpecification","valueRequired":true,"valueName":"search_term_string"}}],"inLanguage":"en-US"},{"@type":"Organization","@id":"https:\/\/selectingredient.pt\/#organization","name":"Selectingredient","url":"https:\/\/selectingredient.pt\/","logo":{"@type":"ImageObject","inLanguage":"en-US","@id":"https:\/\/selectingredient.pt\/#\/schema\/logo\/image\/","url":"https:\/\/selectingredient.pt\/wp-content\/uploads\/2018\/10\/logo_trans.png","contentUrl":"https:\/\/selectingredient.pt\/wp-content\/uploads\/2018\/10\/logo_trans.png","width":250,"height":184,"caption":"Selectingredient"},"image":{"@id":"https:\/\/selectingredient.pt\/#\/schema\/logo\/image\/"}}]}},"_links":{"self":[{"href":"https:\/\/selectingredient.pt\/en\/wp-json\/wp\/v2\/pages\/1853","targetHints":{"allow":["GET"]}}],"collection":[{"href":"https:\/\/selectingredient.pt\/en\/wp-json\/wp\/v2\/pages"}],"about":[{"href":"https:\/\/selectingredient.pt\/en\/wp-json\/wp\/v2\/types\/page"}],"author":[{"embeddable":true,"href":"https:\/\/selectingredient.pt\/en\/wp-json\/wp\/v2\/users\/1"}],"replies":[{"embeddable":true,"href":"https:\/\/selectingredient.pt\/en\/wp-json\/wp\/v2\/comments?post=1853"}],"version-history":[{"count":37,"href":"https:\/\/selectingredient.pt\/en\/wp-json\/wp\/v2\/pages\/1853\/revisions"}],"predecessor-version":[{"id":2820,"href":"https:\/\/selectingredient.pt\/en\/wp-json\/wp\/v2\/pages\/1853\/revisions\/2820"}],"up":[{"embeddable":true,"href":"https:\/\/selectingredient.pt\/en\/wp-json\/wp\/v2\/pages\/840"}],"wp:attachment":[{"href":"https:\/\/selectingredient.pt\/en\/wp-json\/wp\/v2\/media?parent=1853"}],"curies":[{"name":"wp","href":"https:\/\/api.w.org\/{rel}","templated":true}]}}