{"id":1871,"date":"2024-11-26T11:13:24","date_gmt":"2024-11-26T11:13:24","guid":{"rendered":"https:\/\/selectingredient.pt\/?page_id=1871"},"modified":"2025-07-07T14:45:07","modified_gmt":"2025-07-07T14:45:07","slug":"diagnosticos-veterinarios","status":"publish","type":"page","link":"https:\/\/selectingredient.pt\/en\/home\/produtos\/diagnosticos-veterinarios\/","title":{"rendered":"Veterinary Diagnostics"},"content":{"rendered":"<div data-elementor-type=\"wp-page\" data-elementor-id=\"1871\" class=\"elementor elementor-1871\" data-elementor-post-type=\"page\">\n\t\t\t\t<div class=\"elementor-element elementor-element-a839057 e-con-full e-flex e-con e-parent\" data-id=\"a839057\" data-element_type=\"container\" data-settings=\"{&quot;background_background&quot;:&quot;slideshow&quot;,&quot;background_slideshow_gallery&quot;:[{&quot;id&quot;:565,&quot;url&quot;:&quot;http:\\\/\\\/selectingredient.pt\\\/wp-content\\\/uploads\\\/2024\\\/10\\\/diagnostico-veterinario.jpg&quot;}],&quot;background_slideshow_loop&quot;:&quot;yes&quot;,&quot;background_slideshow_slide_duration&quot;:5000,&quot;background_slideshow_slide_transition&quot;:&quot;fade&quot;,&quot;background_slideshow_transition_duration&quot;:500}\">\n\t\t\t\t<div class=\"elementor-element elementor-element-633cf1a elementor-widget elementor-widget-heading\" data-id=\"633cf1a\" data-element_type=\"widget\" data-widget_type=\"heading.default\">\n\t\t\t\t<div class=\"elementor-widget-container\">\n\t\t\t\t\t<div class=\"elementor-heading-title elementor-size-default\">Veterinary Diagnostics<\/div>\t\t\t\t<\/div>\n\t\t\t\t<\/div>\n\t\t\t\t<\/div>\n\t\t<div class=\"elementor-element elementor-element-0ff91f8 e-flex e-con-boxed e-con e-parent\" data-id=\"0ff91f8\" data-element_type=\"container\" data-settings=\"{&quot;background_background&quot;:&quot;classic&quot;}\">\n\t\t\t\t\t<div class=\"e-con-inner\">\n\t\t\t\t<div class=\"elementor-element elementor-element-3afe805 elementor-widget elementor-widget-breadcrumbs\" data-id=\"3afe805\" data-element_type=\"widget\" id=\"breadcrumbs\" data-widget_type=\"breadcrumbs.default\">\n\t\t\t\t<div class=\"elementor-widget-container\">\n\t\t\t\t\t<p id=\"breadcrumbs\"><\/p>\t\t\t\t<\/div>\n\t\t\t\t<\/div>\n\t\t\t\t<div class=\"elementor-element elementor-element-be261df elementor-widget elementor-widget-heading\" data-id=\"be261df\" data-element_type=\"widget\" data-widget_type=\"heading.default\">\n\t\t\t\t<div class=\"elementor-widget-container\">\n\t\t\t\t\t<h1 class=\"elementor-heading-title elementor-size-default\">Veterinary Diagnostics<\/h1>\t\t\t\t<\/div>\n\t\t\t\t<\/div>\n\t\t\t\t<div class=\"elementor-element elementor-element-e2452d7 elementor-widget elementor-widget-text-editor\" data-id=\"e2452d7\" data-element_type=\"widget\" data-widget_type=\"text-editor.default\">\n\t\t\t\t<div class=\"elementor-widget-container\">\n\t\t\t\t\t\t\t\t\t<p>In the meat and dairy industry, animal health diagnosis is crucial. Some diseases drastically reduce the reproductive or growth rate of animals, while others can lead to the slaughter of entire herds due to eradication programs.<\/p><p>SelectIngredient supplies ELISA, PCR and qPCR diagnostic kits for the detection of infectious diseases affecting farm animals. Our practical and reliable test kits use high-quality reagents and are used to diagnose diseases caused by bacteria, viruses, fungi and parasites.<\/p><p>Diagnostic tests are carried out by taking samples of blood, feces and other animal tissues and then detecting the targets using immunochemical (ELISA) or molecular (qPCR) methods. In the latter case, a suitable method must be implemented for the extraction of nucleic acids (DNA and\/or RNA), which SelectIngredient also supplies.<\/p>\t\t\t\t\t\t\t\t<\/div>\n\t\t\t\t<\/div>\n\t\t\t\t\t<\/div>\n\t\t\t\t<\/div>\n\t\t<div class=\"elementor-element elementor-element-db6ed67 e-flex e-con-boxed e-con e-parent\" data-id=\"db6ed67\" data-element_type=\"container\" data-settings=\"{&quot;background_background&quot;:&quot;classic&quot;}\">\n\t\t\t\t\t<div class=\"e-con-inner\">\n\t\t\t\t<div class=\"elementor-element elementor-element-d272ac8 elementor-hidden-mobile elementor-widget elementor-widget-html\" data-id=\"d272ac8\" data-element_type=\"widget\" data-widget_type=\"html.default\">\n\t\t\t\t<div class=\"elementor-widget-container\">\n\t\t\t\t\t<svg width=\"17\" height=\"22\" viewbox=\"0 0 17 22\" fill=\"none\" xmlns=\"http:\/\/www.w3.org\/2000\/svg\">\r\n                                        <path d=\"M11 1H2.5C1.96957 1 1.46086 1.21071 1.08579 1.58579C0.710714 1.96086                                        0.5 2.46957 0.5 3V19C0.5 19.5304 0.710714 20.0391 1.08579                                        20.4142C1.46086 20.7893                                        1.96957 21 2.5 21H14.5C15.0304 21 15.5391 20.7893 15.9142                                        20.4142C16.2893 20.0391                                        16.5 19.5304 16.5 19V6.5L11 1Z\" stroke=\"black\" stroke-linecap=\"round\" stroke-linejoin=\"round\"><\/path>\r\n                                        <path d=\"M10.5 1V7H16.5\" stroke=\"black\" stroke-linecap=\"round\" stroke-linejoin=\"round\"><\/path>\r\n                                        <path d=\"M12.5 12H4.5\" stroke=\"black\" stroke-linecap=\"round\" stroke-linejoin=\"round\"><\/path>\r\n                                        <path d=\"M12.5 16H4.5\" stroke=\"black\" stroke-linecap=\"round\" stroke-linejoin=\"round\"><\/path>\r\n                                        <path d=\"M6.5 8H4.5\" stroke=\"black\" stroke-linecap=\"round\" stroke-linejoin=\"round\"><\/path><\/svg>\t\t\t\t<\/div>\n\t\t\t\t<\/div>\n\t\t<div class=\"elementor-element elementor-element-2c3705b e-con-full e-flex e-con e-child\" data-id=\"2c3705b\" data-element_type=\"container\">\n\t\t\t\t<div class=\"elementor-element elementor-element-645fab6 elementor-widget elementor-widget-heading\" data-id=\"645fab6\" data-element_type=\"widget\" data-widget_type=\"heading.default\">\n\t\t\t\t<div class=\"elementor-widget-container\">\n\t\t\t\t\t<h2 class=\"elementor-heading-title elementor-size-default\">FAST Avian Sexing Test<\/h2>\t\t\t\t<\/div>\n\t\t\t\t<\/div>\n\t\t\t\t<div class=\"elementor-element elementor-element-2828111 elementor-mobile-align-left elementor-widget elementor-widget-button\" data-id=\"2828111\" data-element_type=\"widget\" data-widget_type=\"button.default\">\n\t\t\t\t<div class=\"elementor-widget-container\">\n\t\t\t\t\t\t\t\t\t<div class=\"elementor-button-wrapper\">\n\t\t\t\t\t<a class=\"elementor-button elementor-button-link elementor-size-sm\" href=\"https:\/\/selectingredientbucket.s3.us-east-1.amazonaws.com\/Diatheva+sex-Aviane.pdf\" target=\"_blank\">\n\t\t\t\t\t\t<span class=\"elementor-button-content-wrapper\">\n\t\t\t\t\t\t\t\t\t<span class=\"elementor-button-text\">Download<\/span>\n\t\t\t\t\t<\/span>\n\t\t\t\t\t<\/a>\n\t\t\t\t<\/div>\n\t\t\t\t\t\t\t\t<\/div>\n\t\t\t\t<\/div>\n\t\t\t\t<\/div>\n\t\t\t\t\t<\/div>\n\t\t\t\t<\/div>\n\t\t<div class=\"elementor-element elementor-element-c0ad1e2 e-flex e-con-boxed e-con e-parent\" data-id=\"c0ad1e2\" data-element_type=\"container\" data-settings=\"{&quot;background_background&quot;:&quot;classic&quot;}\">\n\t\t\t\t\t<div class=\"e-con-inner\">\n\t\t\t\t<div class=\"elementor-element elementor-element-982a0fc elementor-hidden-mobile elementor-widget elementor-widget-html\" data-id=\"982a0fc\" data-element_type=\"widget\" data-widget_type=\"html.default\">\n\t\t\t\t<div class=\"elementor-widget-container\">\n\t\t\t\t\t<svg width=\"17\" height=\"22\" viewbox=\"0 0 17 22\" fill=\"none\" xmlns=\"http:\/\/www.w3.org\/2000\/svg\">\r\n                                        <path d=\"M11 1H2.5C1.96957 1 1.46086 1.21071 1.08579 1.58579C0.710714 1.96086                                        0.5 2.46957 0.5 3V19C0.5 19.5304 0.710714 20.0391 1.08579                                        20.4142C1.46086 20.7893                                        1.96957 21 2.5 21H14.5C15.0304 21 15.5391 20.7893 15.9142                                        20.4142C16.2893 20.0391                                        16.5 19.5304 16.5 19V6.5L11 1Z\" stroke=\"black\" stroke-linecap=\"round\" stroke-linejoin=\"round\"><\/path>\r\n                                        <path d=\"M10.5 1V7H16.5\" stroke=\"black\" stroke-linecap=\"round\" stroke-linejoin=\"round\"><\/path>\r\n                                        <path d=\"M12.5 12H4.5\" stroke=\"black\" stroke-linecap=\"round\" stroke-linejoin=\"round\"><\/path>\r\n                                        <path d=\"M12.5 16H4.5\" stroke=\"black\" stroke-linecap=\"round\" stroke-linejoin=\"round\"><\/path>\r\n                                        <path d=\"M6.5 8H4.5\" stroke=\"black\" stroke-linecap=\"round\" stroke-linejoin=\"round\"><\/path><\/svg>\t\t\t\t<\/div>\n\t\t\t\t<\/div>\n\t\t<div class=\"elementor-element elementor-element-1c0736a e-con-full e-flex e-con e-child\" data-id=\"1c0736a\" data-element_type=\"container\">\n\t\t\t\t<div class=\"elementor-element elementor-element-b2a8226 elementor-widget elementor-widget-heading\" data-id=\"b2a8226\" data-element_type=\"widget\" data-widget_type=\"heading.default\">\n\t\t\t\t<div class=\"elementor-widget-container\">\n\t\t\t\t\t<h2 class=\"elementor-heading-title elementor-size-default\">Salmonella Abortusovis Test<\/h2>\t\t\t\t<\/div>\n\t\t\t\t<\/div>\n\t\t\t\t<div class=\"elementor-element elementor-element-535d4fc elementor-mobile-align-left elementor-widget elementor-widget-button\" data-id=\"535d4fc\" data-element_type=\"widget\" data-widget_type=\"button.default\">\n\t\t\t\t<div class=\"elementor-widget-container\">\n\t\t\t\t\t\t\t\t\t<div class=\"elementor-button-wrapper\">\n\t\t\t\t\t<a class=\"elementor-button elementor-button-link elementor-size-sm\" href=\"https:\/\/selectingredientbucket.s3.us-east-1.amazonaws.com\/Dia+theva+Salmonella-Abortusovis.pdf\" target=\"_blank\">\n\t\t\t\t\t\t<span class=\"elementor-button-content-wrapper\">\n\t\t\t\t\t\t\t\t\t<span class=\"elementor-button-text\">Download<\/span>\n\t\t\t\t\t<\/span>\n\t\t\t\t\t<\/a>\n\t\t\t\t<\/div>\n\t\t\t\t\t\t\t\t<\/div>\n\t\t\t\t<\/div>\n\t\t\t\t<\/div>\n\t\t\t\t\t<\/div>\n\t\t\t\t<\/div>\n\t\t\t\t<\/div>","protected":false},"excerpt":{"rendered":"<p>Veterinary Diagnostics Veterinary Diagnostics In the meat and dairy industry, animal health diagnostics are crucial. Some diseases drastically reduce the reproductive or growth rate of animals, while others can lead to the slaughter of entire herds due to eradication programs. SelectIngredient provides ELISA, PCR and qPCR diagnostic kits for the detection of infectious diseases affecting farm animals. Our practical and reliable test kits use high-quality reagents and are used to diagnose diseases caused by bacteria, viruses, fungi and parasites. Diagnostic tests are carried out by taking samples of blood, feces and other animal tissues and then detecting the targets using immunochemical (ELISA) or molecular (qPCR) methods. In the latter case, a suitable method must be implemented for the extraction of nucleic acids (DNA and\/or RNA), which SelectIngredient also supplies. FAST Avian Sexing Test Download Salmonella Abortusovis Test Download<\/p>","protected":false},"author":1,"featured_media":0,"parent":840,"menu_order":0,"comment_status":"closed","ping_status":"closed","template":"","meta":{"footnotes":""},"class_list":["post-1871","page","type-page","status-publish","hentry"],"yoast_head":"<!-- This site is optimized with the Yoast SEO plugin v26.0 - https:\/\/yoast.com\/wordpress\/plugins\/seo\/ -->\n<title>Diagn\u00f3stico Veterin\u00e1rio - Selectingredient<\/title>\n<meta name=\"robots\" content=\"index, follow, max-snippet:-1, max-image-preview:large, max-video-preview:-1\" \/>\n<link rel=\"canonical\" href=\"https:\/\/selectingredient.pt\/en\/home\/produtos\/diagnosticos-veterinarios\/\" \/>\n<meta property=\"og:locale\" content=\"en_US\" \/>\n<meta property=\"og:type\" content=\"article\" \/>\n<meta property=\"og:title\" content=\"Diagn\u00f3stico Veterin\u00e1rio - Selectingredient\" \/>\n<meta property=\"og:description\" content=\"Diagn\u00f3stico Veterin\u00e1rio Diagn\u00f3stico Veterin\u00e1rio Na ind\u00fastria de produ\u00e7\u00e3o de carne e lactic\u00ednios, o diagn\u00f3stico de sa\u00fade animal \u00e9 crucial. Algumas doen\u00e7as reduzem drasticamente a taxa reprodutiva ou de crescimento dos animais, outras podem provocar o abate de rebanhos inteiros devido aos programas de erradica\u00e7\u00e3o. A SelectIngredient fornece kits de diagn\u00f3stico ELISA, PCR e qPCR para dete\u00e7\u00e3o de doen\u00e7as infeciosas que afetam os animais de produ\u00e7\u00e3o. Nossos kits de teste, que s\u00e3o pr\u00e1ticos e confi\u00e1veis, utilizam reagentes de alta qualidade e s\u00e3o empregues no diagn\u00f3stico de enfermidades causados por bact\u00e9rias, v\u00edrus, fungos e parasitas. Os testes de diagn\u00f3stico s\u00e3o realizados atrav\u00e9s da colheita de amostras de sangue, fezes e outros tecidos de animais e posterior dete\u00e7\u00e3o dos alvos atrav\u00e9s de m\u00e9todos imunoqu\u00edmicos (ELISA) ou moleculares (qPCR). Neste \u00faltimo caso, deve ser implementado um m\u00e9todo adequado para a extra\u00e7\u00e3o de \u00e1cidos nucleicos (DNA e\/ou RNA) que a SelectIngredient tamb\u00e9m fornece. FAST Avian Sexing Test Download Salmonella Abortusovis Test Download\" \/>\n<meta property=\"og:url\" content=\"https:\/\/selectingredient.pt\/en\/home\/produtos\/diagnosticos-veterinarios\/\" \/>\n<meta property=\"og:site_name\" content=\"Selectingredient\" \/>\n<meta property=\"article:modified_time\" content=\"2025-07-07T14:45:07+00:00\" \/>\n<meta name=\"twitter:card\" content=\"summary_large_image\" \/>\n<meta name=\"twitter:label1\" content=\"Est. reading time\" \/>\n\t<meta name=\"twitter:data1\" content=\"1 minute\" \/>\n<script type=\"application\/ld+json\" class=\"yoast-schema-graph\">{\"@context\":\"https:\/\/schema.org\",\"@graph\":[{\"@type\":\"WebPage\",\"@id\":\"https:\/\/selectingredient.pt\/home\/produtos\/diagnosticos-veterinarios\/\",\"url\":\"https:\/\/selectingredient.pt\/home\/produtos\/diagnosticos-veterinarios\/\",\"name\":\"Diagn\u00f3stico Veterin\u00e1rio - Selectingredient\",\"isPartOf\":{\"@id\":\"https:\/\/selectingredient.pt\/#website\"},\"datePublished\":\"2024-11-26T11:13:24+00:00\",\"dateModified\":\"2025-07-07T14:45:07+00:00\",\"breadcrumb\":{\"@id\":\"https:\/\/selectingredient.pt\/home\/produtos\/diagnosticos-veterinarios\/#breadcrumb\"},\"inLanguage\":\"en-US\",\"potentialAction\":[{\"@type\":\"ReadAction\",\"target\":[\"https:\/\/selectingredient.pt\/home\/produtos\/diagnosticos-veterinarios\/\"]}]},{\"@type\":\"BreadcrumbList\",\"@id\":\"https:\/\/selectingredient.pt\/home\/produtos\/diagnosticos-veterinarios\/#breadcrumb\",\"itemListElement\":[{\"@type\":\"ListItem\",\"position\":1,\"name\":\"Home\",\"item\":\"https:\/\/selectingredient.pt\/\"},{\"@type\":\"ListItem\",\"position\":2,\"name\":\"Produtos\",\"item\":\"https:\/\/selectingredient.pt\/home\/produtos\/\"},{\"@type\":\"ListItem\",\"position\":3,\"name\":\"Diagn\u00f3stico Veterin\u00e1rio\"}]},{\"@type\":\"WebSite\",\"@id\":\"https:\/\/selectingredient.pt\/#website\",\"url\":\"https:\/\/selectingredient.pt\/\",\"name\":\"Selectingredient\",\"description\":\"Select Ingredient\",\"publisher\":{\"@id\":\"https:\/\/selectingredient.pt\/#organization\"},\"potentialAction\":[{\"@type\":\"SearchAction\",\"target\":{\"@type\":\"EntryPoint\",\"urlTemplate\":\"https:\/\/selectingredient.pt\/?s={search_term_string}\"},\"query-input\":{\"@type\":\"PropertyValueSpecification\",\"valueRequired\":true,\"valueName\":\"search_term_string\"}}],\"inLanguage\":\"en-US\"},{\"@type\":\"Organization\",\"@id\":\"https:\/\/selectingredient.pt\/#organization\",\"name\":\"Selectingredient\",\"url\":\"https:\/\/selectingredient.pt\/\",\"logo\":{\"@type\":\"ImageObject\",\"inLanguage\":\"en-US\",\"@id\":\"https:\/\/selectingredient.pt\/#\/schema\/logo\/image\/\",\"url\":\"https:\/\/selectingredient.pt\/wp-content\/uploads\/2018\/10\/logo_trans.png\",\"contentUrl\":\"https:\/\/selectingredient.pt\/wp-content\/uploads\/2018\/10\/logo_trans.png\",\"width\":250,\"height\":184,\"caption\":\"Selectingredient\"},\"image\":{\"@id\":\"https:\/\/selectingredient.pt\/#\/schema\/logo\/image\/\"}}]}<\/script>\n<!-- \/ Yoast SEO plugin. -->","yoast_head_json":{"title":"Diagn\u00f3stico Veterin\u00e1rio - Selectingredient","robots":{"index":"index","follow":"follow","max-snippet":"max-snippet:-1","max-image-preview":"max-image-preview:large","max-video-preview":"max-video-preview:-1"},"canonical":"https:\/\/selectingredient.pt\/en\/home\/produtos\/diagnosticos-veterinarios\/","og_locale":"en_US","og_type":"article","og_title":"Diagn\u00f3stico Veterin\u00e1rio - Selectingredient","og_description":"Diagn\u00f3stico Veterin\u00e1rio Diagn\u00f3stico Veterin\u00e1rio Na ind\u00fastria de produ\u00e7\u00e3o de carne e lactic\u00ednios, o diagn\u00f3stico de sa\u00fade animal \u00e9 crucial. Algumas doen\u00e7as reduzem drasticamente a taxa reprodutiva ou de crescimento dos animais, outras podem provocar o abate de rebanhos inteiros devido aos programas de erradica\u00e7\u00e3o. A SelectIngredient fornece kits de diagn\u00f3stico ELISA, PCR e qPCR para dete\u00e7\u00e3o de doen\u00e7as infeciosas que afetam os animais de produ\u00e7\u00e3o. Nossos kits de teste, que s\u00e3o pr\u00e1ticos e confi\u00e1veis, utilizam reagentes de alta qualidade e s\u00e3o empregues no diagn\u00f3stico de enfermidades causados por bact\u00e9rias, v\u00edrus, fungos e parasitas. Os testes de diagn\u00f3stico s\u00e3o realizados atrav\u00e9s da colheita de amostras de sangue, fezes e outros tecidos de animais e posterior dete\u00e7\u00e3o dos alvos atrav\u00e9s de m\u00e9todos imunoqu\u00edmicos (ELISA) ou moleculares (qPCR). Neste \u00faltimo caso, deve ser implementado um m\u00e9todo adequado para a extra\u00e7\u00e3o de \u00e1cidos nucleicos (DNA e\/ou RNA) que a SelectIngredient tamb\u00e9m fornece. FAST Avian Sexing Test Download Salmonella Abortusovis Test Download","og_url":"https:\/\/selectingredient.pt\/en\/home\/produtos\/diagnosticos-veterinarios\/","og_site_name":"Selectingredient","article_modified_time":"2025-07-07T14:45:07+00:00","twitter_card":"summary_large_image","twitter_misc":{"Est. reading time":"1 minute"},"schema":{"@context":"https:\/\/schema.org","@graph":[{"@type":"WebPage","@id":"https:\/\/selectingredient.pt\/home\/produtos\/diagnosticos-veterinarios\/","url":"https:\/\/selectingredient.pt\/home\/produtos\/diagnosticos-veterinarios\/","name":"Diagn\u00f3stico Veterin\u00e1rio - Selectingredient","isPartOf":{"@id":"https:\/\/selectingredient.pt\/#website"},"datePublished":"2024-11-26T11:13:24+00:00","dateModified":"2025-07-07T14:45:07+00:00","breadcrumb":{"@id":"https:\/\/selectingredient.pt\/home\/produtos\/diagnosticos-veterinarios\/#breadcrumb"},"inLanguage":"en-US","potentialAction":[{"@type":"ReadAction","target":["https:\/\/selectingredient.pt\/home\/produtos\/diagnosticos-veterinarios\/"]}]},{"@type":"BreadcrumbList","@id":"https:\/\/selectingredient.pt\/home\/produtos\/diagnosticos-veterinarios\/#breadcrumb","itemListElement":[{"@type":"ListItem","position":1,"name":"Home","item":"https:\/\/selectingredient.pt\/"},{"@type":"ListItem","position":2,"name":"Produtos","item":"https:\/\/selectingredient.pt\/home\/produtos\/"},{"@type":"ListItem","position":3,"name":"Diagn\u00f3stico Veterin\u00e1rio"}]},{"@type":"WebSite","@id":"https:\/\/selectingredient.pt\/#website","url":"https:\/\/selectingredient.pt\/","name":"Selectingredient","description":"Select Ingredient","publisher":{"@id":"https:\/\/selectingredient.pt\/#organization"},"potentialAction":[{"@type":"SearchAction","target":{"@type":"EntryPoint","urlTemplate":"https:\/\/selectingredient.pt\/?s={search_term_string}"},"query-input":{"@type":"PropertyValueSpecification","valueRequired":true,"valueName":"search_term_string"}}],"inLanguage":"en-US"},{"@type":"Organization","@id":"https:\/\/selectingredient.pt\/#organization","name":"Selectingredient","url":"https:\/\/selectingredient.pt\/","logo":{"@type":"ImageObject","inLanguage":"en-US","@id":"https:\/\/selectingredient.pt\/#\/schema\/logo\/image\/","url":"https:\/\/selectingredient.pt\/wp-content\/uploads\/2018\/10\/logo_trans.png","contentUrl":"https:\/\/selectingredient.pt\/wp-content\/uploads\/2018\/10\/logo_trans.png","width":250,"height":184,"caption":"Selectingredient"},"image":{"@id":"https:\/\/selectingredient.pt\/#\/schema\/logo\/image\/"}}]}},"_links":{"self":[{"href":"https:\/\/selectingredient.pt\/en\/wp-json\/wp\/v2\/pages\/1871","targetHints":{"allow":["GET"]}}],"collection":[{"href":"https:\/\/selectingredient.pt\/en\/wp-json\/wp\/v2\/pages"}],"about":[{"href":"https:\/\/selectingredient.pt\/en\/wp-json\/wp\/v2\/types\/page"}],"author":[{"embeddable":true,"href":"https:\/\/selectingredient.pt\/en\/wp-json\/wp\/v2\/users\/1"}],"replies":[{"embeddable":true,"href":"https:\/\/selectingredient.pt\/en\/wp-json\/wp\/v2\/comments?post=1871"}],"version-history":[{"count":41,"href":"https:\/\/selectingredient.pt\/en\/wp-json\/wp\/v2\/pages\/1871\/revisions"}],"predecessor-version":[{"id":2823,"href":"https:\/\/selectingredient.pt\/en\/wp-json\/wp\/v2\/pages\/1871\/revisions\/2823"}],"up":[{"embeddable":true,"href":"https:\/\/selectingredient.pt\/en\/wp-json\/wp\/v2\/pages\/840"}],"wp:attachment":[{"href":"https:\/\/selectingredient.pt\/en\/wp-json\/wp\/v2\/media?parent=1871"}],"curies":[{"name":"wp","href":"https:\/\/api.w.org\/{rel}","templated":true}]}}