{"id":1894,"date":"2024-11-26T11:48:56","date_gmt":"2024-11-26T11:48:56","guid":{"rendered":"https:\/\/selectingredient.pt\/?page_id=1894"},"modified":"2025-07-07T14:47:08","modified_gmt":"2025-07-07T14:47:08","slug":"micotoxinas","status":"publish","type":"page","link":"https:\/\/selectingredient.pt\/en\/home\/produtos\/micotoxinas\/","title":{"rendered":"Mycotoxins"},"content":{"rendered":"<div data-elementor-type=\"wp-page\" data-elementor-id=\"1894\" class=\"elementor elementor-1894\" data-elementor-post-type=\"page\">\n\t\t\t\t<div class=\"elementor-element elementor-element-a839057 e-con-full e-flex e-con e-parent\" data-id=\"a839057\" data-element_type=\"container\" data-settings=\"{&quot;background_background&quot;:&quot;slideshow&quot;,&quot;background_slideshow_gallery&quot;:[{&quot;id&quot;:570,&quot;url&quot;:&quot;http:\\\/\\\/selectingredient.pt\\\/wp-content\\\/uploads\\\/2024\\\/10\\\/micotoxina.jpg&quot;}],&quot;background_slideshow_loop&quot;:&quot;yes&quot;,&quot;background_slideshow_slide_duration&quot;:5000,&quot;background_slideshow_slide_transition&quot;:&quot;fade&quot;,&quot;background_slideshow_transition_duration&quot;:500}\">\n\t\t\t\t<div class=\"elementor-element elementor-element-633cf1a elementor-widget elementor-widget-heading\" data-id=\"633cf1a\" data-element_type=\"widget\" data-widget_type=\"heading.default\">\n\t\t\t\t<div class=\"elementor-widget-container\">\n\t\t\t\t\t<div class=\"elementor-heading-title elementor-size-default\">Mycotoxins<\/div>\t\t\t\t<\/div>\n\t\t\t\t<\/div>\n\t\t\t\t<\/div>\n\t\t<div class=\"elementor-element elementor-element-0ff91f8 e-flex e-con-boxed e-con e-parent\" data-id=\"0ff91f8\" data-element_type=\"container\" data-settings=\"{&quot;background_background&quot;:&quot;classic&quot;}\">\n\t\t\t\t\t<div class=\"e-con-inner\">\n\t\t\t\t<div class=\"elementor-element elementor-element-3afe805 elementor-widget elementor-widget-breadcrumbs\" data-id=\"3afe805\" data-element_type=\"widget\" id=\"breadcrumbs\" data-widget_type=\"breadcrumbs.default\">\n\t\t\t\t<div class=\"elementor-widget-container\">\n\t\t\t\t\t<p id=\"breadcrumbs\"><\/p>\t\t\t\t<\/div>\n\t\t\t\t<\/div>\n\t\t\t\t<div class=\"elementor-element elementor-element-be261df elementor-widget elementor-widget-heading\" data-id=\"be261df\" data-element_type=\"widget\" data-widget_type=\"heading.default\">\n\t\t\t\t<div class=\"elementor-widget-container\">\n\t\t\t\t\t<h1 class=\"elementor-heading-title elementor-size-default\">Mycotoxins<\/h1>\t\t\t\t<\/div>\n\t\t\t\t<\/div>\n\t\t\t\t<div class=\"elementor-element elementor-element-e2452d7 elementor-widget elementor-widget-text-editor\" data-id=\"e2452d7\" data-element_type=\"widget\" data-widget_type=\"text-editor.default\">\n\t\t\t\t<div class=\"elementor-widget-container\">\n\t\t\t\t\t\t\t\t\t<p>Mycotoxins are natural chemical substances produced by molds (fungi) that can contaminate agricultural products such as cereals, grains, spices, nuts, among others. The direct consumption of contaminated food and feed poses health risks to animals and humans.&nbsp;<\/p>\n<p>Mycotoxins have a strong impact on the productivity of activities such as livestock and fish farming. The entry of mycotoxins or their metabolites into the food chain through milk, animal tissues or eggs, for example, should not be underestimated. Many countries have adopted regulations to limit the exposure of consumers and animals to these substances. Among the most requested are Aflatoxins, Fumonisins, Patulin, Trichothecenes (DON, Zearalenon, T-2\/HT-2) and Ochratoxins.<\/p>\n<p>Our portfolio includes rapid lateral flow strip tests, ELISA and immunoaffinity columns to meet the different requirements of the food, cereal and feed industries.<\/p>\n<p>Mycotoxin testing is quick, easy and accurate when using lateral flow strips, providing precise results on the spot, thus eliminating costs and delays in sending grain samples for testing. Quantitative test results are obtained using automatic equipment that combines digital imaging technology with advanced mathematical processing, providing fast and objective results.<\/p>\n<p><b>Tests available for the detection and quantification of:<\/b><\/p>\n<ul>\n<li style=\"list-style-type: none;\">\n<ul>\n<li>Aflatoxin<\/li>\n<li>Fumonisin<\/li>\n<li>Ochratoxin<\/li>\n<li>T2\/HT-2<\/li>\n<li>DON (Vomitoxin or Deoxynivalenol)<\/li>\n<li>Zearalenone<\/li>\n<\/ul>\n<\/li>\n<\/ul>\t\t\t\t\t\t\t\t<\/div>\n\t\t\t\t<\/div>\n\t\t\t\t\t<\/div>\n\t\t\t\t<\/div>\n\t\t<div class=\"elementor-element elementor-element-db6ed67 e-flex e-con-boxed e-con e-parent\" data-id=\"db6ed67\" data-element_type=\"container\" data-settings=\"{&quot;background_background&quot;:&quot;classic&quot;}\">\n\t\t\t\t\t<div class=\"e-con-inner\">\n\t\t\t\t<div class=\"elementor-element elementor-element-913a3f1 elementor-widget elementor-widget-heading\" data-id=\"913a3f1\" data-element_type=\"widget\" data-widget_type=\"heading.default\">\n\t\t\t\t<div class=\"elementor-widget-container\">\n\t\t\t\t\t<h2 class=\"elementor-heading-title elementor-size-default\">\n                                        \n                                        \n                                        \n                                        \n                                        <\/h2>\t\t\t\t<\/div>\n\t\t\t\t<\/div>\n\t\t\t\t<div class=\"elementor-element elementor-element-d272ac8 elementor-hidden-mobile elementor-widget elementor-widget-html\" data-id=\"d272ac8\" data-element_type=\"widget\" data-widget_type=\"html.default\">\n\t\t\t\t<div class=\"elementor-widget-container\">\n\t\t\t\t\t<svg width=\"17\" height=\"22\" viewbox=\"0 0 17 22\" fill=\"none\" xmlns=\"http:\/\/www.w3.org\/2000\/svg\">\r\n                                        <path d=\"M11 1H2.5C1.96957 1 1.46086 1.21071 1.08579 1.58579C0.710714 1.96086                                        0.5 2.46957 0.5 3V19C0.5 19.5304 0.710714 20.0391 1.08579                                        20.4142C1.46086 20.7893                                        1.96957 21 2.5 21H14.5C15.0304 21 15.5391 20.7893 15.9142                                        20.4142C16.2893 20.0391                                        16.5 19.5304 16.5 19V6.5L11 1Z\" stroke=\"black\" stroke-linecap=\"round\" stroke-linejoin=\"round\"><\/path>\r\n                                        <path d=\"M10.5 1V7H16.5\" stroke=\"black\" stroke-linecap=\"round\" stroke-linejoin=\"round\"><\/path>\r\n                                        <path d=\"M12.5 12H4.5\" stroke=\"black\" stroke-linecap=\"round\" stroke-linejoin=\"round\"><\/path>\r\n                                        <path d=\"M12.5 16H4.5\" stroke=\"black\" stroke-linecap=\"round\" stroke-linejoin=\"round\"><\/path>\r\n                                        <path d=\"M6.5 8H4.5\" stroke=\"black\" stroke-linecap=\"round\" stroke-linejoin=\"round\"><\/path><\/svg>\t\t\t\t<\/div>\n\t\t\t\t<\/div>\n\t\t<div class=\"elementor-element elementor-element-2c3705b e-con-full e-flex e-con e-child\" data-id=\"2c3705b\" data-element_type=\"container\">\n\t\t\t\t<div class=\"elementor-element elementor-element-645fab6 elementor-widget elementor-widget-heading\" data-id=\"645fab6\" data-element_type=\"widget\" data-widget_type=\"heading.default\">\n\t\t\t\t<div class=\"elementor-widget-container\">\n\t\t\t\t\t<h2 class=\"elementor-heading-title elementor-size-default\">Envirologix mycotoxins<\/h2>\t\t\t\t<\/div>\n\t\t\t\t<\/div>\n\t\t\t\t<div class=\"elementor-element elementor-element-2828111 elementor-mobile-align-left elementor-widget elementor-widget-button\" data-id=\"2828111\" data-element_type=\"widget\" data-widget_type=\"button.default\">\n\t\t\t\t<div class=\"elementor-widget-container\">\n\t\t\t\t\t\t\t\t\t<div class=\"elementor-button-wrapper\">\n\t\t\t\t\t<a class=\"elementor-button elementor-button-link elementor-size-sm\" href=\"https:\/\/selectingredientbucket.s3.us-east-1.amazonaws.com\/Envirologix+micotoxinas.pdf\" target=\"_blank\">\n\t\t\t\t\t\t<span class=\"elementor-button-content-wrapper\">\n\t\t\t\t\t\t\t\t\t<span class=\"elementor-button-text\">Download<\/span>\n\t\t\t\t\t<\/span>\n\t\t\t\t\t<\/a>\n\t\t\t\t<\/div>\n\t\t\t\t\t\t\t\t<\/div>\n\t\t\t\t<\/div>\n\t\t\t\t<\/div>\n\t\t\t\t\t<\/div>\n\t\t\t\t<\/div>\n\t\t\t\t<\/div>","protected":false},"excerpt":{"rendered":"<p>Mycotoxins Mycotoxins are natural chemical substances produced by molds (fungi) that can contaminate agricultural products such as cereals, grains, spices, nuts, among others. The direct consumption of contaminated food and feed poses health risks to animals and humans.  Mycotoxins have a strong impact on the productivity of activities such as livestock and fish farming. The entry of mycotoxins or their metabolites into the food chain through milk, animal tissues or eggs, for example, should not be underestimated. Many countries have adopted regulations to limit the exposure of consumers and animals to these substances. Among the most requested are Aflatoxins, Fumonisins, Patulin, Trichothecenes (DON, Zearalenon, T-2\/HT-2) and Ochratoxins. Our portfolio includes rapid lateral flow strip tests, ELISA and immunoaffinity columns to meet the different requirements of the food, cereal and feed industries. Mycotoxin testing is quick, easy and accurate when using lateral flow strips, providing precise results on the spot thus eliminating costs and delays in sending grain samples for testing. Quantitative test results are obtained using automated equipment that combines digital imaging technology with advanced mathematical processing, providing fast and objective results. Tests available for the detection and quantification of: Aflatoxin Fumonisin Ochratoxin T2\/HT-2 DON (Vomitoxin or Deoxynivalenol) Zearalenone Envirologix mycotoxins Download<\/p>","protected":false},"author":1,"featured_media":0,"parent":840,"menu_order":0,"comment_status":"closed","ping_status":"closed","template":"","meta":{"footnotes":""},"class_list":["post-1894","page","type-page","status-publish","hentry"],"yoast_head":"<!-- This site is optimized with the Yoast SEO plugin v26.0 - https:\/\/yoast.com\/wordpress\/plugins\/seo\/ -->\n<title>Micotoxinas - Selectingredient<\/title>\n<meta name=\"robots\" content=\"index, follow, max-snippet:-1, max-image-preview:large, max-video-preview:-1\" \/>\n<link rel=\"canonical\" href=\"https:\/\/selectingredient.pt\/en\/home\/produtos\/micotoxinas\/\" \/>\n<meta property=\"og:locale\" content=\"en_US\" \/>\n<meta property=\"og:type\" content=\"article\" \/>\n<meta property=\"og:title\" content=\"Micotoxinas - Selectingredient\" \/>\n<meta property=\"og:description\" content=\"Micotoxinas Micotoxinas As micotoxinas s\u00e3o subst\u00e2ncias qu\u00edmicas naturais produzidas por bolores (fungos) que podem contaminar produtos agr\u00edcolas como cereais, gr\u00e3os, especiarias, frutos secos, entre outros. O consumo direto de alimentos e ra\u00e7\u00f5es contaminados representa riscos para a sa\u00fade dos animais e dos humanos.&nbsp; As micotoxinas t\u00eam um forte impacto na produtividade de atividades como a pecu\u00e1ria e a piscicultura. A entrada de micotoxinas ou dos seus metabolitos na cadeia alimentar atrav\u00e9s do leite, tecidos animais ou ovos, por exemplo, n\u00e3o deve ser subestimada. Muitos pa\u00edses adotaram regulamentos para limitar a exposi\u00e7\u00e3o dos consumidores e dos animais a estas subst\u00e2ncias. Entre os mais solicitados est\u00e3o as Aflatoxinas, Fumonisinas, Patulina, Tricotecenos (DON, Zearalenon, T-2\/HT-2) e Ocratoxinas. O nosso portf\u00f3lio inclui testes r\u00e1pidos de tiras de fluxo lateral, ELISA e colunas de imunoafinidade para satisfazer as diferentes exig\u00eancias da ind\u00fastria alimentar, das ind\u00fastrias de cereais e ra\u00e7\u00f5es. O teste de micotoxinas \u00e9 r\u00e1pido, f\u00e1cil e preciso quando se utilizam tiras de fluxo lateral, fornecendo resultados precisos no local eliminando assim custos e atrasos no envio de amostras de gr\u00e3os para teste. Os resultados quantitativos dos testes s\u00e3o obtidos atrav\u00e9s de um equipamento autom\u00e1tico que combina a tecnologia de imagem digital com o processamento matem\u00e1tico avan\u00e7ado fornecendo resultados r\u00e1pidos e objetivos. Testes dispon\u00edveis para dete\u00e7\u00e3o e quantifica\u00e7\u00e3o de: Aflatoxina Fumonisina Ocratoxina T2\/HT-2 DON (Vomitoxina ou Desoxinivalenol) Zearalenone Envirologix micotoxinas Download\" \/>\n<meta property=\"og:url\" content=\"https:\/\/selectingredient.pt\/en\/home\/produtos\/micotoxinas\/\" \/>\n<meta property=\"og:site_name\" content=\"Selectingredient\" \/>\n<meta property=\"article:modified_time\" content=\"2025-07-07T14:47:08+00:00\" \/>\n<meta name=\"twitter:card\" content=\"summary_large_image\" \/>\n<meta name=\"twitter:label1\" content=\"Est. reading time\" \/>\n\t<meta name=\"twitter:data1\" content=\"2 minutes\" \/>\n<script type=\"application\/ld+json\" class=\"yoast-schema-graph\">{\"@context\":\"https:\/\/schema.org\",\"@graph\":[{\"@type\":\"WebPage\",\"@id\":\"https:\/\/selectingredient.pt\/home\/produtos\/micotoxinas\/\",\"url\":\"https:\/\/selectingredient.pt\/home\/produtos\/micotoxinas\/\",\"name\":\"Micotoxinas - Selectingredient\",\"isPartOf\":{\"@id\":\"https:\/\/selectingredient.pt\/#website\"},\"datePublished\":\"2024-11-26T11:48:56+00:00\",\"dateModified\":\"2025-07-07T14:47:08+00:00\",\"breadcrumb\":{\"@id\":\"https:\/\/selectingredient.pt\/home\/produtos\/micotoxinas\/#breadcrumb\"},\"inLanguage\":\"en-US\",\"potentialAction\":[{\"@type\":\"ReadAction\",\"target\":[\"https:\/\/selectingredient.pt\/home\/produtos\/micotoxinas\/\"]}]},{\"@type\":\"BreadcrumbList\",\"@id\":\"https:\/\/selectingredient.pt\/home\/produtos\/micotoxinas\/#breadcrumb\",\"itemListElement\":[{\"@type\":\"ListItem\",\"position\":1,\"name\":\"Home\",\"item\":\"https:\/\/selectingredient.pt\/\"},{\"@type\":\"ListItem\",\"position\":2,\"name\":\"Produtos\",\"item\":\"https:\/\/selectingredient.pt\/home\/produtos\/\"},{\"@type\":\"ListItem\",\"position\":3,\"name\":\"Micotoxinas\"}]},{\"@type\":\"WebSite\",\"@id\":\"https:\/\/selectingredient.pt\/#website\",\"url\":\"https:\/\/selectingredient.pt\/\",\"name\":\"Selectingredient\",\"description\":\"Select Ingredient\",\"publisher\":{\"@id\":\"https:\/\/selectingredient.pt\/#organization\"},\"potentialAction\":[{\"@type\":\"SearchAction\",\"target\":{\"@type\":\"EntryPoint\",\"urlTemplate\":\"https:\/\/selectingredient.pt\/?s={search_term_string}\"},\"query-input\":{\"@type\":\"PropertyValueSpecification\",\"valueRequired\":true,\"valueName\":\"search_term_string\"}}],\"inLanguage\":\"en-US\"},{\"@type\":\"Organization\",\"@id\":\"https:\/\/selectingredient.pt\/#organization\",\"name\":\"Selectingredient\",\"url\":\"https:\/\/selectingredient.pt\/\",\"logo\":{\"@type\":\"ImageObject\",\"inLanguage\":\"en-US\",\"@id\":\"https:\/\/selectingredient.pt\/#\/schema\/logo\/image\/\",\"url\":\"https:\/\/selectingredient.pt\/wp-content\/uploads\/2018\/10\/logo_trans.png\",\"contentUrl\":\"https:\/\/selectingredient.pt\/wp-content\/uploads\/2018\/10\/logo_trans.png\",\"width\":250,\"height\":184,\"caption\":\"Selectingredient\"},\"image\":{\"@id\":\"https:\/\/selectingredient.pt\/#\/schema\/logo\/image\/\"}}]}<\/script>\n<!-- \/ Yoast SEO plugin. -->","yoast_head_json":{"title":"Mycotoxins - Selectingredient","robots":{"index":"index","follow":"follow","max-snippet":"max-snippet:-1","max-image-preview":"max-image-preview:large","max-video-preview":"max-video-preview:-1"},"canonical":"https:\/\/selectingredient.pt\/en\/home\/produtos\/micotoxinas\/","og_locale":"en_US","og_type":"article","og_title":"Micotoxinas - Selectingredient","og_description":"Micotoxinas Micotoxinas As micotoxinas s\u00e3o subst\u00e2ncias qu\u00edmicas naturais produzidas por bolores (fungos) que podem contaminar produtos agr\u00edcolas como cereais, gr\u00e3os, especiarias, frutos secos, entre outros. O consumo direto de alimentos e ra\u00e7\u00f5es contaminados representa riscos para a sa\u00fade dos animais e dos humanos.&nbsp; As micotoxinas t\u00eam um forte impacto na produtividade de atividades como a pecu\u00e1ria e a piscicultura. A entrada de micotoxinas ou dos seus metabolitos na cadeia alimentar atrav\u00e9s do leite, tecidos animais ou ovos, por exemplo, n\u00e3o deve ser subestimada. Muitos pa\u00edses adotaram regulamentos para limitar a exposi\u00e7\u00e3o dos consumidores e dos animais a estas subst\u00e2ncias. Entre os mais solicitados est\u00e3o as Aflatoxinas, Fumonisinas, Patulina, Tricotecenos (DON, Zearalenon, T-2\/HT-2) e Ocratoxinas. O nosso portf\u00f3lio inclui testes r\u00e1pidos de tiras de fluxo lateral, ELISA e colunas de imunoafinidade para satisfazer as diferentes exig\u00eancias da ind\u00fastria alimentar, das ind\u00fastrias de cereais e ra\u00e7\u00f5es. O teste de micotoxinas \u00e9 r\u00e1pido, f\u00e1cil e preciso quando se utilizam tiras de fluxo lateral, fornecendo resultados precisos no local eliminando assim custos e atrasos no envio de amostras de gr\u00e3os para teste. Os resultados quantitativos dos testes s\u00e3o obtidos atrav\u00e9s de um equipamento autom\u00e1tico que combina a tecnologia de imagem digital com o processamento matem\u00e1tico avan\u00e7ado fornecendo resultados r\u00e1pidos e objetivos. Testes dispon\u00edveis para dete\u00e7\u00e3o e quantifica\u00e7\u00e3o de: Aflatoxina Fumonisina Ocratoxina T2\/HT-2 DON (Vomitoxina ou Desoxinivalenol) Zearalenone Envirologix micotoxinas Download","og_url":"https:\/\/selectingredient.pt\/en\/home\/produtos\/micotoxinas\/","og_site_name":"Selectingredient","article_modified_time":"2025-07-07T14:47:08+00:00","twitter_card":"summary_large_image","twitter_misc":{"Est. reading time":"2 minutes"},"schema":{"@context":"https:\/\/schema.org","@graph":[{"@type":"WebPage","@id":"https:\/\/selectingredient.pt\/home\/produtos\/micotoxinas\/","url":"https:\/\/selectingredient.pt\/home\/produtos\/micotoxinas\/","name":"Mycotoxins - Selectingredient","isPartOf":{"@id":"https:\/\/selectingredient.pt\/#website"},"datePublished":"2024-11-26T11:48:56+00:00","dateModified":"2025-07-07T14:47:08+00:00","breadcrumb":{"@id":"https:\/\/selectingredient.pt\/home\/produtos\/micotoxinas\/#breadcrumb"},"inLanguage":"en-US","potentialAction":[{"@type":"ReadAction","target":["https:\/\/selectingredient.pt\/home\/produtos\/micotoxinas\/"]}]},{"@type":"BreadcrumbList","@id":"https:\/\/selectingredient.pt\/home\/produtos\/micotoxinas\/#breadcrumb","itemListElement":[{"@type":"ListItem","position":1,"name":"Home","item":"https:\/\/selectingredient.pt\/"},{"@type":"ListItem","position":2,"name":"Produtos","item":"https:\/\/selectingredient.pt\/home\/produtos\/"},{"@type":"ListItem","position":3,"name":"Micotoxinas"}]},{"@type":"WebSite","@id":"https:\/\/selectingredient.pt\/#website","url":"https:\/\/selectingredient.pt\/","name":"Selectingredient","description":"Select Ingredient","publisher":{"@id":"https:\/\/selectingredient.pt\/#organization"},"potentialAction":[{"@type":"SearchAction","target":{"@type":"EntryPoint","urlTemplate":"https:\/\/selectingredient.pt\/?s={search_term_string}"},"query-input":{"@type":"PropertyValueSpecification","valueRequired":true,"valueName":"search_term_string"}}],"inLanguage":"en-US"},{"@type":"Organization","@id":"https:\/\/selectingredient.pt\/#organization","name":"Selectingredient","url":"https:\/\/selectingredient.pt\/","logo":{"@type":"ImageObject","inLanguage":"en-US","@id":"https:\/\/selectingredient.pt\/#\/schema\/logo\/image\/","url":"https:\/\/selectingredient.pt\/wp-content\/uploads\/2018\/10\/logo_trans.png","contentUrl":"https:\/\/selectingredient.pt\/wp-content\/uploads\/2018\/10\/logo_trans.png","width":250,"height":184,"caption":"Selectingredient"},"image":{"@id":"https:\/\/selectingredient.pt\/#\/schema\/logo\/image\/"}}]}},"_links":{"self":[{"href":"https:\/\/selectingredient.pt\/en\/wp-json\/wp\/v2\/pages\/1894","targetHints":{"allow":["GET"]}}],"collection":[{"href":"https:\/\/selectingredient.pt\/en\/wp-json\/wp\/v2\/pages"}],"about":[{"href":"https:\/\/selectingredient.pt\/en\/wp-json\/wp\/v2\/types\/page"}],"author":[{"embeddable":true,"href":"https:\/\/selectingredient.pt\/en\/wp-json\/wp\/v2\/users\/1"}],"replies":[{"embeddable":true,"href":"https:\/\/selectingredient.pt\/en\/wp-json\/wp\/v2\/comments?post=1894"}],"version-history":[{"count":28,"href":"https:\/\/selectingredient.pt\/en\/wp-json\/wp\/v2\/pages\/1894\/revisions"}],"predecessor-version":[{"id":2826,"href":"https:\/\/selectingredient.pt\/en\/wp-json\/wp\/v2\/pages\/1894\/revisions\/2826"}],"up":[{"embeddable":true,"href":"https:\/\/selectingredient.pt\/en\/wp-json\/wp\/v2\/pages\/840"}],"wp:attachment":[{"href":"https:\/\/selectingredient.pt\/en\/wp-json\/wp\/v2\/media?parent=1894"}],"curies":[{"name":"wp","href":"https:\/\/api.w.org\/{rel}","templated":true}]}}