{"id":1906,"date":"2024-11-26T12:29:17","date_gmt":"2024-11-26T12:29:17","guid":{"rendered":"https:\/\/selectingredient.pt\/?page_id=1906"},"modified":"2025-01-10T16:09:54","modified_gmt":"2025-01-10T16:09:54","slug":"cianobacterias-toxinas-marinhas","status":"publish","type":"page","link":"https:\/\/selectingredient.pt\/en\/home\/produtos\/cianobacterias-toxinas-marinhas\/","title":{"rendered":"Cyanotoxins and Marine Toxins"},"content":{"rendered":"<div data-elementor-type=\"wp-page\" data-elementor-id=\"1906\" class=\"elementor elementor-1906\" data-elementor-post-type=\"page\">\n\t\t\t\t<div class=\"elementor-element elementor-element-a839057 e-con-full e-flex e-con e-parent\" data-id=\"a839057\" data-element_type=\"container\" data-settings=\"{&quot;background_background&quot;:&quot;slideshow&quot;,&quot;background_slideshow_gallery&quot;:[{&quot;id&quot;:571,&quot;url&quot;:&quot;http:\\\/\\\/selectingredient.pt\\\/wp-content\\\/uploads\\\/2024\\\/10\\\/cianobacterias-toxinas-marinhas.jpg&quot;}],&quot;background_slideshow_loop&quot;:&quot;yes&quot;,&quot;background_slideshow_slide_duration&quot;:5000,&quot;background_slideshow_slide_transition&quot;:&quot;fade&quot;,&quot;background_slideshow_transition_duration&quot;:500}\">\n\t\t\t\t<div class=\"elementor-element elementor-element-633cf1a elementor-widget elementor-widget-heading\" data-id=\"633cf1a\" data-element_type=\"widget\" data-widget_type=\"heading.default\">\n\t\t\t\t<div class=\"elementor-widget-container\">\n\t\t\t\t\t<div class=\"elementor-heading-title elementor-size-default\">Cyanotoxins and Marine Toxins<\/div>\t\t\t\t<\/div>\n\t\t\t\t<\/div>\n\t\t\t\t<\/div>\n\t\t<div class=\"elementor-element elementor-element-0ff91f8 e-flex e-con-boxed e-con e-parent\" data-id=\"0ff91f8\" data-element_type=\"container\">\n\t\t\t\t\t<div class=\"e-con-inner\">\n\t\t\t\t<div class=\"elementor-element elementor-element-3afe805 elementor-widget elementor-widget-breadcrumbs\" data-id=\"3afe805\" data-element_type=\"widget\" id=\"breadcrumbs\" data-widget_type=\"breadcrumbs.default\">\n\t\t\t\t<div class=\"elementor-widget-container\">\n\t\t\t\t\t<p id=\"breadcrumbs\"><\/p>\t\t\t\t<\/div>\n\t\t\t\t<\/div>\n\t\t\t\t<div class=\"elementor-element elementor-element-be261df elementor-widget elementor-widget-heading\" data-id=\"be261df\" data-element_type=\"widget\" data-widget_type=\"heading.default\">\n\t\t\t\t<div class=\"elementor-widget-container\">\n\t\t\t\t\t<h1 class=\"elementor-heading-title elementor-size-default\">Cyanotoxins and Marine Toxins<\/h1>\t\t\t\t<\/div>\n\t\t\t\t<\/div>\n\t\t\t\t<div class=\"elementor-element elementor-element-e2452d7 elementor-widget elementor-widget-text-editor\" data-id=\"e2452d7\" data-element_type=\"widget\" data-widget_type=\"text-editor.default\">\n\t\t\t\t<div class=\"elementor-widget-container\">\n\t\t\t\t\t\t\t\t\t<p>The toxins produced by Cyanobacteria (Microcystin, Anatoxin-a, Cylindrospermopsin, BMAA, Nodularin) and marine toxins (Saxitoxin) can, in cases of excessive proliferation, be harmful to human and animal health when contaminated waters are used for water supply or recreation.<\/p>\n\n<p>The detection and quantification of freshwater and marine algal toxins can be done using ELISA techniques and lateral flow strips, which can support rapid and informed decision-making about their potential threat to public health.<\/p>\n\n<br>\n<b>Tests available for the detection and quantification of:<\/b>\n<ol>\n<br>\n \t<li style=\"list-style-type: none;\">\n<ul>\n \t<li>Microcystin<\/li>\n \t<li>Anatoxin-a<\/li>\n \t<li>Cylindrospermopsin<\/li>\n \t<li>BMAA<\/li>\n \t<li>Nodularin<\/li>\n \t<li>Saxitoxin<\/li>\n \t<li>Standards<\/li>\n<\/ul>\n<\/li>\n<\/ol>\t\t\t\t\t\t\t\t<\/div>\n\t\t\t\t<\/div>\n\t\t\t\t\t<\/div>\n\t\t\t\t<\/div>\n\t\t\t\t<\/div>","protected":false},"excerpt":{"rendered":"<p>Cyanobacteria and Marine Toxins Cyanobacteria and Marine Toxins The toxins produced by Cyanobacteria (microcystins, anatoxin-a, cylindrospermopsin, BMAA, Nodularin) and marine toxins (Saxitoxins) can, in cases of excessive proliferation, be harmful to human and animal health when contaminated waters are used for water supply or recreation. The detection and quantification of freshwater and marine algal toxins can be carried out using ELISA techniques and lateral flow strips to support rapid and informed decision-making about their potential threat to public health. Tests available for the detection and quantification of: Microcystins Anatoxin-a Cylindrospermopsin BMAA Nodularin Saxitoxin Standards<\/p>","protected":false},"author":1,"featured_media":0,"parent":840,"menu_order":0,"comment_status":"closed","ping_status":"closed","template":"","meta":{"footnotes":""},"class_list":["post-1906","page","type-page","status-publish","hentry"],"yoast_head":"<!-- This site is optimized with the Yoast SEO plugin v26.0 - https:\/\/yoast.com\/wordpress\/plugins\/seo\/ -->\n<title>Cianobact\u00e9rias e Toxinas Marinhas - Selectingredient<\/title>\n<meta name=\"robots\" content=\"index, follow, max-snippet:-1, max-image-preview:large, max-video-preview:-1\" \/>\n<link rel=\"canonical\" href=\"https:\/\/selectingredient.pt\/en\/home\/produtos\/cianobacterias-toxinas-marinhas\/\" \/>\n<meta property=\"og:locale\" content=\"en_US\" \/>\n<meta property=\"og:type\" content=\"article\" \/>\n<meta property=\"og:title\" content=\"Cianobact\u00e9rias e Toxinas Marinhas - Selectingredient\" \/>\n<meta property=\"og:description\" content=\"Cianobact\u00e9rias e Toxinas Marinhas Cianobact\u00e9rias e Toxinas Marinhas As toxinas produzidas por Cianobact\u00e9rias (microcistinas, anatoxina-a, cilindrospermopsina, BMAA, Nodularina) e as toxinas marinhas (Saxitoxinas) podem em casos de prolifera\u00e7\u00e3o excessiva serem prejudiciais \u00e0 sa\u00fade humana e animal quando as \u00e1guas contaminadas s\u00e3o utilizadas para abastecimento ou recrea\u00e7\u00e3o. A dete\u00e7\u00e3o e quantifica\u00e7\u00e3o de toxinas de algas de \u00e1gua doce e marinhas pode ser feita por t\u00e9cnicas de ELISA e tiras de fluxo lateral que permitem apoiar a tomada de decis\u00f5es r\u00e1pidas e informadas sobre a potencial amea\u00e7a \u00e0 sa\u00fade p\u00fablica das mesmas. Testes dispon\u00edveis para dete\u00e7\u00e3o e quantifica\u00e7\u00e3o de: Microcistinas Anatoxina-a Cilindrospermopsina BMAA Nodularina Saxitoxina Padr\u00f5es\" \/>\n<meta property=\"og:url\" content=\"https:\/\/selectingredient.pt\/en\/home\/produtos\/cianobacterias-toxinas-marinhas\/\" \/>\n<meta property=\"og:site_name\" content=\"Selectingredient\" \/>\n<meta property=\"article:modified_time\" content=\"2025-01-10T16:09:54+00:00\" \/>\n<meta name=\"twitter:card\" content=\"summary_large_image\" \/>\n<meta name=\"twitter:label1\" content=\"Est. reading time\" \/>\n\t<meta name=\"twitter:data1\" content=\"1 minute\" \/>\n<script type=\"application\/ld+json\" class=\"yoast-schema-graph\">{\"@context\":\"https:\/\/schema.org\",\"@graph\":[{\"@type\":\"WebPage\",\"@id\":\"https:\/\/selectingredient.pt\/home\/produtos\/cianobacterias-toxinas-marinhas\/\",\"url\":\"https:\/\/selectingredient.pt\/home\/produtos\/cianobacterias-toxinas-marinhas\/\",\"name\":\"Cianobact\u00e9rias e Toxinas Marinhas - Selectingredient\",\"isPartOf\":{\"@id\":\"https:\/\/selectingredient.pt\/#website\"},\"datePublished\":\"2024-11-26T12:29:17+00:00\",\"dateModified\":\"2025-01-10T16:09:54+00:00\",\"breadcrumb\":{\"@id\":\"https:\/\/selectingredient.pt\/home\/produtos\/cianobacterias-toxinas-marinhas\/#breadcrumb\"},\"inLanguage\":\"en-US\",\"potentialAction\":[{\"@type\":\"ReadAction\",\"target\":[\"https:\/\/selectingredient.pt\/home\/produtos\/cianobacterias-toxinas-marinhas\/\"]}]},{\"@type\":\"BreadcrumbList\",\"@id\":\"https:\/\/selectingredient.pt\/home\/produtos\/cianobacterias-toxinas-marinhas\/#breadcrumb\",\"itemListElement\":[{\"@type\":\"ListItem\",\"position\":1,\"name\":\"Home\",\"item\":\"https:\/\/selectingredient.pt\/\"},{\"@type\":\"ListItem\",\"position\":2,\"name\":\"Produtos\",\"item\":\"https:\/\/selectingredient.pt\/home\/produtos\/\"},{\"@type\":\"ListItem\",\"position\":3,\"name\":\"Cianobact\u00e9rias e Toxinas Marinhas\"}]},{\"@type\":\"WebSite\",\"@id\":\"https:\/\/selectingredient.pt\/#website\",\"url\":\"https:\/\/selectingredient.pt\/\",\"name\":\"Selectingredient\",\"description\":\"Select Ingredient\",\"publisher\":{\"@id\":\"https:\/\/selectingredient.pt\/#organization\"},\"potentialAction\":[{\"@type\":\"SearchAction\",\"target\":{\"@type\":\"EntryPoint\",\"urlTemplate\":\"https:\/\/selectingredient.pt\/?s={search_term_string}\"},\"query-input\":{\"@type\":\"PropertyValueSpecification\",\"valueRequired\":true,\"valueName\":\"search_term_string\"}}],\"inLanguage\":\"en-US\"},{\"@type\":\"Organization\",\"@id\":\"https:\/\/selectingredient.pt\/#organization\",\"name\":\"Selectingredient\",\"url\":\"https:\/\/selectingredient.pt\/\",\"logo\":{\"@type\":\"ImageObject\",\"inLanguage\":\"en-US\",\"@id\":\"https:\/\/selectingredient.pt\/#\/schema\/logo\/image\/\",\"url\":\"https:\/\/selectingredient.pt\/wp-content\/uploads\/2018\/10\/logo_trans.png\",\"contentUrl\":\"https:\/\/selectingredient.pt\/wp-content\/uploads\/2018\/10\/logo_trans.png\",\"width\":250,\"height\":184,\"caption\":\"Selectingredient\"},\"image\":{\"@id\":\"https:\/\/selectingredient.pt\/#\/schema\/logo\/image\/\"}}]}<\/script>\n<!-- \/ Yoast SEO plugin. -->","yoast_head_json":{"title":"Cianobact\u00e9rias e Toxinas Marinhas - Selectingredient","robots":{"index":"index","follow":"follow","max-snippet":"max-snippet:-1","max-image-preview":"max-image-preview:large","max-video-preview":"max-video-preview:-1"},"canonical":"https:\/\/selectingredient.pt\/en\/home\/produtos\/cianobacterias-toxinas-marinhas\/","og_locale":"en_US","og_type":"article","og_title":"Cianobact\u00e9rias e Toxinas Marinhas - Selectingredient","og_description":"Cianobact\u00e9rias e Toxinas Marinhas Cianobact\u00e9rias e Toxinas Marinhas As toxinas produzidas por Cianobact\u00e9rias (microcistinas, anatoxina-a, cilindrospermopsina, BMAA, Nodularina) e as toxinas marinhas (Saxitoxinas) podem em casos de prolifera\u00e7\u00e3o excessiva serem prejudiciais \u00e0 sa\u00fade humana e animal quando as \u00e1guas contaminadas s\u00e3o utilizadas para abastecimento ou recrea\u00e7\u00e3o. A dete\u00e7\u00e3o e quantifica\u00e7\u00e3o de toxinas de algas de \u00e1gua doce e marinhas pode ser feita por t\u00e9cnicas de ELISA e tiras de fluxo lateral que permitem apoiar a tomada de decis\u00f5es r\u00e1pidas e informadas sobre a potencial amea\u00e7a \u00e0 sa\u00fade p\u00fablica das mesmas. Testes dispon\u00edveis para dete\u00e7\u00e3o e quantifica\u00e7\u00e3o de: Microcistinas Anatoxina-a Cilindrospermopsina BMAA Nodularina Saxitoxina Padr\u00f5es","og_url":"https:\/\/selectingredient.pt\/en\/home\/produtos\/cianobacterias-toxinas-marinhas\/","og_site_name":"Selectingredient","article_modified_time":"2025-01-10T16:09:54+00:00","twitter_card":"summary_large_image","twitter_misc":{"Est. reading time":"1 minute"},"schema":{"@context":"https:\/\/schema.org","@graph":[{"@type":"WebPage","@id":"https:\/\/selectingredient.pt\/home\/produtos\/cianobacterias-toxinas-marinhas\/","url":"https:\/\/selectingredient.pt\/home\/produtos\/cianobacterias-toxinas-marinhas\/","name":"Cianobact\u00e9rias e Toxinas Marinhas - Selectingredient","isPartOf":{"@id":"https:\/\/selectingredient.pt\/#website"},"datePublished":"2024-11-26T12:29:17+00:00","dateModified":"2025-01-10T16:09:54+00:00","breadcrumb":{"@id":"https:\/\/selectingredient.pt\/home\/produtos\/cianobacterias-toxinas-marinhas\/#breadcrumb"},"inLanguage":"en-US","potentialAction":[{"@type":"ReadAction","target":["https:\/\/selectingredient.pt\/home\/produtos\/cianobacterias-toxinas-marinhas\/"]}]},{"@type":"BreadcrumbList","@id":"https:\/\/selectingredient.pt\/home\/produtos\/cianobacterias-toxinas-marinhas\/#breadcrumb","itemListElement":[{"@type":"ListItem","position":1,"name":"Home","item":"https:\/\/selectingredient.pt\/"},{"@type":"ListItem","position":2,"name":"Produtos","item":"https:\/\/selectingredient.pt\/home\/produtos\/"},{"@type":"ListItem","position":3,"name":"Cianobact\u00e9rias e Toxinas Marinhas"}]},{"@type":"WebSite","@id":"https:\/\/selectingredient.pt\/#website","url":"https:\/\/selectingredient.pt\/","name":"Selectingredient","description":"Select Ingredient","publisher":{"@id":"https:\/\/selectingredient.pt\/#organization"},"potentialAction":[{"@type":"SearchAction","target":{"@type":"EntryPoint","urlTemplate":"https:\/\/selectingredient.pt\/?s={search_term_string}"},"query-input":{"@type":"PropertyValueSpecification","valueRequired":true,"valueName":"search_term_string"}}],"inLanguage":"en-US"},{"@type":"Organization","@id":"https:\/\/selectingredient.pt\/#organization","name":"Selectingredient","url":"https:\/\/selectingredient.pt\/","logo":{"@type":"ImageObject","inLanguage":"en-US","@id":"https:\/\/selectingredient.pt\/#\/schema\/logo\/image\/","url":"https:\/\/selectingredient.pt\/wp-content\/uploads\/2018\/10\/logo_trans.png","contentUrl":"https:\/\/selectingredient.pt\/wp-content\/uploads\/2018\/10\/logo_trans.png","width":250,"height":184,"caption":"Selectingredient"},"image":{"@id":"https:\/\/selectingredient.pt\/#\/schema\/logo\/image\/"}}]}},"_links":{"self":[{"href":"https:\/\/selectingredient.pt\/en\/wp-json\/wp\/v2\/pages\/1906","targetHints":{"allow":["GET"]}}],"collection":[{"href":"https:\/\/selectingredient.pt\/en\/wp-json\/wp\/v2\/pages"}],"about":[{"href":"https:\/\/selectingredient.pt\/en\/wp-json\/wp\/v2\/types\/page"}],"author":[{"embeddable":true,"href":"https:\/\/selectingredient.pt\/en\/wp-json\/wp\/v2\/users\/1"}],"replies":[{"embeddable":true,"href":"https:\/\/selectingredient.pt\/en\/wp-json\/wp\/v2\/comments?post=1906"}],"version-history":[{"count":31,"href":"https:\/\/selectingredient.pt\/en\/wp-json\/wp\/v2\/pages\/1906\/revisions"}],"predecessor-version":[{"id":2734,"href":"https:\/\/selectingredient.pt\/en\/wp-json\/wp\/v2\/pages\/1906\/revisions\/2734"}],"up":[{"embeddable":true,"href":"https:\/\/selectingredient.pt\/en\/wp-json\/wp\/v2\/pages\/840"}],"wp:attachment":[{"href":"https:\/\/selectingredient.pt\/en\/wp-json\/wp\/v2\/media?parent=1906"}],"curies":[{"name":"wp","href":"https:\/\/api.w.org\/{rel}","templated":true}]}}