{"id":1917,"date":"2024-11-26T12:37:43","date_gmt":"2024-11-26T12:37:43","guid":{"rendered":"https:\/\/selectingredient.pt\/?page_id=1917"},"modified":"2025-01-10T16:15:46","modified_gmt":"2025-01-10T16:15:46","slug":"detecao-doencas-plantas","status":"publish","type":"page","link":"https:\/\/selectingredient.pt\/en\/home\/produtos\/detecao-doencas-plantas\/","title":{"rendered":"Plant Disease Detection"},"content":{"rendered":"<div data-elementor-type=\"wp-page\" data-elementor-id=\"1917\" class=\"elementor elementor-1917\" data-elementor-post-type=\"page\">\n\t\t\t\t<div class=\"elementor-element elementor-element-a839057 e-con-full e-flex e-con e-parent\" data-id=\"a839057\" data-element_type=\"container\" data-settings=\"{&quot;background_background&quot;:&quot;slideshow&quot;,&quot;background_slideshow_gallery&quot;:[{&quot;id&quot;:607,&quot;url&quot;:&quot;http:\\\/\\\/selectingredient.pt\\\/wp-content\\\/uploads\\\/2024\\\/10\\\/deteccao-doencas-plantas.jpg&quot;}],&quot;background_slideshow_loop&quot;:&quot;yes&quot;,&quot;background_slideshow_slide_duration&quot;:5000,&quot;background_slideshow_slide_transition&quot;:&quot;fade&quot;,&quot;background_slideshow_transition_duration&quot;:500}\">\n\t\t\t\t<div class=\"elementor-element elementor-element-633cf1a elementor-widget elementor-widget-heading\" data-id=\"633cf1a\" data-element_type=\"widget\" data-widget_type=\"heading.default\">\n\t\t\t\t<div class=\"elementor-widget-container\">\n\t\t\t\t\t<div class=\"elementor-heading-title elementor-size-default\">Plant Disease Detection<\/div>\t\t\t\t<\/div>\n\t\t\t\t<\/div>\n\t\t\t\t<\/div>\n\t\t<div class=\"elementor-element elementor-element-0ff91f8 e-flex e-con-boxed e-con e-parent\" data-id=\"0ff91f8\" data-element_type=\"container\" data-settings=\"{&quot;background_background&quot;:&quot;classic&quot;}\">\n\t\t\t\t\t<div class=\"e-con-inner\">\n\t\t\t\t<div class=\"elementor-element elementor-element-3afe805 elementor-widget elementor-widget-breadcrumbs\" data-id=\"3afe805\" data-element_type=\"widget\" id=\"breadcrumbs\" data-widget_type=\"breadcrumbs.default\">\n\t\t\t\t<div class=\"elementor-widget-container\">\n\t\t\t\t\t<p id=\"breadcrumbs\"><\/p>\t\t\t\t<\/div>\n\t\t\t\t<\/div>\n\t\t\t\t<div class=\"elementor-element elementor-element-be261df elementor-widget elementor-widget-heading\" data-id=\"be261df\" data-element_type=\"widget\" data-widget_type=\"heading.default\">\n\t\t\t\t<div class=\"elementor-widget-container\">\n\t\t\t\t\t<h1 class=\"elementor-heading-title elementor-size-default\">Plant Disease Detection<\/h1>\t\t\t\t<\/div>\n\t\t\t\t<\/div>\n\t\t\t\t<div class=\"elementor-element elementor-element-e2452d7 elementor-widget elementor-widget-text-editor\" data-id=\"e2452d7\" data-element_type=\"widget\" data-widget_type=\"text-editor.default\">\n\t\t\t\t<div class=\"elementor-widget-container\">\n\t\t\t\t\t\t\t\t\t<p>With the detection of pathogens in plants, Bioreba<a href=\"https:\/\/www.bioreba.ch\/Bioreba\/home.aspx\">&nbsp;<\/a>and Qualiplante, our partners, contribute to the growth of plants and the preservation of healthy seeds, guaranteeing high agricultural yields that promote a stable and consistent food supply for humans and animals.<\/p>\n<p>Our plant diagnostic tests detect more than 100 different pathogens (Viruses, Bacteria, Fungi and Phytoplasmas) by qPCR, ELISA or Lateral Flow Strips.<\/p>\t\t\t\t\t\t\t\t<\/div>\n\t\t\t\t<\/div>\n\t\t<div class=\"elementor-element elementor-element-de4b4e5 e-grid e-con-boxed e-con e-child\" data-id=\"de4b4e5\" data-element_type=\"container\" data-settings=\"{&quot;background_background&quot;:&quot;classic&quot;}\">\n\t\t\t\t\t<div class=\"e-con-inner\">\n\t\t\t\t<div class=\"elementor-element elementor-element-96c8b11 elementor-widget elementor-widget-image\" data-id=\"96c8b11\" data-element_type=\"widget\" data-widget_type=\"image.default\">\n\t\t\t\t<div class=\"elementor-widget-container\">\n\t\t\t\t\t\t\t\t\t\t\t\t\t\t\t\t<a href=\"https:\/\/www.bioreba.ch\/Bioreba\/home.aspx\" target=\"_blank\">\n\t\t\t\t\t\t\t<img fetchpriority=\"high\" decoding=\"async\" width=\"400\" height=\"190\" src=\"https:\/\/selectingredient.pt\/wp-content\/uploads\/2024\/11\/logoBioreba.png\" class=\"attachment-large size-large wp-image-2081\" alt=\"logo Bioreba\" srcset=\"https:\/\/selectingredient.pt\/wp-content\/uploads\/2024\/11\/logoBioreba.png 400w, https:\/\/selectingredient.pt\/wp-content\/uploads\/2024\/11\/logoBioreba-300x143.png 300w, https:\/\/selectingredient.pt\/wp-content\/uploads\/2024\/11\/logoBioreba-18x9.webp 18w\" sizes=\"(max-width: 400px) 100vw, 400px\" \/>\t\t\t\t\t\t\t\t<\/a>\n\t\t\t\t\t\t\t\t\t\t\t\t\t\t\t<\/div>\n\t\t\t\t<\/div>\n\t\t\t\t<div class=\"elementor-element elementor-element-5843c66 elementor-widget elementor-widget-text-editor\" data-id=\"5843c66\" data-element_type=\"widget\" data-widget_type=\"text-editor.default\">\n\t\t\t\t<div class=\"elementor-widget-container\">\n\t\t\t\t\t\t\t\t\t<strong style=\"font-size: 1.1rem;\">- Bioreba offers services that include:<\/strong>\n<ol>\n \t<li style=\"list-style-type: none;\">\n<ul>\n \t<li>Development and commercialization of ELISA, PCR and lateral flow strip tests for the detection and quantification of plant pathogens.<\/li>\n \t<li>Equipment and consumables for preparing plant samples.<\/li>\n \t<li>Serological and molecular analysis of plant pathogens in its accredited testing laboratory, certified according to ISO\/IEC 17025.<\/li>\n<\/ul>\n<\/li>\n<\/ol>\t\t\t\t\t\t\t\t<\/div>\n\t\t\t\t<\/div>\n\t\t\t\t\t<\/div>\n\t\t\t\t<\/div>\n\t\t<div class=\"elementor-element elementor-element-7ebf9f0 e-grid e-con-full e-con e-child\" data-id=\"7ebf9f0\" data-element_type=\"container\" data-settings=\"{&quot;background_background&quot;:&quot;classic&quot;}\">\n\t\t\t\t<div class=\"elementor-element elementor-element-9ae8d39 elementor-widget elementor-widget-image\" data-id=\"9ae8d39\" data-element_type=\"widget\" data-widget_type=\"image.default\">\n\t\t\t\t<div class=\"elementor-widget-container\">\n\t\t\t\t\t\t\t\t\t\t\t\t\t\t\t\t<a href=\"https:\/\/qualiplante.eu\/\" target=\"_blank\">\n\t\t\t\t\t\t\t<img decoding=\"async\" width=\"600\" height=\"142\" src=\"https:\/\/selectingredient.pt\/wp-content\/uploads\/2024\/11\/qualiplanteLogo.webp\" class=\"attachment-large size-large wp-image-2082\" alt=\"qualiplante Logo\" srcset=\"https:\/\/selectingredient.pt\/wp-content\/uploads\/2024\/11\/qualiplanteLogo.webp 600w, https:\/\/selectingredient.pt\/wp-content\/uploads\/2024\/11\/qualiplanteLogo-300x71.webp 300w, https:\/\/selectingredient.pt\/wp-content\/uploads\/2024\/11\/qualiplanteLogo-18x4.webp 18w\" sizes=\"(max-width: 600px) 100vw, 600px\" \/>\t\t\t\t\t\t\t\t<\/a>\n\t\t\t\t\t\t\t\t\t\t\t\t\t\t\t<\/div>\n\t\t\t\t<\/div>\n\t\t\t\t<div class=\"elementor-element elementor-element-921b5cf elementor-widget elementor-widget-text-editor\" data-id=\"921b5cf\" data-element_type=\"widget\" data-widget_type=\"text-editor.default\">\n\t\t\t\t<div class=\"elementor-widget-container\">\n\t\t\t\t\t\t\t\t\t<p><span style=\"font-size: 1rem;\">- <b>Qualiplante<\/b> offers plant certification laboratories and all those involved in the agri-food industry complete molecular qPCR kits. These quick and easy-to-use tests make it possible to reliably and sensitively detect pathogens in crops.<\/span><\/p>\t\t\t\t\t\t\t\t<\/div>\n\t\t\t\t<\/div>\n\t\t\t\t<\/div>\n\t\t\t\t\t<\/div>\n\t\t\t\t<\/div>\n\t\t\t\t<\/div>","protected":false},"excerpt":{"rendered":"<p>Plant Disease Detection Plant Disease Detection With the detection of plant pathogens, Bioreba and Qualiplante, our partners, contribute to the growth of plants and the preservation of healthy seeds, guaranteeing high agricultural yields that promote a stable and consistent food supply for humans and animals. Our plant diagnostic tests detect more than 100 different pathogens (Viruses, Bacteria, Fungi and Phytoplasmas) by qPCR, ELISA or lateral flow strips. Bioreba offers services that include: Development and marketing of ELISA, PCR and lateral flow strip tests for the detection and quantification of plant pathogens. Equipment and consumables for preparing plant samples. Serological and molecular analysis of plant pathogens in its accredited testing laboratory, certified according to ISO\/IEC 17025. Qualiplante offers plant certification laboratories and all those involved in the agri-food industry complete molecular qPCR kits. These quick and easy-to-use tests make it possible to reliably and sensitively detect pathogens in crops.<\/p>","protected":false},"author":1,"featured_media":0,"parent":840,"menu_order":0,"comment_status":"closed","ping_status":"closed","template":"","meta":{"footnotes":""},"class_list":["post-1917","page","type-page","status-publish","hentry"],"yoast_head":"<!-- This site is optimized with the Yoast SEO plugin v26.0 - https:\/\/yoast.com\/wordpress\/plugins\/seo\/ -->\n<title>Dete\u00e7\u00e3o de Doen\u00e7as em Plantas - Selectingredient<\/title>\n<meta name=\"robots\" content=\"index, follow, max-snippet:-1, max-image-preview:large, max-video-preview:-1\" \/>\n<link rel=\"canonical\" href=\"https:\/\/selectingredient.pt\/en\/home\/produtos\/detecao-doencas-plantas\/\" \/>\n<meta property=\"og:locale\" content=\"en_US\" \/>\n<meta property=\"og:type\" content=\"article\" \/>\n<meta property=\"og:title\" content=\"Dete\u00e7\u00e3o de Doen\u00e7as em Plantas - Selectingredient\" \/>\n<meta property=\"og:description\" content=\"Dete\u00e7\u00e3o de Doen\u00e7as em Plantas Dete\u00e7\u00e3o de Doen\u00e7as em Plantas Com a dete\u00e7\u00e3o de agentes patog\u00e9nicos em plantas, a Bioreba&nbsp;e a Qualiplante, nossos parceiros, contribuem para o crescimento de plantas e para a preserva\u00e7\u00e3o de sementes saud\u00e1veis garantindo elevados rendimentos agr\u00edcolas, que promovem um fornecimento alimentar est\u00e1vel e consistente para humanos e animais. Os nossos testes de diagn\u00f3stico de plantas detetam mais de 100 agentes patog\u00e9nicos diferentes (V\u00edrus, Bact\u00e9ria, Fungos e Fitoplasmas) por qPCR, ELISA ou tiras de fluxo lateral. A Bioreba disponibiliza servi\u00e7os que incluem: Desenvolvimento e comercializa\u00e7\u00e3o de testes de ELISA, PCR e Tiras de fluxo lateral para a dete\u00e7\u00e3o e quantifica\u00e7\u00e3o de pat\u00f3genos em plantas. Equipamentos e consum\u00edveis para prepara\u00e7\u00e3o de amostras de plantas. An\u00e1lise sorol\u00f3gica e molecular de pat\u00f3genos de plantas no seu laborat\u00f3rio de testes acreditado, certificado de acordo com a ISO\/IEC 17025. A Qualiplante oferece aos laborat\u00f3rios de certifica\u00e7\u00e3o de plantas e a todos os intervenientes da ind\u00fastria agroalimentar, kits moleculares completos de qPCR. Estes testes, r\u00e1pidos e f\u00e1ceis de usar, permitem detetar, de forma fi\u00e1vel e sens\u00edvel, agentes patog\u00e9nicos nas culturas.\" \/>\n<meta property=\"og:url\" content=\"https:\/\/selectingredient.pt\/en\/home\/produtos\/detecao-doencas-plantas\/\" \/>\n<meta property=\"og:site_name\" content=\"Selectingredient\" \/>\n<meta property=\"article:modified_time\" content=\"2025-01-10T16:15:46+00:00\" \/>\n<meta property=\"og:image\" content=\"https:\/\/selectingredient.pt\/wp-content\/uploads\/2024\/11\/logoBioreba.png\" \/>\n\t<meta property=\"og:image:width\" content=\"400\" \/>\n\t<meta property=\"og:image:height\" content=\"190\" \/>\n\t<meta property=\"og:image:type\" content=\"image\/webp\" \/>\n<meta name=\"twitter:card\" content=\"summary_large_image\" \/>\n<meta name=\"twitter:label1\" content=\"Est. reading time\" \/>\n\t<meta name=\"twitter:data1\" content=\"2 minutes\" \/>\n<script type=\"application\/ld+json\" class=\"yoast-schema-graph\">{\"@context\":\"https:\/\/schema.org\",\"@graph\":[{\"@type\":\"WebPage\",\"@id\":\"https:\/\/selectingredient.pt\/home\/produtos\/detecao-doencas-plantas\/\",\"url\":\"https:\/\/selectingredient.pt\/home\/produtos\/detecao-doencas-plantas\/\",\"name\":\"Dete\u00e7\u00e3o de Doen\u00e7as em Plantas - Selectingredient\",\"isPartOf\":{\"@id\":\"https:\/\/selectingredient.pt\/#website\"},\"primaryImageOfPage\":{\"@id\":\"https:\/\/selectingredient.pt\/home\/produtos\/detecao-doencas-plantas\/#primaryimage\"},\"image\":{\"@id\":\"https:\/\/selectingredient.pt\/home\/produtos\/detecao-doencas-plantas\/#primaryimage\"},\"thumbnailUrl\":\"http:\/\/selectingredient.pt\/wp-content\/uploads\/2024\/11\/logoBioreba.png\",\"datePublished\":\"2024-11-26T12:37:43+00:00\",\"dateModified\":\"2025-01-10T16:15:46+00:00\",\"breadcrumb\":{\"@id\":\"https:\/\/selectingredient.pt\/home\/produtos\/detecao-doencas-plantas\/#breadcrumb\"},\"inLanguage\":\"en-US\",\"potentialAction\":[{\"@type\":\"ReadAction\",\"target\":[\"https:\/\/selectingredient.pt\/home\/produtos\/detecao-doencas-plantas\/\"]}]},{\"@type\":\"ImageObject\",\"inLanguage\":\"en-US\",\"@id\":\"https:\/\/selectingredient.pt\/home\/produtos\/detecao-doencas-plantas\/#primaryimage\",\"url\":\"http:\/\/selectingredient.pt\/wp-content\/uploads\/2024\/11\/logoBioreba.png\",\"contentUrl\":\"http:\/\/selectingredient.pt\/wp-content\/uploads\/2024\/11\/logoBioreba.png\"},{\"@type\":\"BreadcrumbList\",\"@id\":\"https:\/\/selectingredient.pt\/home\/produtos\/detecao-doencas-plantas\/#breadcrumb\",\"itemListElement\":[{\"@type\":\"ListItem\",\"position\":1,\"name\":\"Home\",\"item\":\"https:\/\/selectingredient.pt\/\"},{\"@type\":\"ListItem\",\"position\":2,\"name\":\"Produtos\",\"item\":\"https:\/\/selectingredient.pt\/home\/produtos\/\"},{\"@type\":\"ListItem\",\"position\":3,\"name\":\"Dete\u00e7\u00e3o de Doen\u00e7as em Plantas\"}]},{\"@type\":\"WebSite\",\"@id\":\"https:\/\/selectingredient.pt\/#website\",\"url\":\"https:\/\/selectingredient.pt\/\",\"name\":\"Selectingredient\",\"description\":\"Select Ingredient\",\"publisher\":{\"@id\":\"https:\/\/selectingredient.pt\/#organization\"},\"potentialAction\":[{\"@type\":\"SearchAction\",\"target\":{\"@type\":\"EntryPoint\",\"urlTemplate\":\"https:\/\/selectingredient.pt\/?s={search_term_string}\"},\"query-input\":{\"@type\":\"PropertyValueSpecification\",\"valueRequired\":true,\"valueName\":\"search_term_string\"}}],\"inLanguage\":\"en-US\"},{\"@type\":\"Organization\",\"@id\":\"https:\/\/selectingredient.pt\/#organization\",\"name\":\"Selectingredient\",\"url\":\"https:\/\/selectingredient.pt\/\",\"logo\":{\"@type\":\"ImageObject\",\"inLanguage\":\"en-US\",\"@id\":\"https:\/\/selectingredient.pt\/#\/schema\/logo\/image\/\",\"url\":\"https:\/\/selectingredient.pt\/wp-content\/uploads\/2018\/10\/logo_trans.png\",\"contentUrl\":\"https:\/\/selectingredient.pt\/wp-content\/uploads\/2018\/10\/logo_trans.png\",\"width\":250,\"height\":184,\"caption\":\"Selectingredient\"},\"image\":{\"@id\":\"https:\/\/selectingredient.pt\/#\/schema\/logo\/image\/\"}}]}<\/script>\n<!-- \/ Yoast SEO plugin. -->","yoast_head_json":{"title":"Dete\u00e7\u00e3o de Doen\u00e7as em Plantas - Selectingredient","robots":{"index":"index","follow":"follow","max-snippet":"max-snippet:-1","max-image-preview":"max-image-preview:large","max-video-preview":"max-video-preview:-1"},"canonical":"https:\/\/selectingredient.pt\/en\/home\/produtos\/detecao-doencas-plantas\/","og_locale":"en_US","og_type":"article","og_title":"Dete\u00e7\u00e3o de Doen\u00e7as em Plantas - Selectingredient","og_description":"Dete\u00e7\u00e3o de Doen\u00e7as em Plantas Dete\u00e7\u00e3o de Doen\u00e7as em Plantas Com a dete\u00e7\u00e3o de agentes patog\u00e9nicos em plantas, a Bioreba&nbsp;e a Qualiplante, nossos parceiros, contribuem para o crescimento de plantas e para a preserva\u00e7\u00e3o de sementes saud\u00e1veis garantindo elevados rendimentos agr\u00edcolas, que promovem um fornecimento alimentar est\u00e1vel e consistente para humanos e animais. Os nossos testes de diagn\u00f3stico de plantas detetam mais de 100 agentes patog\u00e9nicos diferentes (V\u00edrus, Bact\u00e9ria, Fungos e Fitoplasmas) por qPCR, ELISA ou tiras de fluxo lateral. A Bioreba disponibiliza servi\u00e7os que incluem: Desenvolvimento e comercializa\u00e7\u00e3o de testes de ELISA, PCR e Tiras de fluxo lateral para a dete\u00e7\u00e3o e quantifica\u00e7\u00e3o de pat\u00f3genos em plantas. Equipamentos e consum\u00edveis para prepara\u00e7\u00e3o de amostras de plantas. An\u00e1lise sorol\u00f3gica e molecular de pat\u00f3genos de plantas no seu laborat\u00f3rio de testes acreditado, certificado de acordo com a ISO\/IEC 17025. A Qualiplante oferece aos laborat\u00f3rios de certifica\u00e7\u00e3o de plantas e a todos os intervenientes da ind\u00fastria agroalimentar, kits moleculares completos de qPCR. Estes testes, r\u00e1pidos e f\u00e1ceis de usar, permitem detetar, de forma fi\u00e1vel e sens\u00edvel, agentes patog\u00e9nicos nas culturas.","og_url":"https:\/\/selectingredient.pt\/en\/home\/produtos\/detecao-doencas-plantas\/","og_site_name":"Selectingredient","article_modified_time":"2025-01-10T16:15:46+00:00","og_image":[{"width":400,"height":190,"url":"https:\/\/selectingredient.pt\/wp-content\/uploads\/2024\/11\/logoBioreba.png","type":"image\/webp"}],"twitter_card":"summary_large_image","twitter_misc":{"Est. reading time":"2 minutes"},"schema":{"@context":"https:\/\/schema.org","@graph":[{"@type":"WebPage","@id":"https:\/\/selectingredient.pt\/home\/produtos\/detecao-doencas-plantas\/","url":"https:\/\/selectingredient.pt\/home\/produtos\/detecao-doencas-plantas\/","name":"Dete\u00e7\u00e3o de Doen\u00e7as em Plantas - Selectingredient","isPartOf":{"@id":"https:\/\/selectingredient.pt\/#website"},"primaryImageOfPage":{"@id":"https:\/\/selectingredient.pt\/home\/produtos\/detecao-doencas-plantas\/#primaryimage"},"image":{"@id":"https:\/\/selectingredient.pt\/home\/produtos\/detecao-doencas-plantas\/#primaryimage"},"thumbnailUrl":"http:\/\/selectingredient.pt\/wp-content\/uploads\/2024\/11\/logoBioreba.png","datePublished":"2024-11-26T12:37:43+00:00","dateModified":"2025-01-10T16:15:46+00:00","breadcrumb":{"@id":"https:\/\/selectingredient.pt\/home\/produtos\/detecao-doencas-plantas\/#breadcrumb"},"inLanguage":"en-US","potentialAction":[{"@type":"ReadAction","target":["https:\/\/selectingredient.pt\/home\/produtos\/detecao-doencas-plantas\/"]}]},{"@type":"ImageObject","inLanguage":"en-US","@id":"https:\/\/selectingredient.pt\/home\/produtos\/detecao-doencas-plantas\/#primaryimage","url":"http:\/\/selectingredient.pt\/wp-content\/uploads\/2024\/11\/logoBioreba.png","contentUrl":"http:\/\/selectingredient.pt\/wp-content\/uploads\/2024\/11\/logoBioreba.png"},{"@type":"BreadcrumbList","@id":"https:\/\/selectingredient.pt\/home\/produtos\/detecao-doencas-plantas\/#breadcrumb","itemListElement":[{"@type":"ListItem","position":1,"name":"Home","item":"https:\/\/selectingredient.pt\/"},{"@type":"ListItem","position":2,"name":"Produtos","item":"https:\/\/selectingredient.pt\/home\/produtos\/"},{"@type":"ListItem","position":3,"name":"Dete\u00e7\u00e3o de Doen\u00e7as em Plantas"}]},{"@type":"WebSite","@id":"https:\/\/selectingredient.pt\/#website","url":"https:\/\/selectingredient.pt\/","name":"Selectingredient","description":"Select Ingredient","publisher":{"@id":"https:\/\/selectingredient.pt\/#organization"},"potentialAction":[{"@type":"SearchAction","target":{"@type":"EntryPoint","urlTemplate":"https:\/\/selectingredient.pt\/?s={search_term_string}"},"query-input":{"@type":"PropertyValueSpecification","valueRequired":true,"valueName":"search_term_string"}}],"inLanguage":"en-US"},{"@type":"Organization","@id":"https:\/\/selectingredient.pt\/#organization","name":"Selectingredient","url":"https:\/\/selectingredient.pt\/","logo":{"@type":"ImageObject","inLanguage":"en-US","@id":"https:\/\/selectingredient.pt\/#\/schema\/logo\/image\/","url":"https:\/\/selectingredient.pt\/wp-content\/uploads\/2018\/10\/logo_trans.png","contentUrl":"https:\/\/selectingredient.pt\/wp-content\/uploads\/2018\/10\/logo_trans.png","width":250,"height":184,"caption":"Selectingredient"},"image":{"@id":"https:\/\/selectingredient.pt\/#\/schema\/logo\/image\/"}}]}},"_links":{"self":[{"href":"https:\/\/selectingredient.pt\/en\/wp-json\/wp\/v2\/pages\/1917","targetHints":{"allow":["GET"]}}],"collection":[{"href":"https:\/\/selectingredient.pt\/en\/wp-json\/wp\/v2\/pages"}],"about":[{"href":"https:\/\/selectingredient.pt\/en\/wp-json\/wp\/v2\/types\/page"}],"author":[{"embeddable":true,"href":"https:\/\/selectingredient.pt\/en\/wp-json\/wp\/v2\/users\/1"}],"replies":[{"embeddable":true,"href":"https:\/\/selectingredient.pt\/en\/wp-json\/wp\/v2\/comments?post=1917"}],"version-history":[{"count":68,"href":"https:\/\/selectingredient.pt\/en\/wp-json\/wp\/v2\/pages\/1917\/revisions"}],"predecessor-version":[{"id":2737,"href":"https:\/\/selectingredient.pt\/en\/wp-json\/wp\/v2\/pages\/1917\/revisions\/2737"}],"up":[{"embeddable":true,"href":"https:\/\/selectingredient.pt\/en\/wp-json\/wp\/v2\/pages\/840"}],"wp:attachment":[{"href":"https:\/\/selectingredient.pt\/en\/wp-json\/wp\/v2\/media?parent=1917"}],"curies":[{"name":"wp","href":"https:\/\/api.w.org\/{rel}","templated":true}]}}