{"id":1928,"date":"2024-11-26T12:52:40","date_gmt":"2024-11-26T12:52:40","guid":{"rendered":"https:\/\/selectingredient.pt\/?page_id=1928"},"modified":"2025-07-07T14:49:15","modified_gmt":"2025-07-07T14:49:15","slug":"extracao-acidos-nucleicos","status":"publish","type":"page","link":"https:\/\/selectingredient.pt\/en\/home\/produtos\/extracao-acidos-nucleicos\/","title":{"rendered":"Nucleic Acids Extraction"},"content":{"rendered":"<div data-elementor-type=\"wp-page\" data-elementor-id=\"1928\" class=\"elementor elementor-1928\" data-elementor-post-type=\"page\">\n\t\t\t\t<div class=\"elementor-element elementor-element-a839057 e-con-full e-flex e-con e-parent\" data-id=\"a839057\" data-element_type=\"container\" data-settings=\"{&quot;background_background&quot;:&quot;slideshow&quot;,&quot;background_slideshow_gallery&quot;:[{&quot;id&quot;:609,&quot;url&quot;:&quot;http:\\\/\\\/selectingredient.pt\\\/wp-content\\\/uploads\\\/2024\\\/10\\\/extracao-acidos-nucleicos.jpg&quot;}],&quot;background_slideshow_loop&quot;:&quot;yes&quot;,&quot;background_slideshow_slide_duration&quot;:5000,&quot;background_slideshow_slide_transition&quot;:&quot;fade&quot;,&quot;background_slideshow_transition_duration&quot;:500}\">\n\t\t\t\t<div class=\"elementor-element elementor-element-633cf1a elementor-widget elementor-widget-heading\" data-id=\"633cf1a\" data-element_type=\"widget\" data-widget_type=\"heading.default\">\n\t\t\t\t<div class=\"elementor-widget-container\">\n\t\t\t\t\t<div class=\"elementor-heading-title elementor-size-default\">Nucleic Acids Extraction<\/div>\t\t\t\t<\/div>\n\t\t\t\t<\/div>\n\t\t\t\t<\/div>\n\t\t<div class=\"elementor-element elementor-element-0ff91f8 e-flex e-con-boxed e-con e-parent\" data-id=\"0ff91f8\" data-element_type=\"container\" data-settings=\"{&quot;background_background&quot;:&quot;classic&quot;}\">\n\t\t\t\t\t<div class=\"e-con-inner\">\n\t\t\t\t<div class=\"elementor-element elementor-element-3afe805 elementor-widget elementor-widget-breadcrumbs\" data-id=\"3afe805\" data-element_type=\"widget\" id=\"breadcrumbs\" data-widget_type=\"breadcrumbs.default\">\n\t\t\t\t<div class=\"elementor-widget-container\">\n\t\t\t\t\t<p id=\"breadcrumbs\"><\/p>\t\t\t\t<\/div>\n\t\t\t\t<\/div>\n\t\t\t\t<div class=\"elementor-element elementor-element-be261df elementor-widget elementor-widget-heading\" data-id=\"be261df\" data-element_type=\"widget\" data-widget_type=\"heading.default\">\n\t\t\t\t<div class=\"elementor-widget-container\">\n\t\t\t\t\t<h1 class=\"elementor-heading-title elementor-size-default\">Nucleic Acids Extraction<\/h1>\t\t\t\t<\/div>\n\t\t\t\t<\/div>\n\t\t\t\t<div class=\"elementor-element elementor-element-e2452d7 elementor-widget elementor-widget-text-editor\" data-id=\"e2452d7\" data-element_type=\"widget\" data-widget_type=\"text-editor.default\">\n\t\t\t\t<div class=\"elementor-widget-container\">\n\t\t\t\t\t\t\t\t\t<p>Nucleic acids extraction consists of isolating DNA or RNA from animal tissues, plants, bacteria, yeast\/molds or viruses. DNA extraction and purification are critical steps in a PCR experiment. The efficiency and sensitivity of a genetic test are, in fact, deeply conditioned by the purity and extraction yield and these, in turn, are linked to the type of food matrix considered.<\/p><p>SelectIngredient supplies DNA and RNA extraction kits for all food, feed, water and veterinary diagnostic matrices.<\/p><p><img fetchpriority=\"high\" decoding=\"async\" class=\"alignnone wp-image-2127 size-full\" src=\"http:\/\/selectingredient.pt\/wp-content\/uploads\/2024\/11\/fit-for-purpose.jpg\" alt=\"fit for purpose\" width=\"646\" height=\"472\" \/><\/p><p><b>SelectIngredient also supplies the isolated components of the PCR and qPCR kits: <\/b><\/p><ul><li style=\"list-style-type: none;\"><ul><li>PCR Mastermix<\/li><li>One step RT-mastermix<\/li><li>Loading dye<\/li><li>TAE buffers<\/li><li>DNA polymerase<\/li><li>Others<\/li><\/ul><\/li><\/ul>\t\t\t\t\t\t\t\t<\/div>\n\t\t\t\t<\/div>\n\t\t\t\t\t<\/div>\n\t\t\t\t<\/div>\n\t\t<div class=\"elementor-element elementor-element-db6ed67 e-flex e-con-boxed e-con e-parent\" data-id=\"db6ed67\" data-element_type=\"container\" data-settings=\"{&quot;background_background&quot;:&quot;classic&quot;}\">\n\t\t\t\t\t<div class=\"e-con-inner\">\n\t\t\t\t<div class=\"elementor-element elementor-element-913a3f1 elementor-widget elementor-widget-heading\" data-id=\"913a3f1\" data-element_type=\"widget\" data-widget_type=\"heading.default\">\n\t\t\t\t<div class=\"elementor-widget-container\">\n\t\t\t\t\t<h2 class=\"elementor-heading-title elementor-size-default\">\n                                        \n                                        \n                                        \n                                        \n                                        <\/h2>\t\t\t\t<\/div>\n\t\t\t\t<\/div>\n\t\t\t\t<div class=\"elementor-element elementor-element-d272ac8 elementor-hidden-mobile elementor-widget elementor-widget-html\" data-id=\"d272ac8\" data-element_type=\"widget\" data-widget_type=\"html.default\">\n\t\t\t\t<div class=\"elementor-widget-container\">\n\t\t\t\t\t<svg width=\"17\" height=\"22\" viewbox=\"0 0 17 22\" fill=\"none\" xmlns=\"http:\/\/www.w3.org\/2000\/svg\">\r\n                                        <path d=\"M11 1H2.5C1.96957 1 1.46086 1.21071 1.08579 1.58579C0.710714 1.96086                                        0.5 2.46957 0.5 3V19C0.5 19.5304 0.710714 20.0391 1.08579                                        20.4142C1.46086 20.7893                                        1.96957 21 2.5 21H14.5C15.0304 21 15.5391 20.7893 15.9142                                        20.4142C16.2893 20.0391                                        16.5 19.5304 16.5 19V6.5L11 1Z\" stroke=\"black\" stroke-linecap=\"round\" stroke-linejoin=\"round\"><\/path>\r\n                                        <path d=\"M10.5 1V7H16.5\" stroke=\"black\" stroke-linecap=\"round\" stroke-linejoin=\"round\"><\/path>\r\n                                        <path d=\"M12.5 12H4.5\" stroke=\"black\" stroke-linecap=\"round\" stroke-linejoin=\"round\"><\/path>\r\n                                        <path d=\"M12.5 16H4.5\" stroke=\"black\" stroke-linecap=\"round\" stroke-linejoin=\"round\"><\/path>\r\n                                        <path d=\"M6.5 8H4.5\" stroke=\"black\" stroke-linecap=\"round\" stroke-linejoin=\"round\"><\/path><\/svg>\t\t\t\t<\/div>\n\t\t\t\t<\/div>\n\t\t<div class=\"elementor-element elementor-element-2c3705b e-con-full e-flex e-con e-child\" data-id=\"2c3705b\" data-element_type=\"container\">\n\t\t\t\t<div class=\"elementor-element elementor-element-645fab6 elementor-widget elementor-widget-heading\" data-id=\"645fab6\" data-element_type=\"widget\" data-widget_type=\"heading.default\">\n\t\t\t\t<div class=\"elementor-widget-container\">\n\t\t\t\t\t<h2 class=\"elementor-heading-title elementor-size-default\">Nucleic Acids Extraction Kits<\/h2>\t\t\t\t<\/div>\n\t\t\t\t<\/div>\n\t\t\t\t<div class=\"elementor-element elementor-element-2828111 elementor-mobile-align-left elementor-widget elementor-widget-button\" data-id=\"2828111\" data-element_type=\"widget\" data-widget_type=\"button.default\">\n\t\t\t\t<div class=\"elementor-widget-container\">\n\t\t\t\t\t\t\t\t\t<div class=\"elementor-button-wrapper\">\n\t\t\t\t\t<a class=\"elementor-button elementor-button-link elementor-size-sm\" href=\"https:\/\/selectingredientbucket.s3.us-east-1.amazonaws.com\/Generon_extraction_DNA.pdf\" target=\"_blank\">\n\t\t\t\t\t\t<span class=\"elementor-button-content-wrapper\">\n\t\t\t\t\t\t\t\t\t<span class=\"elementor-button-text\">Download<\/span>\n\t\t\t\t\t<\/span>\n\t\t\t\t\t<\/a>\n\t\t\t\t<\/div>\n\t\t\t\t\t\t\t\t<\/div>\n\t\t\t\t<\/div>\n\t\t\t\t<\/div>\n\t\t\t\t\t<\/div>\n\t\t\t\t<\/div>\n\t\t\t\t<\/div>","protected":false},"excerpt":{"rendered":"<p>Nucleic acid extraction Nucleic acid extraction consists of isolating DNA or RNA from animal tissues, plants, bacteria, yeast\/ molds or viruses. DNA extraction and purification are critical steps in a PCR experiment. The efficiency and sensitivity of a genetic test are, in fact, deeply conditioned by the purity and extraction yield and these, in turn, are linked to the type of food matrix considered. SelectIngredient supplies DNA and RNA extraction kits for all food, feed, water and veterinary diagnostic matrices. SelectIngredient also supplies the isolated components of PCR and qPCR kits: PCR Mastermix One step RT-mastermix Loading dye Buffers TAE DNA polymerase Other Nucleic Acids Extraction Kits Download<\/p>","protected":false},"author":1,"featured_media":0,"parent":840,"menu_order":0,"comment_status":"closed","ping_status":"closed","template":"","meta":{"footnotes":""},"class_list":["post-1928","page","type-page","status-publish","hentry"],"yoast_head":"<!-- This site is optimized with the Yoast SEO plugin v26.0 - https:\/\/yoast.com\/wordpress\/plugins\/seo\/ -->\n<title>Extra\u00e7\u00e3o de \u00c1cidos Nucleicos - Selectingredient<\/title>\n<meta name=\"robots\" content=\"index, follow, max-snippet:-1, max-image-preview:large, max-video-preview:-1\" \/>\n<link rel=\"canonical\" href=\"https:\/\/selectingredient.pt\/en\/home\/produtos\/extracao-acidos-nucleicos\/\" \/>\n<meta property=\"og:locale\" content=\"en_US\" \/>\n<meta property=\"og:type\" content=\"article\" \/>\n<meta property=\"og:title\" content=\"Extra\u00e7\u00e3o de \u00c1cidos Nucleicos - Selectingredient\" \/>\n<meta property=\"og:description\" content=\"Extra\u00e7\u00e3o de \u00c1cidos Nucleicos Extra\u00e7\u00e3o de \u00c1cidos Nucleicos A extra\u00e7\u00e3o de \u00e1cidos nucleicos consiste no isolamento de DNA ou RNA de tecidos animais, vegetais, bact\u00e9rias, leveduras\/bolores ou v\u00edrus. A extra\u00e7\u00e3o de DNA e a sua purifica\u00e7\u00e3o s\u00e3o etapas cr\u00edticas numa experi\u00eancia de PCR. A efici\u00eancia e a sensibilidade de um teste gen\u00e9tico est\u00e3o, de facto, profundamente condicionadas pela pureza e pelo rendimento extrativo e estes, por sua vez, est\u00e3o ligados ao tipo de matriz alimentar considerada. A SelectIngredient fornece kits para a extra\u00e7\u00e3o de DNA e RNA para todas as matrizes alimentares, ra\u00e7\u00f5es, \u00e1guas e diagn\u00f3stico veterin\u00e1rio. A SelectIngredient tamb\u00e9m fornece os componentes isolados dos kits de PCR e qPCR: PCR Mastermix One step RT-mastermix Loading dye Tamp\u00f5es TAE DNA polimerase Outros Nucleic Acids Extraction Kits Download\" \/>\n<meta property=\"og:url\" content=\"https:\/\/selectingredient.pt\/en\/home\/produtos\/extracao-acidos-nucleicos\/\" \/>\n<meta property=\"og:site_name\" content=\"Selectingredient\" \/>\n<meta property=\"article:modified_time\" content=\"2025-07-07T14:49:15+00:00\" \/>\n<meta property=\"og:image\" content=\"https:\/\/selectingredient.pt\/wp-content\/uploads\/2024\/11\/fit-for-purpose.webp\" \/>\n\t<meta property=\"og:image:width\" content=\"646\" \/>\n\t<meta property=\"og:image:height\" content=\"472\" \/>\n\t<meta property=\"og:image:type\" content=\"image\/webp\" \/>\n<meta name=\"twitter:card\" content=\"summary_large_image\" \/>\n<meta name=\"twitter:label1\" content=\"Est. reading time\" \/>\n\t<meta name=\"twitter:data1\" content=\"1 minute\" \/>\n<script type=\"application\/ld+json\" class=\"yoast-schema-graph\">{\"@context\":\"https:\/\/schema.org\",\"@graph\":[{\"@type\":\"WebPage\",\"@id\":\"https:\/\/selectingredient.pt\/home\/produtos\/extracao-acidos-nucleicos\/\",\"url\":\"https:\/\/selectingredient.pt\/home\/produtos\/extracao-acidos-nucleicos\/\",\"name\":\"Extra\u00e7\u00e3o de \u00c1cidos Nucleicos - Selectingredient\",\"isPartOf\":{\"@id\":\"https:\/\/selectingredient.pt\/#website\"},\"primaryImageOfPage\":{\"@id\":\"https:\/\/selectingredient.pt\/home\/produtos\/extracao-acidos-nucleicos\/#primaryimage\"},\"image\":{\"@id\":\"https:\/\/selectingredient.pt\/home\/produtos\/extracao-acidos-nucleicos\/#primaryimage\"},\"thumbnailUrl\":\"http:\/\/selectingredient.pt\/wp-content\/uploads\/2024\/11\/fit-for-purpose.jpg\",\"datePublished\":\"2024-11-26T12:52:40+00:00\",\"dateModified\":\"2025-07-07T14:49:15+00:00\",\"breadcrumb\":{\"@id\":\"https:\/\/selectingredient.pt\/home\/produtos\/extracao-acidos-nucleicos\/#breadcrumb\"},\"inLanguage\":\"en-US\",\"potentialAction\":[{\"@type\":\"ReadAction\",\"target\":[\"https:\/\/selectingredient.pt\/home\/produtos\/extracao-acidos-nucleicos\/\"]}]},{\"@type\":\"ImageObject\",\"inLanguage\":\"en-US\",\"@id\":\"https:\/\/selectingredient.pt\/home\/produtos\/extracao-acidos-nucleicos\/#primaryimage\",\"url\":\"http:\/\/selectingredient.pt\/wp-content\/uploads\/2024\/11\/fit-for-purpose.jpg\",\"contentUrl\":\"http:\/\/selectingredient.pt\/wp-content\/uploads\/2024\/11\/fit-for-purpose.jpg\"},{\"@type\":\"BreadcrumbList\",\"@id\":\"https:\/\/selectingredient.pt\/home\/produtos\/extracao-acidos-nucleicos\/#breadcrumb\",\"itemListElement\":[{\"@type\":\"ListItem\",\"position\":1,\"name\":\"Home\",\"item\":\"https:\/\/selectingredient.pt\/\"},{\"@type\":\"ListItem\",\"position\":2,\"name\":\"Produtos\",\"item\":\"https:\/\/selectingredient.pt\/home\/produtos\/\"},{\"@type\":\"ListItem\",\"position\":3,\"name\":\"Extra\u00e7\u00e3o de \u00c1cidos Nucleicos\"}]},{\"@type\":\"WebSite\",\"@id\":\"https:\/\/selectingredient.pt\/#website\",\"url\":\"https:\/\/selectingredient.pt\/\",\"name\":\"Selectingredient\",\"description\":\"Select Ingredient\",\"publisher\":{\"@id\":\"https:\/\/selectingredient.pt\/#organization\"},\"potentialAction\":[{\"@type\":\"SearchAction\",\"target\":{\"@type\":\"EntryPoint\",\"urlTemplate\":\"https:\/\/selectingredient.pt\/?s={search_term_string}\"},\"query-input\":{\"@type\":\"PropertyValueSpecification\",\"valueRequired\":true,\"valueName\":\"search_term_string\"}}],\"inLanguage\":\"en-US\"},{\"@type\":\"Organization\",\"@id\":\"https:\/\/selectingredient.pt\/#organization\",\"name\":\"Selectingredient\",\"url\":\"https:\/\/selectingredient.pt\/\",\"logo\":{\"@type\":\"ImageObject\",\"inLanguage\":\"en-US\",\"@id\":\"https:\/\/selectingredient.pt\/#\/schema\/logo\/image\/\",\"url\":\"https:\/\/selectingredient.pt\/wp-content\/uploads\/2018\/10\/logo_trans.png\",\"contentUrl\":\"https:\/\/selectingredient.pt\/wp-content\/uploads\/2018\/10\/logo_trans.png\",\"width\":250,\"height\":184,\"caption\":\"Selectingredient\"},\"image\":{\"@id\":\"https:\/\/selectingredient.pt\/#\/schema\/logo\/image\/\"}}]}<\/script>\n<!-- \/ Yoast SEO plugin. -->","yoast_head_json":{"title":"Nucleic Acid Extraction - Selectingredient","robots":{"index":"index","follow":"follow","max-snippet":"max-snippet:-1","max-image-preview":"max-image-preview:large","max-video-preview":"max-video-preview:-1"},"canonical":"https:\/\/selectingredient.pt\/en\/home\/produtos\/extracao-acidos-nucleicos\/","og_locale":"en_US","og_type":"article","og_title":"Extra\u00e7\u00e3o de \u00c1cidos Nucleicos - Selectingredient","og_description":"Extra\u00e7\u00e3o de \u00c1cidos Nucleicos Extra\u00e7\u00e3o de \u00c1cidos Nucleicos A extra\u00e7\u00e3o de \u00e1cidos nucleicos consiste no isolamento de DNA ou RNA de tecidos animais, vegetais, bact\u00e9rias, leveduras\/bolores ou v\u00edrus. A extra\u00e7\u00e3o de DNA e a sua purifica\u00e7\u00e3o s\u00e3o etapas cr\u00edticas numa experi\u00eancia de PCR. A efici\u00eancia e a sensibilidade de um teste gen\u00e9tico est\u00e3o, de facto, profundamente condicionadas pela pureza e pelo rendimento extrativo e estes, por sua vez, est\u00e3o ligados ao tipo de matriz alimentar considerada. A SelectIngredient fornece kits para a extra\u00e7\u00e3o de DNA e RNA para todas as matrizes alimentares, ra\u00e7\u00f5es, \u00e1guas e diagn\u00f3stico veterin\u00e1rio. A SelectIngredient tamb\u00e9m fornece os componentes isolados dos kits de PCR e qPCR: PCR Mastermix One step RT-mastermix Loading dye Tamp\u00f5es TAE DNA polimerase Outros Nucleic Acids Extraction Kits Download","og_url":"https:\/\/selectingredient.pt\/en\/home\/produtos\/extracao-acidos-nucleicos\/","og_site_name":"Selectingredient","article_modified_time":"2025-07-07T14:49:15+00:00","og_image":[{"width":646,"height":472,"url":"https:\/\/selectingredient.pt\/wp-content\/uploads\/2024\/11\/fit-for-purpose.webp","type":"image\/webp"}],"twitter_card":"summary_large_image","twitter_misc":{"Est. reading time":"1 minute"},"schema":{"@context":"https:\/\/schema.org","@graph":[{"@type":"WebPage","@id":"https:\/\/selectingredient.pt\/home\/produtos\/extracao-acidos-nucleicos\/","url":"https:\/\/selectingredient.pt\/home\/produtos\/extracao-acidos-nucleicos\/","name":"Nucleic Acid Extraction - Selectingredient","isPartOf":{"@id":"https:\/\/selectingredient.pt\/#website"},"primaryImageOfPage":{"@id":"https:\/\/selectingredient.pt\/home\/produtos\/extracao-acidos-nucleicos\/#primaryimage"},"image":{"@id":"https:\/\/selectingredient.pt\/home\/produtos\/extracao-acidos-nucleicos\/#primaryimage"},"thumbnailUrl":"http:\/\/selectingredient.pt\/wp-content\/uploads\/2024\/11\/fit-for-purpose.jpg","datePublished":"2024-11-26T12:52:40+00:00","dateModified":"2025-07-07T14:49:15+00:00","breadcrumb":{"@id":"https:\/\/selectingredient.pt\/home\/produtos\/extracao-acidos-nucleicos\/#breadcrumb"},"inLanguage":"en-US","potentialAction":[{"@type":"ReadAction","target":["https:\/\/selectingredient.pt\/home\/produtos\/extracao-acidos-nucleicos\/"]}]},{"@type":"ImageObject","inLanguage":"en-US","@id":"https:\/\/selectingredient.pt\/home\/produtos\/extracao-acidos-nucleicos\/#primaryimage","url":"http:\/\/selectingredient.pt\/wp-content\/uploads\/2024\/11\/fit-for-purpose.jpg","contentUrl":"http:\/\/selectingredient.pt\/wp-content\/uploads\/2024\/11\/fit-for-purpose.jpg"},{"@type":"BreadcrumbList","@id":"https:\/\/selectingredient.pt\/home\/produtos\/extracao-acidos-nucleicos\/#breadcrumb","itemListElement":[{"@type":"ListItem","position":1,"name":"Home","item":"https:\/\/selectingredient.pt\/"},{"@type":"ListItem","position":2,"name":"Produtos","item":"https:\/\/selectingredient.pt\/home\/produtos\/"},{"@type":"ListItem","position":3,"name":"Extra\u00e7\u00e3o de \u00c1cidos Nucleicos"}]},{"@type":"WebSite","@id":"https:\/\/selectingredient.pt\/#website","url":"https:\/\/selectingredient.pt\/","name":"Selectingredient","description":"Select Ingredient","publisher":{"@id":"https:\/\/selectingredient.pt\/#organization"},"potentialAction":[{"@type":"SearchAction","target":{"@type":"EntryPoint","urlTemplate":"https:\/\/selectingredient.pt\/?s={search_term_string}"},"query-input":{"@type":"PropertyValueSpecification","valueRequired":true,"valueName":"search_term_string"}}],"inLanguage":"en-US"},{"@type":"Organization","@id":"https:\/\/selectingredient.pt\/#organization","name":"Selectingredient","url":"https:\/\/selectingredient.pt\/","logo":{"@type":"ImageObject","inLanguage":"en-US","@id":"https:\/\/selectingredient.pt\/#\/schema\/logo\/image\/","url":"https:\/\/selectingredient.pt\/wp-content\/uploads\/2018\/10\/logo_trans.png","contentUrl":"https:\/\/selectingredient.pt\/wp-content\/uploads\/2018\/10\/logo_trans.png","width":250,"height":184,"caption":"Selectingredient"},"image":{"@id":"https:\/\/selectingredient.pt\/#\/schema\/logo\/image\/"}}]}},"_links":{"self":[{"href":"https:\/\/selectingredient.pt\/en\/wp-json\/wp\/v2\/pages\/1928","targetHints":{"allow":["GET"]}}],"collection":[{"href":"https:\/\/selectingredient.pt\/en\/wp-json\/wp\/v2\/pages"}],"about":[{"href":"https:\/\/selectingredient.pt\/en\/wp-json\/wp\/v2\/types\/page"}],"author":[{"embeddable":true,"href":"https:\/\/selectingredient.pt\/en\/wp-json\/wp\/v2\/users\/1"}],"replies":[{"embeddable":true,"href":"https:\/\/selectingredient.pt\/en\/wp-json\/wp\/v2\/comments?post=1928"}],"version-history":[{"count":32,"href":"https:\/\/selectingredient.pt\/en\/wp-json\/wp\/v2\/pages\/1928\/revisions"}],"predecessor-version":[{"id":2829,"href":"https:\/\/selectingredient.pt\/en\/wp-json\/wp\/v2\/pages\/1928\/revisions\/2829"}],"up":[{"embeddable":true,"href":"https:\/\/selectingredient.pt\/en\/wp-json\/wp\/v2\/pages\/840"}],"wp:attachment":[{"href":"https:\/\/selectingredient.pt\/en\/wp-json\/wp\/v2\/media?parent=1928"}],"curies":[{"name":"wp","href":"https:\/\/api.w.org\/{rel}","templated":true}]}}