{"id":1983,"date":"2024-11-26T16:22:12","date_gmt":"2024-11-26T16:22:12","guid":{"rendered":"https:\/\/selectingredient.pt\/?page_id=1983"},"modified":"2025-01-10T16:25:12","modified_gmt":"2025-01-10T16:25:12","slug":"virus-alimentos-aguas","status":"publish","type":"page","link":"https:\/\/selectingredient.pt\/en\/home\/produtos\/virus-alimentos-aguas\/","title":{"rendered":"Food\/Water Virology"},"content":{"rendered":"<div data-elementor-type=\"wp-page\" data-elementor-id=\"1983\" class=\"elementor elementor-1983\" data-elementor-post-type=\"page\">\n\t\t\t\t<div class=\"elementor-element elementor-element-a839057 e-con-full e-flex e-con e-parent\" data-id=\"a839057\" data-element_type=\"container\" data-settings=\"{&quot;background_background&quot;:&quot;slideshow&quot;,&quot;background_slideshow_gallery&quot;:[{&quot;id&quot;:612,&quot;url&quot;:&quot;http:\\\/\\\/selectingredient.pt\\\/wp-content\\\/uploads\\\/2024\\\/10\\\/virus-alimentos-aguas.jpg&quot;}],&quot;background_slideshow_loop&quot;:&quot;yes&quot;,&quot;background_slideshow_slide_duration&quot;:5000,&quot;background_slideshow_slide_transition&quot;:&quot;fade&quot;,&quot;background_slideshow_transition_duration&quot;:500}\">\n\t\t\t\t<div class=\"elementor-element elementor-element-633cf1a elementor-widget elementor-widget-heading\" data-id=\"633cf1a\" data-element_type=\"widget\" data-widget_type=\"heading.default\">\n\t\t\t\t<div class=\"elementor-widget-container\">\n\t\t\t\t\t<div class=\"elementor-heading-title elementor-size-default\">Food\/Water Virology<\/div>\t\t\t\t<\/div>\n\t\t\t\t<\/div>\n\t\t\t\t<\/div>\n\t\t<div class=\"elementor-element elementor-element-0ff91f8 e-flex e-con-boxed e-con e-parent\" data-id=\"0ff91f8\" data-element_type=\"container\" data-settings=\"{&quot;background_background&quot;:&quot;classic&quot;}\">\n\t\t\t\t\t<div class=\"e-con-inner\">\n\t\t\t\t<div class=\"elementor-element elementor-element-3afe805 elementor-widget elementor-widget-breadcrumbs\" data-id=\"3afe805\" data-element_type=\"widget\" id=\"breadcrumbs\" data-widget_type=\"breadcrumbs.default\">\n\t\t\t\t<div class=\"elementor-widget-container\">\n\t\t\t\t\t<p id=\"breadcrumbs\"><\/p>\t\t\t\t<\/div>\n\t\t\t\t<\/div>\n\t\t\t\t<div class=\"elementor-element elementor-element-be261df elementor-widget elementor-widget-heading\" data-id=\"be261df\" data-element_type=\"widget\" data-widget_type=\"heading.default\">\n\t\t\t\t<div class=\"elementor-widget-container\">\n\t\t\t\t\t<h1 class=\"elementor-heading-title elementor-size-default\">Food\/Water Virology<\/h1>\t\t\t\t<\/div>\n\t\t\t\t<\/div>\n\t\t\t\t<div class=\"elementor-element elementor-element-e2452d7 elementor-widget elementor-widget-text-editor\" data-id=\"e2452d7\" data-element_type=\"widget\" data-widget_type=\"text-editor.default\">\n\t\t\t\t<div class=\"elementor-widget-container\">\n\t\t\t\t\t\t\t\t\t<p>Foodborne viruses are pathogens that can be transmitted through contaminated food, polluted water and the interaction between animals and humans. To prevent infections, it is essential to adopt good hygiene practices, cook food at safe temperatures and store it properly.\u00a0<\/p><p>Raising awareness of these risks, collaboration between health authorities and the food industry is essential to ensure food safety and protect human health.<\/p><p>The main viruses associated with foodborne illness include Norovirus, Hepatitis A virus and Rotavirus.<\/p><p>Norovirus (NoV types I and II) and the Hepatitis A virus (HAV) are extremely contagious, and even a tiny amount of viral particles can cause serious infections. These viruses can persist for up to two weeks in the environment, which means that the majority of infections diagnosed are related to the consumption of contaminated water or food.<\/p><p>Currently, PCR is the only technology used to detect HAV and NoV, and SelectIngredient uses this technique to <strong>identify and quantify<\/strong> these two viruses.<\/p>\t\t\t\t\t\t\t\t<\/div>\n\t\t\t\t<\/div>\n\t\t\t\t\t<\/div>\n\t\t\t\t<\/div>\n\t\t<div class=\"elementor-element elementor-element-db6ed67 e-flex e-con-boxed e-con e-parent\" data-id=\"db6ed67\" data-element_type=\"container\" data-settings=\"{&quot;background_background&quot;:&quot;classic&quot;}\">\n\t\t\t\t\t<div class=\"e-con-inner\">\n\t\t\t\t<div class=\"elementor-element elementor-element-d272ac8 elementor-hidden-mobile elementor-widget elementor-widget-html\" data-id=\"d272ac8\" data-element_type=\"widget\" data-widget_type=\"html.default\">\n\t\t\t\t<div class=\"elementor-widget-container\">\n\t\t\t\t\t<svg width=\"17\" height=\"22\" viewbox=\"0 0 17 22\" fill=\"none\" xmlns=\"http:\/\/www.w3.org\/2000\/svg\">\r\n                                        <path d=\"M11 1H2.5C1.96957 1 1.46086 1.21071 1.08579 1.58579C0.710714 1.96086                                        0.5 2.46957 0.5 3V19C0.5 19.5304 0.710714 20.0391 1.08579                                        20.4142C1.46086 20.7893                                        1.96957 21 2.5 21H14.5C15.0304 21 15.5391 20.7893 15.9142                                        20.4142C16.2893 20.0391                                        16.5 19.5304 16.5 19V6.5L11 1Z\" stroke=\"black\" stroke-linecap=\"round\" stroke-linejoin=\"round\"><\/path>\r\n                                        <path d=\"M10.5 1V7H16.5\" stroke=\"black\" stroke-linecap=\"round\" stroke-linejoin=\"round\"><\/path>\r\n                                        <path d=\"M12.5 12H4.5\" stroke=\"black\" stroke-linecap=\"round\" stroke-linejoin=\"round\"><\/path>\r\n                                        <path d=\"M12.5 16H4.5\" stroke=\"black\" stroke-linecap=\"round\" stroke-linejoin=\"round\"><\/path>\r\n                                        <path d=\"M6.5 8H4.5\" stroke=\"black\" stroke-linecap=\"round\" stroke-linejoin=\"round\"><\/path><\/svg>\t\t\t\t<\/div>\n\t\t\t\t<\/div>\n\t\t<div class=\"elementor-element elementor-element-2c3705b e-con-full e-flex e-con e-child\" data-id=\"2c3705b\" data-element_type=\"container\">\n\t\t\t\t<div class=\"elementor-element elementor-element-645fab6 elementor-widget elementor-widget-heading\" data-id=\"645fab6\" data-element_type=\"widget\" data-widget_type=\"heading.default\">\n\t\t\t\t<div class=\"elementor-widget-container\">\n\t\t\t\t\t<h2 class=\"elementor-heading-title elementor-size-default\">WHATfinder Norovirus and Hepatitis<\/h2>\t\t\t\t<\/div>\n\t\t\t\t<\/div>\n\t\t\t\t<div class=\"elementor-element elementor-element-2828111 elementor-mobile-align-left elementor-widget elementor-widget-button\" data-id=\"2828111\" data-element_type=\"widget\" data-widget_type=\"button.default\">\n\t\t\t\t<div class=\"elementor-widget-container\">\n\t\t\t\t\t\t\t\t\t<div class=\"elementor-button-wrapper\">\n\t\t\t\t\t<a class=\"elementor-button elementor-button-link elementor-size-sm\" href=\"https:\/\/selectingredient.pt\/wp-content\/uploads\/2024\/11\/Generon-Virus.pdf\" target=\"_blank\">\n\t\t\t\t\t\t<span class=\"elementor-button-content-wrapper\">\n\t\t\t\t\t\t\t\t\t<span class=\"elementor-button-text\">Download<\/span>\n\t\t\t\t\t<\/span>\n\t\t\t\t\t<\/a>\n\t\t\t\t<\/div>\n\t\t\t\t\t\t\t\t<\/div>\n\t\t\t\t<\/div>\n\t\t\t\t<\/div>\n\t\t\t\t\t<\/div>\n\t\t\t\t<\/div>\n\t\t\t\t<\/div>","protected":false},"excerpt":{"rendered":"<p>Viruses in Food and Water Viruses in Food and Water Food viruses are pathogens that can be transmitted through contaminated food, polluted water and the interaction between animals and humans. To prevent infections, it is essential to adopt good hygiene practices, cook food at safe temperatures and store it properly.  Raising awareness of these risks, along with collaboration between health authorities and the food industry, is essential to ensure food safety and protect human health. The main viruses associated with foodborne illness include Norovirus, Hepatitis A virus and Rotavirus. Norovirus (NoV types I and II) and Hepatitis A virus (HAV) are extremely contagious, and even a tiny amount of viral particles can cause serious infections. These viruses can persist for up to two weeks in the environment, which means that the majority of infections diagnosed are related to the consumption of contaminated water or food. PCR is currently the only technology used to detect HAV and NoV, and SelectIngredient uses this technique to identify and quantify these two viruses. WHATfinder Norovirus and Hepatitis Download<\/p>","protected":false},"author":1,"featured_media":0,"parent":840,"menu_order":0,"comment_status":"closed","ping_status":"closed","template":"","meta":{"footnotes":""},"class_list":["post-1983","page","type-page","status-publish","hentry"],"yoast_head":"<!-- This site is optimized with the Yoast SEO plugin v26.0 - https:\/\/yoast.com\/wordpress\/plugins\/seo\/ -->\n<title>V\u00edrus em Alimentos e \u00c1guas - Selectingredient<\/title>\n<meta name=\"robots\" content=\"index, follow, max-snippet:-1, max-image-preview:large, max-video-preview:-1\" \/>\n<link rel=\"canonical\" href=\"https:\/\/selectingredient.pt\/en\/home\/produtos\/virus-alimentos-aguas\/\" \/>\n<meta property=\"og:locale\" content=\"en_US\" \/>\n<meta property=\"og:type\" content=\"article\" \/>\n<meta property=\"og:title\" content=\"V\u00edrus em Alimentos e \u00c1guas - Selectingredient\" \/>\n<meta property=\"og:description\" content=\"V\u00edrus em Alimentos e \u00c1guas V\u00edrus em Alimentos e \u00c1guas Os v\u00edrus alimentares s\u00e3o pat\u00f3genos que podem ser transmitidos atrav\u00e9s de alimentos contaminados, \u00e1guas polu\u00eddas e pela intera\u00e7\u00e3o entre animais e humanos. Para prevenir infe\u00e7\u00f5es, \u00e9 fundamental adotar boas pr\u00e1ticas de higiene, cozinhar os alimentos a temperaturas seguras e armazen\u00e1-los adequadamente.\u00a0 A conscientiza\u00e7\u00e3o sobre esses riscos, juntamente com a colabora\u00e7\u00e3o entre autoridades de sa\u00fade e a ind\u00fastria de alimentos, \u00e9 essencial para garantir a seguran\u00e7a alimentar e proteger a sa\u00fade humana. Os principais v\u00edrus associados a doen\u00e7as alimentares incluem o Norov\u00edrus, o v\u00edrus da Hepatite A e o Rotav\u00edrus. O Norov\u00edrus (NoV tipos I e II) e o v\u00edrus da Hepatite A (HAV) s\u00e3o extremamente contagiosos, sendo que at\u00e9 uma quantidade m\u00ednima de part\u00edculas virais pode provocar infe\u00e7\u00f5es graves. Esses v\u00edrus podem persistir at\u00e9 duas semanas no ambiente, o que leva a que a maioria das infe\u00e7\u00f5es diagnosticadas esteja relacionada ao consumo de \u00e1gua ou alimentos contaminados. Atualmente, a PCR \u00e9 a \u00fanica tecnologia utilizada para a dete\u00e7\u00e3o de HAV e NoV, sendo a t\u00e9cnica empregada pela SelectIngredient para identificar e quantificar esses dois v\u00edrus. WHATfinder Norovirus and Hepatitis Download\" \/>\n<meta property=\"og:url\" content=\"https:\/\/selectingredient.pt\/en\/home\/produtos\/virus-alimentos-aguas\/\" \/>\n<meta property=\"og:site_name\" content=\"Selectingredient\" \/>\n<meta property=\"article:modified_time\" content=\"2025-01-10T16:25:12+00:00\" \/>\n<meta name=\"twitter:card\" content=\"summary_large_image\" \/>\n<meta name=\"twitter:label1\" content=\"Est. reading time\" \/>\n\t<meta name=\"twitter:data1\" content=\"2 minutes\" \/>\n<script type=\"application\/ld+json\" class=\"yoast-schema-graph\">{\"@context\":\"https:\/\/schema.org\",\"@graph\":[{\"@type\":\"WebPage\",\"@id\":\"https:\/\/selectingredient.pt\/home\/produtos\/virus-alimentos-aguas\/\",\"url\":\"https:\/\/selectingredient.pt\/home\/produtos\/virus-alimentos-aguas\/\",\"name\":\"V\u00edrus em Alimentos e \u00c1guas - Selectingredient\",\"isPartOf\":{\"@id\":\"https:\/\/selectingredient.pt\/#website\"},\"datePublished\":\"2024-11-26T16:22:12+00:00\",\"dateModified\":\"2025-01-10T16:25:12+00:00\",\"breadcrumb\":{\"@id\":\"https:\/\/selectingredient.pt\/home\/produtos\/virus-alimentos-aguas\/#breadcrumb\"},\"inLanguage\":\"en-US\",\"potentialAction\":[{\"@type\":\"ReadAction\",\"target\":[\"https:\/\/selectingredient.pt\/home\/produtos\/virus-alimentos-aguas\/\"]}]},{\"@type\":\"BreadcrumbList\",\"@id\":\"https:\/\/selectingredient.pt\/home\/produtos\/virus-alimentos-aguas\/#breadcrumb\",\"itemListElement\":[{\"@type\":\"ListItem\",\"position\":1,\"name\":\"Home\",\"item\":\"https:\/\/selectingredient.pt\/\"},{\"@type\":\"ListItem\",\"position\":2,\"name\":\"Produtos\",\"item\":\"https:\/\/selectingredient.pt\/home\/produtos\/\"},{\"@type\":\"ListItem\",\"position\":3,\"name\":\"V\u00edrus em Alimentos e \u00c1guas\"}]},{\"@type\":\"WebSite\",\"@id\":\"https:\/\/selectingredient.pt\/#website\",\"url\":\"https:\/\/selectingredient.pt\/\",\"name\":\"Selectingredient\",\"description\":\"Select Ingredient\",\"publisher\":{\"@id\":\"https:\/\/selectingredient.pt\/#organization\"},\"potentialAction\":[{\"@type\":\"SearchAction\",\"target\":{\"@type\":\"EntryPoint\",\"urlTemplate\":\"https:\/\/selectingredient.pt\/?s={search_term_string}\"},\"query-input\":{\"@type\":\"PropertyValueSpecification\",\"valueRequired\":true,\"valueName\":\"search_term_string\"}}],\"inLanguage\":\"en-US\"},{\"@type\":\"Organization\",\"@id\":\"https:\/\/selectingredient.pt\/#organization\",\"name\":\"Selectingredient\",\"url\":\"https:\/\/selectingredient.pt\/\",\"logo\":{\"@type\":\"ImageObject\",\"inLanguage\":\"en-US\",\"@id\":\"https:\/\/selectingredient.pt\/#\/schema\/logo\/image\/\",\"url\":\"https:\/\/selectingredient.pt\/wp-content\/uploads\/2018\/10\/logo_trans.png\",\"contentUrl\":\"https:\/\/selectingredient.pt\/wp-content\/uploads\/2018\/10\/logo_trans.png\",\"width\":250,\"height\":184,\"caption\":\"Selectingredient\"},\"image\":{\"@id\":\"https:\/\/selectingredient.pt\/#\/schema\/logo\/image\/\"}}]}<\/script>\n<!-- \/ Yoast SEO plugin. -->","yoast_head_json":{"title":"V\u00edrus em Alimentos e \u00c1guas - Selectingredient","robots":{"index":"index","follow":"follow","max-snippet":"max-snippet:-1","max-image-preview":"max-image-preview:large","max-video-preview":"max-video-preview:-1"},"canonical":"https:\/\/selectingredient.pt\/en\/home\/produtos\/virus-alimentos-aguas\/","og_locale":"en_US","og_type":"article","og_title":"V\u00edrus em Alimentos e \u00c1guas - Selectingredient","og_description":"V\u00edrus em Alimentos e \u00c1guas V\u00edrus em Alimentos e \u00c1guas Os v\u00edrus alimentares s\u00e3o pat\u00f3genos que podem ser transmitidos atrav\u00e9s de alimentos contaminados, \u00e1guas polu\u00eddas e pela intera\u00e7\u00e3o entre animais e humanos. Para prevenir infe\u00e7\u00f5es, \u00e9 fundamental adotar boas pr\u00e1ticas de higiene, cozinhar os alimentos a temperaturas seguras e armazen\u00e1-los adequadamente.\u00a0 A conscientiza\u00e7\u00e3o sobre esses riscos, juntamente com a colabora\u00e7\u00e3o entre autoridades de sa\u00fade e a ind\u00fastria de alimentos, \u00e9 essencial para garantir a seguran\u00e7a alimentar e proteger a sa\u00fade humana. Os principais v\u00edrus associados a doen\u00e7as alimentares incluem o Norov\u00edrus, o v\u00edrus da Hepatite A e o Rotav\u00edrus. O Norov\u00edrus (NoV tipos I e II) e o v\u00edrus da Hepatite A (HAV) s\u00e3o extremamente contagiosos, sendo que at\u00e9 uma quantidade m\u00ednima de part\u00edculas virais pode provocar infe\u00e7\u00f5es graves. Esses v\u00edrus podem persistir at\u00e9 duas semanas no ambiente, o que leva a que a maioria das infe\u00e7\u00f5es diagnosticadas esteja relacionada ao consumo de \u00e1gua ou alimentos contaminados. Atualmente, a PCR \u00e9 a \u00fanica tecnologia utilizada para a dete\u00e7\u00e3o de HAV e NoV, sendo a t\u00e9cnica empregada pela SelectIngredient para identificar e quantificar esses dois v\u00edrus. WHATfinder Norovirus and Hepatitis Download","og_url":"https:\/\/selectingredient.pt\/en\/home\/produtos\/virus-alimentos-aguas\/","og_site_name":"Selectingredient","article_modified_time":"2025-01-10T16:25:12+00:00","twitter_card":"summary_large_image","twitter_misc":{"Est. reading time":"2 minutes"},"schema":{"@context":"https:\/\/schema.org","@graph":[{"@type":"WebPage","@id":"https:\/\/selectingredient.pt\/home\/produtos\/virus-alimentos-aguas\/","url":"https:\/\/selectingredient.pt\/home\/produtos\/virus-alimentos-aguas\/","name":"V\u00edrus em Alimentos e \u00c1guas - Selectingredient","isPartOf":{"@id":"https:\/\/selectingredient.pt\/#website"},"datePublished":"2024-11-26T16:22:12+00:00","dateModified":"2025-01-10T16:25:12+00:00","breadcrumb":{"@id":"https:\/\/selectingredient.pt\/home\/produtos\/virus-alimentos-aguas\/#breadcrumb"},"inLanguage":"en-US","potentialAction":[{"@type":"ReadAction","target":["https:\/\/selectingredient.pt\/home\/produtos\/virus-alimentos-aguas\/"]}]},{"@type":"BreadcrumbList","@id":"https:\/\/selectingredient.pt\/home\/produtos\/virus-alimentos-aguas\/#breadcrumb","itemListElement":[{"@type":"ListItem","position":1,"name":"Home","item":"https:\/\/selectingredient.pt\/"},{"@type":"ListItem","position":2,"name":"Produtos","item":"https:\/\/selectingredient.pt\/home\/produtos\/"},{"@type":"ListItem","position":3,"name":"V\u00edrus em Alimentos e \u00c1guas"}]},{"@type":"WebSite","@id":"https:\/\/selectingredient.pt\/#website","url":"https:\/\/selectingredient.pt\/","name":"Selectingredient","description":"Select Ingredient","publisher":{"@id":"https:\/\/selectingredient.pt\/#organization"},"potentialAction":[{"@type":"SearchAction","target":{"@type":"EntryPoint","urlTemplate":"https:\/\/selectingredient.pt\/?s={search_term_string}"},"query-input":{"@type":"PropertyValueSpecification","valueRequired":true,"valueName":"search_term_string"}}],"inLanguage":"en-US"},{"@type":"Organization","@id":"https:\/\/selectingredient.pt\/#organization","name":"Selectingredient","url":"https:\/\/selectingredient.pt\/","logo":{"@type":"ImageObject","inLanguage":"en-US","@id":"https:\/\/selectingredient.pt\/#\/schema\/logo\/image\/","url":"https:\/\/selectingredient.pt\/wp-content\/uploads\/2018\/10\/logo_trans.png","contentUrl":"https:\/\/selectingredient.pt\/wp-content\/uploads\/2018\/10\/logo_trans.png","width":250,"height":184,"caption":"Selectingredient"},"image":{"@id":"https:\/\/selectingredient.pt\/#\/schema\/logo\/image\/"}}]}},"_links":{"self":[{"href":"https:\/\/selectingredient.pt\/en\/wp-json\/wp\/v2\/pages\/1983","targetHints":{"allow":["GET"]}}],"collection":[{"href":"https:\/\/selectingredient.pt\/en\/wp-json\/wp\/v2\/pages"}],"about":[{"href":"https:\/\/selectingredient.pt\/en\/wp-json\/wp\/v2\/types\/page"}],"author":[{"embeddable":true,"href":"https:\/\/selectingredient.pt\/en\/wp-json\/wp\/v2\/users\/1"}],"replies":[{"embeddable":true,"href":"https:\/\/selectingredient.pt\/en\/wp-json\/wp\/v2\/comments?post=1983"}],"version-history":[{"count":19,"href":"https:\/\/selectingredient.pt\/en\/wp-json\/wp\/v2\/pages\/1983\/revisions"}],"predecessor-version":[{"id":2749,"href":"https:\/\/selectingredient.pt\/en\/wp-json\/wp\/v2\/pages\/1983\/revisions\/2749"}],"up":[{"embeddable":true,"href":"https:\/\/selectingredient.pt\/en\/wp-json\/wp\/v2\/pages\/840"}],"wp:attachment":[{"href":"https:\/\/selectingredient.pt\/en\/wp-json\/wp\/v2\/media?parent=1983"}],"curies":[{"name":"wp","href":"https:\/\/api.w.org\/{rel}","templated":true}]}}