{"id":2007,"date":"2024-11-26T16:30:10","date_gmt":"2024-11-26T16:30:10","guid":{"rendered":"https:\/\/selectingredient.pt\/?page_id=2007"},"modified":"2025-01-10T16:26:30","modified_gmt":"2025-01-10T16:26:30","slug":"particulas-magneticas","status":"publish","type":"page","link":"https:\/\/selectingredient.pt\/en\/home\/produtos\/particulas-magneticas\/","title":{"rendered":"Magnetic Beads"},"content":{"rendered":"<div data-elementor-type=\"wp-page\" data-elementor-id=\"2007\" class=\"elementor elementor-2007\" data-elementor-post-type=\"page\">\n\t\t\t\t<div class=\"elementor-element elementor-element-a839057 e-con-full e-flex e-con e-parent\" data-id=\"a839057\" data-element_type=\"container\" data-settings=\"{&quot;background_background&quot;:&quot;slideshow&quot;,&quot;background_slideshow_gallery&quot;:[{&quot;id&quot;:613,&quot;url&quot;:&quot;http:\\\/\\\/selectingredient.pt\\\/wp-content\\\/uploads\\\/2024\\\/10\\\/particula-magnetica.jpg&quot;}],&quot;background_slideshow_loop&quot;:&quot;yes&quot;,&quot;background_slideshow_slide_duration&quot;:5000,&quot;background_slideshow_slide_transition&quot;:&quot;fade&quot;,&quot;background_slideshow_transition_duration&quot;:500}\">\n\t\t\t\t<div class=\"elementor-element elementor-element-633cf1a elementor-widget elementor-widget-heading\" data-id=\"633cf1a\" data-element_type=\"widget\" data-widget_type=\"heading.default\">\n\t\t\t\t<div class=\"elementor-widget-container\">\n\t\t\t\t\t<div class=\"elementor-heading-title elementor-size-default\">Magnetic Beads<\/div>\t\t\t\t<\/div>\n\t\t\t\t<\/div>\n\t\t\t\t<\/div>\n\t\t<div class=\"elementor-element elementor-element-0ff91f8 e-flex e-con-boxed e-con e-parent\" data-id=\"0ff91f8\" data-element_type=\"container\" data-settings=\"{&quot;background_background&quot;:&quot;classic&quot;}\">\n\t\t\t\t\t<div class=\"e-con-inner\">\n\t\t\t\t<div class=\"elementor-element elementor-element-3afe805 elementor-widget elementor-widget-breadcrumbs\" data-id=\"3afe805\" data-element_type=\"widget\" id=\"breadcrumbs\" data-widget_type=\"breadcrumbs.default\">\n\t\t\t\t<div class=\"elementor-widget-container\">\n\t\t\t\t\t<p id=\"breadcrumbs\"><\/p>\t\t\t\t<\/div>\n\t\t\t\t<\/div>\n\t\t\t\t<div class=\"elementor-element elementor-element-be261df elementor-widget elementor-widget-heading\" data-id=\"be261df\" data-element_type=\"widget\" data-widget_type=\"heading.default\">\n\t\t\t\t<div class=\"elementor-widget-container\">\n\t\t\t\t\t<h1 class=\"elementor-heading-title elementor-size-default\">Magnetic Beads<\/h1>\t\t\t\t<\/div>\n\t\t\t\t<\/div>\n\t\t\t\t<div class=\"elementor-element elementor-element-e2452d7 elementor-widget elementor-widget-text-editor\" data-id=\"e2452d7\" data-element_type=\"widget\" data-widget_type=\"text-editor.default\">\n\t\t\t\t<div class=\"elementor-widget-container\">\n\t\t\t\t\t\t\t\t\t<p>Magnetic beads are small spheres with magnetic properties, usually made of iron oxide. These beads are coated with antibodies or DNA sequences that allow them to bind to target molecules such as proteins or nucleic acids. This facilitates isolation and purification processes, allowing the beads to be easily separated from the rest of the sample when exposed to a magnetic field.&nbsp;<\/p><p>Magnetic beads are very useful in laboratory techniques such as DNA\/RNA extraction, protein purification, immunoprecipitation assays, cell culture, transfection, cell extraction and separation.<\/p>\n<p>Most kits are ready to use, meaning that the user can immediately start isolating proteins or cells as soon as they receive them.<\/p>\n<p><b>SelectIngredient offers a variety of ready-made kits with Magnetic Beads for various applications, including:<\/b><\/p>\n<ul>\n<li style=\"list-style-type: none;\">\n<ul>\n<li>Isolation of DNA or RNA from tissues, buccal swabs, plasma and blood.<\/li>\n<li>Isolation of human T and B cells from blood, bone marrow and other fluid samples.<\/li>\n<li>Magnetic separation of blood cells.<\/li>\n<li>Magnetic separation of dead and living cells.<\/li>\n<li>Cell transfection.<\/li>\n<\/ul>\n<\/li>\n<\/ul>\t\t\t\t\t\t\t\t<\/div>\n\t\t\t\t<\/div>\n\t\t\t\t\t<\/div>\n\t\t\t\t<\/div>\n\t\t\t\t<\/div>","protected":false},"excerpt":{"rendered":"<p>Magnetic Beads Magnetic beads are small spheres with magnetic properties, usually made of iron oxide. These beads are coated with antibodies or DNA sequences that allow them to bind to target molecules such as proteins or nucleic acids. This facilitates isolation and purification processes, allowing the beads to be easily separated from the rest of the sample when exposed to a magnetic field.  Magnetic beads are very useful in laboratory techniques such as DNA\/RNA extraction, protein purification, immunoprecipitation assays, cell culture, transfection, cell extraction and separation. Most kits are ready to use, meaning that the user can immediately start isolating proteins or cells as soon as they receive them. SelectIngredient offers a range of ready-made kits with Magnetic Particles for various applications, including: Isolation of DNA or RNA from tissues, buccal swabs, plasma and blood. Isolation of human T and B cells from blood, bone marrow and other fluid samples. Magnetic separation of blood cells. Magnetic separation of dead and live cells. Transfection of cells.<\/p>","protected":false},"author":1,"featured_media":0,"parent":840,"menu_order":0,"comment_status":"closed","ping_status":"closed","template":"","meta":{"footnotes":""},"class_list":["post-2007","page","type-page","status-publish","hentry"],"yoast_head":"<!-- This site is optimized with the Yoast SEO plugin v26.0 - https:\/\/yoast.com\/wordpress\/plugins\/seo\/ -->\n<title>Part\u00edculas Magn\u00e9ticas (Magnetic Beads) - Selectingredient<\/title>\n<meta name=\"robots\" content=\"index, follow, max-snippet:-1, max-image-preview:large, max-video-preview:-1\" \/>\n<link rel=\"canonical\" href=\"https:\/\/selectingredient.pt\/en\/home\/produtos\/particulas-magneticas\/\" \/>\n<meta property=\"og:locale\" content=\"en_US\" \/>\n<meta property=\"og:type\" content=\"article\" \/>\n<meta property=\"og:title\" content=\"Part\u00edculas Magn\u00e9ticas (Magnetic Beads) - Selectingredient\" \/>\n<meta property=\"og:description\" content=\"Part\u00edculas Magn\u00e9ticas (Magnetic Beads) Part\u00edculas Magn\u00e9ticas (Magnetic Beads) As part\u00edculas magn\u00e9ticas s\u00e3o pequenas esferas que possuem propriedades magn\u00e9ticas, geralmente feitas de \u00f3xido de ferro. Essas esferas s\u00e3o revestidas com anticorpos ou sequ\u00eancias de DNA que permitem a liga\u00e7\u00e3o a mol\u00e9culas-alvo, como prote\u00ednas ou \u00e1cidos nucleicos. Isso facilita processos de isolamento e purifica\u00e7\u00e3o, permitindo que as esferas sejam separadas facilmente do resto da amostra quando expostas a um campo magn\u00e9tico.&nbsp; As esferas magn\u00e9ticas s\u00e3o muito \u00fateis em t\u00e9cnicas laboratoriais, como extra\u00e7\u00e3o de DNA \/RNA, purifica\u00e7\u00e3o de prote\u00ednas, ensaios de imunoprecipita\u00e7\u00e3o, cultura de c\u00e9lulas, transfe\u00e7\u00e3o, extra\u00e7\u00e3o e separa\u00e7\u00e3o celular. A maioria dos kits est\u00e1 pronta para uso, ou seja, o usu\u00e1rio pode come\u00e7ar imediatamente a isolar prote\u00ednas ou c\u00e9lulas assim que os receber. A SelectIngredient oferece uma variedade de kits prontos com Part\u00edculas Magn\u00e9ticas para diversas aplica\u00e7\u00f5es, incluindo: Isolamento de DNA ou RNA a partir de tecidos, esfrega\u00e7os bucais, plasma e sangue. Isolamento de c\u00e9lulas T e B humanas a partir de sangue, medula \u00f3ssea e outras amostras de fluidos. Separa\u00e7\u00e3o magn\u00e9tica de c\u00e9lulas do sangue. Separa\u00e7\u00e3o magn\u00e9tica de c\u00e9lulas mortas e vivas. Transfe\u00e7\u00e3o de c\u00e9lulas.\" \/>\n<meta property=\"og:url\" content=\"https:\/\/selectingredient.pt\/en\/home\/produtos\/particulas-magneticas\/\" \/>\n<meta property=\"og:site_name\" content=\"Selectingredient\" \/>\n<meta property=\"article:modified_time\" content=\"2025-01-10T16:26:30+00:00\" \/>\n<meta name=\"twitter:card\" content=\"summary_large_image\" \/>\n<meta name=\"twitter:label1\" content=\"Est. reading time\" \/>\n\t<meta name=\"twitter:data1\" content=\"2 minutes\" \/>\n<script type=\"application\/ld+json\" class=\"yoast-schema-graph\">{\"@context\":\"https:\/\/schema.org\",\"@graph\":[{\"@type\":\"WebPage\",\"@id\":\"https:\/\/selectingredient.pt\/home\/produtos\/particulas-magneticas\/\",\"url\":\"https:\/\/selectingredient.pt\/home\/produtos\/particulas-magneticas\/\",\"name\":\"Part\u00edculas Magn\u00e9ticas (Magnetic Beads) - Selectingredient\",\"isPartOf\":{\"@id\":\"https:\/\/selectingredient.pt\/#website\"},\"datePublished\":\"2024-11-26T16:30:10+00:00\",\"dateModified\":\"2025-01-10T16:26:30+00:00\",\"breadcrumb\":{\"@id\":\"https:\/\/selectingredient.pt\/home\/produtos\/particulas-magneticas\/#breadcrumb\"},\"inLanguage\":\"en-US\",\"potentialAction\":[{\"@type\":\"ReadAction\",\"target\":[\"https:\/\/selectingredient.pt\/home\/produtos\/particulas-magneticas\/\"]}]},{\"@type\":\"BreadcrumbList\",\"@id\":\"https:\/\/selectingredient.pt\/home\/produtos\/particulas-magneticas\/#breadcrumb\",\"itemListElement\":[{\"@type\":\"ListItem\",\"position\":1,\"name\":\"Home\",\"item\":\"https:\/\/selectingredient.pt\/\"},{\"@type\":\"ListItem\",\"position\":2,\"name\":\"Produtos\",\"item\":\"https:\/\/selectingredient.pt\/home\/produtos\/\"},{\"@type\":\"ListItem\",\"position\":3,\"name\":\"Part\u00edculas Magn\u00e9ticas (Magnetic Beads)\"}]},{\"@type\":\"WebSite\",\"@id\":\"https:\/\/selectingredient.pt\/#website\",\"url\":\"https:\/\/selectingredient.pt\/\",\"name\":\"Selectingredient\",\"description\":\"Select Ingredient\",\"publisher\":{\"@id\":\"https:\/\/selectingredient.pt\/#organization\"},\"potentialAction\":[{\"@type\":\"SearchAction\",\"target\":{\"@type\":\"EntryPoint\",\"urlTemplate\":\"https:\/\/selectingredient.pt\/?s={search_term_string}\"},\"query-input\":{\"@type\":\"PropertyValueSpecification\",\"valueRequired\":true,\"valueName\":\"search_term_string\"}}],\"inLanguage\":\"en-US\"},{\"@type\":\"Organization\",\"@id\":\"https:\/\/selectingredient.pt\/#organization\",\"name\":\"Selectingredient\",\"url\":\"https:\/\/selectingredient.pt\/\",\"logo\":{\"@type\":\"ImageObject\",\"inLanguage\":\"en-US\",\"@id\":\"https:\/\/selectingredient.pt\/#\/schema\/logo\/image\/\",\"url\":\"https:\/\/selectingredient.pt\/wp-content\/uploads\/2018\/10\/logo_trans.png\",\"contentUrl\":\"https:\/\/selectingredient.pt\/wp-content\/uploads\/2018\/10\/logo_trans.png\",\"width\":250,\"height\":184,\"caption\":\"Selectingredient\"},\"image\":{\"@id\":\"https:\/\/selectingredient.pt\/#\/schema\/logo\/image\/\"}}]}<\/script>\n<!-- \/ Yoast SEO plugin. -->","yoast_head_json":{"title":"Part\u00edculas Magn\u00e9ticas (Magnetic Beads) - Selectingredient","robots":{"index":"index","follow":"follow","max-snippet":"max-snippet:-1","max-image-preview":"max-image-preview:large","max-video-preview":"max-video-preview:-1"},"canonical":"https:\/\/selectingredient.pt\/en\/home\/produtos\/particulas-magneticas\/","og_locale":"en_US","og_type":"article","og_title":"Part\u00edculas Magn\u00e9ticas (Magnetic Beads) - Selectingredient","og_description":"Part\u00edculas Magn\u00e9ticas (Magnetic Beads) Part\u00edculas Magn\u00e9ticas (Magnetic Beads) As part\u00edculas magn\u00e9ticas s\u00e3o pequenas esferas que possuem propriedades magn\u00e9ticas, geralmente feitas de \u00f3xido de ferro. Essas esferas s\u00e3o revestidas com anticorpos ou sequ\u00eancias de DNA que permitem a liga\u00e7\u00e3o a mol\u00e9culas-alvo, como prote\u00ednas ou \u00e1cidos nucleicos. Isso facilita processos de isolamento e purifica\u00e7\u00e3o, permitindo que as esferas sejam separadas facilmente do resto da amostra quando expostas a um campo magn\u00e9tico.&nbsp; As esferas magn\u00e9ticas s\u00e3o muito \u00fateis em t\u00e9cnicas laboratoriais, como extra\u00e7\u00e3o de DNA \/RNA, purifica\u00e7\u00e3o de prote\u00ednas, ensaios de imunoprecipita\u00e7\u00e3o, cultura de c\u00e9lulas, transfe\u00e7\u00e3o, extra\u00e7\u00e3o e separa\u00e7\u00e3o celular. A maioria dos kits est\u00e1 pronta para uso, ou seja, o usu\u00e1rio pode come\u00e7ar imediatamente a isolar prote\u00ednas ou c\u00e9lulas assim que os receber. A SelectIngredient oferece uma variedade de kits prontos com Part\u00edculas Magn\u00e9ticas para diversas aplica\u00e7\u00f5es, incluindo: Isolamento de DNA ou RNA a partir de tecidos, esfrega\u00e7os bucais, plasma e sangue. Isolamento de c\u00e9lulas T e B humanas a partir de sangue, medula \u00f3ssea e outras amostras de fluidos. Separa\u00e7\u00e3o magn\u00e9tica de c\u00e9lulas do sangue. Separa\u00e7\u00e3o magn\u00e9tica de c\u00e9lulas mortas e vivas. Transfe\u00e7\u00e3o de c\u00e9lulas.","og_url":"https:\/\/selectingredient.pt\/en\/home\/produtos\/particulas-magneticas\/","og_site_name":"Selectingredient","article_modified_time":"2025-01-10T16:26:30+00:00","twitter_card":"summary_large_image","twitter_misc":{"Est. reading time":"2 minutes"},"schema":{"@context":"https:\/\/schema.org","@graph":[{"@type":"WebPage","@id":"https:\/\/selectingredient.pt\/home\/produtos\/particulas-magneticas\/","url":"https:\/\/selectingredient.pt\/home\/produtos\/particulas-magneticas\/","name":"Part\u00edculas Magn\u00e9ticas (Magnetic Beads) - Selectingredient","isPartOf":{"@id":"https:\/\/selectingredient.pt\/#website"},"datePublished":"2024-11-26T16:30:10+00:00","dateModified":"2025-01-10T16:26:30+00:00","breadcrumb":{"@id":"https:\/\/selectingredient.pt\/home\/produtos\/particulas-magneticas\/#breadcrumb"},"inLanguage":"en-US","potentialAction":[{"@type":"ReadAction","target":["https:\/\/selectingredient.pt\/home\/produtos\/particulas-magneticas\/"]}]},{"@type":"BreadcrumbList","@id":"https:\/\/selectingredient.pt\/home\/produtos\/particulas-magneticas\/#breadcrumb","itemListElement":[{"@type":"ListItem","position":1,"name":"Home","item":"https:\/\/selectingredient.pt\/"},{"@type":"ListItem","position":2,"name":"Produtos","item":"https:\/\/selectingredient.pt\/home\/produtos\/"},{"@type":"ListItem","position":3,"name":"Part\u00edculas Magn\u00e9ticas (Magnetic Beads)"}]},{"@type":"WebSite","@id":"https:\/\/selectingredient.pt\/#website","url":"https:\/\/selectingredient.pt\/","name":"Selectingredient","description":"Select Ingredient","publisher":{"@id":"https:\/\/selectingredient.pt\/#organization"},"potentialAction":[{"@type":"SearchAction","target":{"@type":"EntryPoint","urlTemplate":"https:\/\/selectingredient.pt\/?s={search_term_string}"},"query-input":{"@type":"PropertyValueSpecification","valueRequired":true,"valueName":"search_term_string"}}],"inLanguage":"en-US"},{"@type":"Organization","@id":"https:\/\/selectingredient.pt\/#organization","name":"Selectingredient","url":"https:\/\/selectingredient.pt\/","logo":{"@type":"ImageObject","inLanguage":"en-US","@id":"https:\/\/selectingredient.pt\/#\/schema\/logo\/image\/","url":"https:\/\/selectingredient.pt\/wp-content\/uploads\/2018\/10\/logo_trans.png","contentUrl":"https:\/\/selectingredient.pt\/wp-content\/uploads\/2018\/10\/logo_trans.png","width":250,"height":184,"caption":"Selectingredient"},"image":{"@id":"https:\/\/selectingredient.pt\/#\/schema\/logo\/image\/"}}]}},"_links":{"self":[{"href":"https:\/\/selectingredient.pt\/en\/wp-json\/wp\/v2\/pages\/2007","targetHints":{"allow":["GET"]}}],"collection":[{"href":"https:\/\/selectingredient.pt\/en\/wp-json\/wp\/v2\/pages"}],"about":[{"href":"https:\/\/selectingredient.pt\/en\/wp-json\/wp\/v2\/types\/page"}],"author":[{"embeddable":true,"href":"https:\/\/selectingredient.pt\/en\/wp-json\/wp\/v2\/users\/1"}],"replies":[{"embeddable":true,"href":"https:\/\/selectingredient.pt\/en\/wp-json\/wp\/v2\/comments?post=2007"}],"version-history":[{"count":25,"href":"https:\/\/selectingredient.pt\/en\/wp-json\/wp\/v2\/pages\/2007\/revisions"}],"predecessor-version":[{"id":2752,"href":"https:\/\/selectingredient.pt\/en\/wp-json\/wp\/v2\/pages\/2007\/revisions\/2752"}],"up":[{"embeddable":true,"href":"https:\/\/selectingredient.pt\/en\/wp-json\/wp\/v2\/pages\/840"}],"wp:attachment":[{"href":"https:\/\/selectingredient.pt\/en\/wp-json\/wp\/v2\/media?parent=2007"}],"curies":[{"name":"wp","href":"https:\/\/api.w.org\/{rel}","templated":true}]}}