{"id":2012,"date":"2024-11-26T16:35:22","date_gmt":"2024-11-26T16:35:22","guid":{"rendered":"https:\/\/selectingredient.pt\/?page_id=2012"},"modified":"2025-07-07T15:04:31","modified_gmt":"2025-07-07T15:04:31","slug":"residuos-quimicos-farmaceuticos","status":"publish","type":"page","link":"https:\/\/selectingredient.pt\/en\/home\/produtos\/residuos-quimicos-farmaceuticos\/","title":{"rendered":"Chemical and Pharmaceutical Residues"},"content":{"rendered":"<div data-elementor-type=\"wp-page\" data-elementor-id=\"2012\" class=\"elementor elementor-2012\" data-elementor-post-type=\"page\">\n\t\t\t\t<div class=\"elementor-element elementor-element-a839057 e-con-full e-flex e-con e-parent\" data-id=\"a839057\" data-element_type=\"container\" data-settings=\"{&quot;background_background&quot;:&quot;slideshow&quot;,&quot;background_slideshow_gallery&quot;:[{&quot;id&quot;:614,&quot;url&quot;:&quot;http:\\\/\\\/selectingredient.pt\\\/wp-content\\\/uploads\\\/2024\\\/10\\\/residuos-farmaceuticos.jpg&quot;}],&quot;background_slideshow_loop&quot;:&quot;yes&quot;,&quot;background_slideshow_slide_duration&quot;:5000,&quot;background_slideshow_slide_transition&quot;:&quot;fade&quot;,&quot;background_slideshow_transition_duration&quot;:500}\">\n\t\t\t\t<div class=\"elementor-element elementor-element-633cf1a elementor-widget elementor-widget-heading\" data-id=\"633cf1a\" data-element_type=\"widget\" data-widget_type=\"heading.default\">\n\t\t\t\t<div class=\"elementor-widget-container\">\n\t\t\t\t\t<div class=\"elementor-heading-title elementor-size-default\">Chemical and Pharmaceutical Residues<\/div>\t\t\t\t<\/div>\n\t\t\t\t<\/div>\n\t\t\t\t<\/div>\n\t\t<div class=\"elementor-element elementor-element-0ff91f8 e-flex e-con-boxed e-con e-parent\" data-id=\"0ff91f8\" data-element_type=\"container\" data-settings=\"{&quot;background_background&quot;:&quot;classic&quot;}\">\n\t\t\t\t\t<div class=\"e-con-inner\">\n\t\t\t\t<div class=\"elementor-element elementor-element-3afe805 elementor-widget elementor-widget-breadcrumbs\" data-id=\"3afe805\" data-element_type=\"widget\" id=\"breadcrumbs\" data-widget_type=\"breadcrumbs.default\">\n\t\t\t\t<div class=\"elementor-widget-container\">\n\t\t\t\t\t<p id=\"breadcrumbs\"><\/p>\t\t\t\t<\/div>\n\t\t\t\t<\/div>\n\t\t\t\t<div class=\"elementor-element elementor-element-be261df elementor-widget elementor-widget-heading\" data-id=\"be261df\" data-element_type=\"widget\" data-widget_type=\"heading.default\">\n\t\t\t\t<div class=\"elementor-widget-container\">\n\t\t\t\t\t<h1 class=\"elementor-heading-title elementor-size-default\">Chemical and Pharmaceutical Residues<\/h1>\t\t\t\t<\/div>\n\t\t\t\t<\/div>\n\t\t\t\t<div class=\"elementor-element elementor-element-e2452d7 elementor-widget elementor-widget-text-editor\" data-id=\"e2452d7\" data-element_type=\"widget\" data-widget_type=\"text-editor.default\">\n\t\t\t\t<div class=\"elementor-widget-container\">\n\t\t\t\t\t\t\t\t\t<p>Veterinary medicines are often used in animal husbandry to treat and prevent disease, promote weight gain and calm animals during transportation. These class of drugs includes antibiotics, antiparasitics, anti-inflammatories and growth promoters, among others.&nbsp;<\/p>\n<p>Their extensive use in livestock raises serious concerns, since their presence in food products can have significant adverse consequences for human health. These include hepatotoxicity, nephrotoxicity, unwanted side effects, allergic reactions, sterility, cancer and the possibility of contaminated food contributing to antimicrobial resistance.&nbsp;<span style=\"font-size: 1rem; text-align: var(--text-align);\">It is therefore essential to strictly monitor and regulate the use of these medicines to guarantee food safety and protect public health.<\/span><\/p>\n<p>We offer a wide range of products for the direct search for contaminants and their subsequent purification:<\/p>\n<ul>\n<li style=\"list-style-type: none;\">\n<ul>\n<li><b>Lateral Flow Strips for the detection of antimicrobials -<\/b> Quinolones, Lincomycin, Sulfonamides, Tetracyclines, Beta-lactam, Erythromycin, Tylosin, Florfenicol, Chloramphenicol, Neomycin, among others.<\/li>\n<li><b>QuEChERS<\/b> for the extraction of pesticides and their detection in food<\/li>\n<\/ul>\n<\/li>\n<\/ul>\n<div>&nbsp;<\/div>\n<p>QuEChERS was introduced for the analysis of pesticide residues in fruit and vegetables, but has been gaining popularity in the analysis of a broad spectrum of matrices such as veterinary drugs and other pharmaceutical products, mycotoxins, dyes, acrylamide, biphenols, endocrine disruptors and other chemical compounds.<\/p>\n<p>The wide range of applications of this technique is made possible by the use of different extraction solvents, salt formulations and buffer additives in the salt partitioning step, which concentrate and purify the desired compounds. At the same time, the application of various d-SPE (dispersed solid phase extraction) adsorbents in the clean-up step helps to remove interferents prior to analysis.<\/p>\t\t\t\t\t\t\t\t<\/div>\n\t\t\t\t<\/div>\n\t\t<div class=\"elementor-element elementor-element-24bc8b6 e-con-full e-flex e-con e-child\" data-id=\"24bc8b6\" data-element_type=\"container\" data-settings=\"{&quot;background_background&quot;:&quot;classic&quot;}\">\n\t\t\t\t<div class=\"elementor-element elementor-element-fd944d4 elementor-widget elementor-widget-heading\" data-id=\"fd944d4\" data-element_type=\"widget\" data-widget_type=\"heading.default\">\n\t\t\t\t<div class=\"elementor-widget-container\">\n\t\t\t\t\t<h2 class=\"elementor-heading-title elementor-size-default\">\n                                        \n                                        \n                                        \n                                        \n                                        <\/h2>\t\t\t\t<\/div>\n\t\t\t\t<\/div>\n\t\t\t\t<div class=\"elementor-element elementor-element-db0a14c elementor-hidden-mobile elementor-widget elementor-widget-html\" data-id=\"db0a14c\" data-element_type=\"widget\" data-widget_type=\"html.default\">\n\t\t\t\t<div class=\"elementor-widget-container\">\n\t\t\t\t\t<svg width=\"17\" height=\"22\" viewbox=\"0 0 17 22\" fill=\"none\" xmlns=\"http:\/\/www.w3.org\/2000\/svg\">\r\n                                        <path d=\"M11 1H2.5C1.96957 1 1.46086 1.21071 1.08579 1.58579C0.710714 1.96086                                        0.5 2.46957 0.5 3V19C0.5 19.5304 0.710714 20.0391 1.08579                                        20.4142C1.46086 20.7893                                        1.96957 21 2.5 21H14.5C15.0304 21 15.5391 20.7893 15.9142                                        20.4142C16.2893 20.0391                                        16.5 19.5304 16.5 19V6.5L11 1Z\" stroke=\"black\" stroke-linecap=\"round\" stroke-linejoin=\"round\"><\/path>\r\n                                        <path d=\"M10.5 1V7H16.5\" stroke=\"black\" stroke-linecap=\"round\" stroke-linejoin=\"round\"><\/path>\r\n                                        <path d=\"M12.5 12H4.5\" stroke=\"black\" stroke-linecap=\"round\" stroke-linejoin=\"round\"><\/path>\r\n                                        <path d=\"M12.5 16H4.5\" stroke=\"black\" stroke-linecap=\"round\" stroke-linejoin=\"round\"><\/path>\r\n                                        <path d=\"M6.5 8H4.5\" stroke=\"black\" stroke-linecap=\"round\" stroke-linejoin=\"round\"><\/path><\/svg>\t\t\t\t<\/div>\n\t\t\t\t<\/div>\n\t\t<div class=\"elementor-element elementor-element-6022e3f e-con-full e-flex e-con e-child\" data-id=\"6022e3f\" data-element_type=\"container\">\n\t\t\t\t<div class=\"elementor-element elementor-element-d69166d elementor-widget elementor-widget-heading\" data-id=\"d69166d\" data-element_type=\"widget\" data-widget_type=\"heading.default\">\n\t\t\t\t<div class=\"elementor-widget-container\">\n\t\t\t\t\t<h2 class=\"elementor-heading-title elementor-size-default\">Generon QuEChERS <\/h2>\t\t\t\t<\/div>\n\t\t\t\t<\/div>\n\t\t\t\t<div class=\"elementor-element elementor-element-3dcad91 elementor-mobile-align-left elementor-widget elementor-widget-button\" data-id=\"3dcad91\" data-element_type=\"widget\" data-widget_type=\"button.default\">\n\t\t\t\t<div class=\"elementor-widget-container\">\n\t\t\t\t\t\t\t\t\t<div class=\"elementor-button-wrapper\">\n\t\t\t\t\t<a class=\"elementor-button elementor-button-link elementor-size-sm\" href=\"https:\/\/selectingredientbucket.s3.us-east-1.amazonaws.com\/Generon+Quechers+.pdf\" target=\"_blank\">\n\t\t\t\t\t\t<span class=\"elementor-button-content-wrapper\">\n\t\t\t\t\t\t\t\t\t<span class=\"elementor-button-text\">Download<\/span>\n\t\t\t\t\t<\/span>\n\t\t\t\t\t<\/a>\n\t\t\t\t<\/div>\n\t\t\t\t\t\t\t\t<\/div>\n\t\t\t\t<\/div>\n\t\t\t\t<\/div>\n\t\t\t\t<\/div>\n\t\t\t\t\t<\/div>\n\t\t\t\t<\/div>\n\t\t\t\t<\/div>","protected":false},"excerpt":{"rendered":"<p>Chemical and pharmaceutical waste Veterinary medicines are often used in animal husbandry to treat and prevent disease, promote weight gain and reassure animals during transportation. This class of drugs includes antibiotics, antiparasitics, anti-inflammatories and growth promoters, among others.  Their extensive use in livestock raises serious concerns, since their presence in food products can have significant adverse consequences for human health. These include hepatotoxicity, nephrotoxicity, unwanted side effects, allergic reactions, sterility, cancer and the possibility of contaminated food contributing to antimicrobial resistance. It is therefore essential to strictly monitor and regulate the use of these drugs to ensure food safety and protect public health. We offer a wide range of products for the direct detection of contaminants and their subsequent purification: Lateral flow strips for the detection of antimicrobials - quinolones, lincomycin, sulphonamides, tetracyclines, betalactams, erythromycin, tylosin, florfenicol, chloramphenicol, neomycin, among others. QuEChERS for the extraction of pesticides and their detection in food QuEChERS was introduced for the analysis of pesticide residues in fruit and vegetables, but has been gaining popularity in the analysis of a broad spectrum of matrices such as veterinary drugs and other pharmaceutical products, mycotoxins, dyes, acrylamide, biphenols, endocrine disruptors and other chemical compounds. The wide range of applications of this technique is made possible by the use of different extraction solvents, salt formulations and buffer additives in the salt partitioning step, which concentrate and purify the desired compounds. At the same time, the application of various d-SPE (dispersed solid phase extraction) adsorbents in the clean-up step helps to remove interferents prior to analysis. Generon QuEChERS Download<\/p>","protected":false},"author":1,"featured_media":0,"parent":840,"menu_order":0,"comment_status":"closed","ping_status":"closed","template":"","meta":{"footnotes":""},"class_list":["post-2012","page","type-page","status-publish","hentry"],"yoast_head":"<!-- This site is optimized with the Yoast SEO plugin v26.0 - https:\/\/yoast.com\/wordpress\/plugins\/seo\/ -->\n<title>Res\u00edduos Qu\u00edmicos e Farmac\u00eauticos - Selectingredient<\/title>\n<meta name=\"robots\" content=\"index, follow, max-snippet:-1, max-image-preview:large, max-video-preview:-1\" \/>\n<link rel=\"canonical\" href=\"https:\/\/selectingredient.pt\/en\/home\/produtos\/residuos-quimicos-farmaceuticos\/\" \/>\n<meta property=\"og:locale\" content=\"en_US\" \/>\n<meta property=\"og:type\" content=\"article\" \/>\n<meta property=\"og:title\" content=\"Res\u00edduos Qu\u00edmicos e Farmac\u00eauticos - Selectingredient\" \/>\n<meta property=\"og:description\" content=\"Res\u00edduos Qu\u00edmicos e Farmac\u00eauticos Res\u00edduos Qu\u00edmicos e Farmac\u00eauticos Os medicamentos veterin\u00e1rios s\u00e3o frequentemente utilizados na cria\u00e7\u00e3o de animais para tratar e prevenir doen\u00e7as, promover o ganho de peso e tranquilizar os animais durante o seu transporte. Esta classe de medicamentos inclui antibi\u00f3ticos, antiparasit\u00e1rios, anti-inflamat\u00f3rios, promotores de crescimento, entre outros.&nbsp; O seu uso extensivo em rebanhos levanta s\u00e9rias preocupa\u00e7\u00f5es, uma vez que sua presen\u00e7a em produtos alimentares pode ter consequ\u00eancias adversas e significativas para a sa\u00fade humana. Isso inclui hepatotoxicidade, nefrotoxicidade, efeitos colaterais indesejados, rea\u00e7\u00f5es al\u00e9rgicas, esterilidade, c\u00e2ncer e a possibilidade de alimentos contaminados contribu\u00edrem para a resist\u00eancia antimicrobiana.&nbsp;Portanto, \u00e9 essencial monitorizar e regular rigorosamente o uso desses medicamentos para garantir a seguran\u00e7a alimentar e proteger a sa\u00fade p\u00fablica. Oferecemos uma vasta gama de produtos para a pesquisa direta de contaminantes e sua posterior purifica\u00e7\u00e3o: Tiras de fluxo lateral para a dete\u00e7\u00e3o de Antimicrobianos \u2013 Quinolonas, lincomicina, sulfonamidas, tetraciclinas, betalact\u00e2micos, eritromicina, tilosina, florfenicol, cloranfenicol, neomicina, entre outros. QuEChERS para extra\u00e7\u00e3o de pesticidas e sua dete\u00e7\u00e3o em alimentos &nbsp; Os QuEChERS foram introduzidos para a an\u00e1lise de res\u00edduos de pesticidas em frutas e vegetais, mas tem vindo a ganhar popularidade na an\u00e1lise de um largo espectro de matrizes como medicamentos veterin\u00e1rios e outros produtos farmac\u00eauticos, micotoxinas, corantes, acrilamida, bifen\u00f3is, disruptores end\u00f3crinos e outros compostos qu\u00edmicos. A vasta gama de aplica\u00e7\u00f5es desta t\u00e9cnica \u00e9 poss\u00edvel devido ao uso de diferentes solventes de extra\u00e7\u00e3o, formula\u00e7\u00f5es de sal e aditivos de tamp\u00e3o na etapa de parti\u00e7\u00e3o salina, que concentram e purificam os compostos desejados. Simultaneamente a aplica\u00e7\u00e3o de v\u00e1rios adsorventes d-SPE (extra\u00e7\u00e3o em fase s\u00f3lida dispersa) na etapa de limpeza ajudam a remover interferentes antes da an\u00e1lise. Generon QuEChERS Download\" \/>\n<meta property=\"og:url\" content=\"https:\/\/selectingredient.pt\/en\/home\/produtos\/residuos-quimicos-farmaceuticos\/\" \/>\n<meta property=\"og:site_name\" content=\"Selectingredient\" \/>\n<meta property=\"article:modified_time\" content=\"2025-07-07T15:04:31+00:00\" \/>\n<meta name=\"twitter:card\" content=\"summary_large_image\" \/>\n<meta name=\"twitter:label1\" content=\"Est. reading time\" \/>\n\t<meta name=\"twitter:data1\" content=\"2 minutes\" \/>\n<script type=\"application\/ld+json\" class=\"yoast-schema-graph\">{\"@context\":\"https:\/\/schema.org\",\"@graph\":[{\"@type\":\"WebPage\",\"@id\":\"https:\/\/selectingredient.pt\/home\/produtos\/residuos-quimicos-farmaceuticos\/\",\"url\":\"https:\/\/selectingredient.pt\/home\/produtos\/residuos-quimicos-farmaceuticos\/\",\"name\":\"Res\u00edduos Qu\u00edmicos e Farmac\u00eauticos - Selectingredient\",\"isPartOf\":{\"@id\":\"https:\/\/selectingredient.pt\/#website\"},\"datePublished\":\"2024-11-26T16:35:22+00:00\",\"dateModified\":\"2025-07-07T15:04:31+00:00\",\"breadcrumb\":{\"@id\":\"https:\/\/selectingredient.pt\/home\/produtos\/residuos-quimicos-farmaceuticos\/#breadcrumb\"},\"inLanguage\":\"en-US\",\"potentialAction\":[{\"@type\":\"ReadAction\",\"target\":[\"https:\/\/selectingredient.pt\/home\/produtos\/residuos-quimicos-farmaceuticos\/\"]}]},{\"@type\":\"BreadcrumbList\",\"@id\":\"https:\/\/selectingredient.pt\/home\/produtos\/residuos-quimicos-farmaceuticos\/#breadcrumb\",\"itemListElement\":[{\"@type\":\"ListItem\",\"position\":1,\"name\":\"Home\",\"item\":\"https:\/\/selectingredient.pt\/\"},{\"@type\":\"ListItem\",\"position\":2,\"name\":\"Produtos\",\"item\":\"https:\/\/selectingredient.pt\/home\/produtos\/\"},{\"@type\":\"ListItem\",\"position\":3,\"name\":\"Res\u00edduos Qu\u00edmicos e Farmac\u00eauticos\"}]},{\"@type\":\"WebSite\",\"@id\":\"https:\/\/selectingredient.pt\/#website\",\"url\":\"https:\/\/selectingredient.pt\/\",\"name\":\"Selectingredient\",\"description\":\"Select Ingredient\",\"publisher\":{\"@id\":\"https:\/\/selectingredient.pt\/#organization\"},\"potentialAction\":[{\"@type\":\"SearchAction\",\"target\":{\"@type\":\"EntryPoint\",\"urlTemplate\":\"https:\/\/selectingredient.pt\/?s={search_term_string}\"},\"query-input\":{\"@type\":\"PropertyValueSpecification\",\"valueRequired\":true,\"valueName\":\"search_term_string\"}}],\"inLanguage\":\"en-US\"},{\"@type\":\"Organization\",\"@id\":\"https:\/\/selectingredient.pt\/#organization\",\"name\":\"Selectingredient\",\"url\":\"https:\/\/selectingredient.pt\/\",\"logo\":{\"@type\":\"ImageObject\",\"inLanguage\":\"en-US\",\"@id\":\"https:\/\/selectingredient.pt\/#\/schema\/logo\/image\/\",\"url\":\"https:\/\/selectingredient.pt\/wp-content\/uploads\/2018\/10\/logo_trans.png\",\"contentUrl\":\"https:\/\/selectingredient.pt\/wp-content\/uploads\/2018\/10\/logo_trans.png\",\"width\":250,\"height\":184,\"caption\":\"Selectingredient\"},\"image\":{\"@id\":\"https:\/\/selectingredient.pt\/#\/schema\/logo\/image\/\"}}]}<\/script>\n<!-- \/ Yoast SEO plugin. -->","yoast_head_json":{"title":"Res\u00edduos Qu\u00edmicos e Farmac\u00eauticos - Selectingredient","robots":{"index":"index","follow":"follow","max-snippet":"max-snippet:-1","max-image-preview":"max-image-preview:large","max-video-preview":"max-video-preview:-1"},"canonical":"https:\/\/selectingredient.pt\/en\/home\/produtos\/residuos-quimicos-farmaceuticos\/","og_locale":"en_US","og_type":"article","og_title":"Res\u00edduos Qu\u00edmicos e Farmac\u00eauticos - Selectingredient","og_description":"Res\u00edduos Qu\u00edmicos e Farmac\u00eauticos Res\u00edduos Qu\u00edmicos e Farmac\u00eauticos Os medicamentos veterin\u00e1rios s\u00e3o frequentemente utilizados na cria\u00e7\u00e3o de animais para tratar e prevenir doen\u00e7as, promover o ganho de peso e tranquilizar os animais durante o seu transporte. Esta classe de medicamentos inclui antibi\u00f3ticos, antiparasit\u00e1rios, anti-inflamat\u00f3rios, promotores de crescimento, entre outros.&nbsp; O seu uso extensivo em rebanhos levanta s\u00e9rias preocupa\u00e7\u00f5es, uma vez que sua presen\u00e7a em produtos alimentares pode ter consequ\u00eancias adversas e significativas para a sa\u00fade humana. Isso inclui hepatotoxicidade, nefrotoxicidade, efeitos colaterais indesejados, rea\u00e7\u00f5es al\u00e9rgicas, esterilidade, c\u00e2ncer e a possibilidade de alimentos contaminados contribu\u00edrem para a resist\u00eancia antimicrobiana.&nbsp;Portanto, \u00e9 essencial monitorizar e regular rigorosamente o uso desses medicamentos para garantir a seguran\u00e7a alimentar e proteger a sa\u00fade p\u00fablica. Oferecemos uma vasta gama de produtos para a pesquisa direta de contaminantes e sua posterior purifica\u00e7\u00e3o: Tiras de fluxo lateral para a dete\u00e7\u00e3o de Antimicrobianos \u2013 Quinolonas, lincomicina, sulfonamidas, tetraciclinas, betalact\u00e2micos, eritromicina, tilosina, florfenicol, cloranfenicol, neomicina, entre outros. QuEChERS para extra\u00e7\u00e3o de pesticidas e sua dete\u00e7\u00e3o em alimentos &nbsp; Os QuEChERS foram introduzidos para a an\u00e1lise de res\u00edduos de pesticidas em frutas e vegetais, mas tem vindo a ganhar popularidade na an\u00e1lise de um largo espectro de matrizes como medicamentos veterin\u00e1rios e outros produtos farmac\u00eauticos, micotoxinas, corantes, acrilamida, bifen\u00f3is, disruptores end\u00f3crinos e outros compostos qu\u00edmicos. A vasta gama de aplica\u00e7\u00f5es desta t\u00e9cnica \u00e9 poss\u00edvel devido ao uso de diferentes solventes de extra\u00e7\u00e3o, formula\u00e7\u00f5es de sal e aditivos de tamp\u00e3o na etapa de parti\u00e7\u00e3o salina, que concentram e purificam os compostos desejados. Simultaneamente a aplica\u00e7\u00e3o de v\u00e1rios adsorventes d-SPE (extra\u00e7\u00e3o em fase s\u00f3lida dispersa) na etapa de limpeza ajudam a remover interferentes antes da an\u00e1lise. Generon QuEChERS Download","og_url":"https:\/\/selectingredient.pt\/en\/home\/produtos\/residuos-quimicos-farmaceuticos\/","og_site_name":"Selectingredient","article_modified_time":"2025-07-07T15:04:31+00:00","twitter_card":"summary_large_image","twitter_misc":{"Est. reading time":"2 minutes"},"schema":{"@context":"https:\/\/schema.org","@graph":[{"@type":"WebPage","@id":"https:\/\/selectingredient.pt\/home\/produtos\/residuos-quimicos-farmaceuticos\/","url":"https:\/\/selectingredient.pt\/home\/produtos\/residuos-quimicos-farmaceuticos\/","name":"Res\u00edduos Qu\u00edmicos e Farmac\u00eauticos - Selectingredient","isPartOf":{"@id":"https:\/\/selectingredient.pt\/#website"},"datePublished":"2024-11-26T16:35:22+00:00","dateModified":"2025-07-07T15:04:31+00:00","breadcrumb":{"@id":"https:\/\/selectingredient.pt\/home\/produtos\/residuos-quimicos-farmaceuticos\/#breadcrumb"},"inLanguage":"en-US","potentialAction":[{"@type":"ReadAction","target":["https:\/\/selectingredient.pt\/home\/produtos\/residuos-quimicos-farmaceuticos\/"]}]},{"@type":"BreadcrumbList","@id":"https:\/\/selectingredient.pt\/home\/produtos\/residuos-quimicos-farmaceuticos\/#breadcrumb","itemListElement":[{"@type":"ListItem","position":1,"name":"Home","item":"https:\/\/selectingredient.pt\/"},{"@type":"ListItem","position":2,"name":"Produtos","item":"https:\/\/selectingredient.pt\/home\/produtos\/"},{"@type":"ListItem","position":3,"name":"Res\u00edduos Qu\u00edmicos e Farmac\u00eauticos"}]},{"@type":"WebSite","@id":"https:\/\/selectingredient.pt\/#website","url":"https:\/\/selectingredient.pt\/","name":"Selectingredient","description":"Select Ingredient","publisher":{"@id":"https:\/\/selectingredient.pt\/#organization"},"potentialAction":[{"@type":"SearchAction","target":{"@type":"EntryPoint","urlTemplate":"https:\/\/selectingredient.pt\/?s={search_term_string}"},"query-input":{"@type":"PropertyValueSpecification","valueRequired":true,"valueName":"search_term_string"}}],"inLanguage":"en-US"},{"@type":"Organization","@id":"https:\/\/selectingredient.pt\/#organization","name":"Selectingredient","url":"https:\/\/selectingredient.pt\/","logo":{"@type":"ImageObject","inLanguage":"en-US","@id":"https:\/\/selectingredient.pt\/#\/schema\/logo\/image\/","url":"https:\/\/selectingredient.pt\/wp-content\/uploads\/2018\/10\/logo_trans.png","contentUrl":"https:\/\/selectingredient.pt\/wp-content\/uploads\/2018\/10\/logo_trans.png","width":250,"height":184,"caption":"Selectingredient"},"image":{"@id":"https:\/\/selectingredient.pt\/#\/schema\/logo\/image\/"}}]}},"_links":{"self":[{"href":"https:\/\/selectingredient.pt\/en\/wp-json\/wp\/v2\/pages\/2012","targetHints":{"allow":["GET"]}}],"collection":[{"href":"https:\/\/selectingredient.pt\/en\/wp-json\/wp\/v2\/pages"}],"about":[{"href":"https:\/\/selectingredient.pt\/en\/wp-json\/wp\/v2\/types\/page"}],"author":[{"embeddable":true,"href":"https:\/\/selectingredient.pt\/en\/wp-json\/wp\/v2\/users\/1"}],"replies":[{"embeddable":true,"href":"https:\/\/selectingredient.pt\/en\/wp-json\/wp\/v2\/comments?post=2012"}],"version-history":[{"count":43,"href":"https:\/\/selectingredient.pt\/en\/wp-json\/wp\/v2\/pages\/2012\/revisions"}],"predecessor-version":[{"id":2835,"href":"https:\/\/selectingredient.pt\/en\/wp-json\/wp\/v2\/pages\/2012\/revisions\/2835"}],"up":[{"embeddable":true,"href":"https:\/\/selectingredient.pt\/en\/wp-json\/wp\/v2\/pages\/840"}],"wp:attachment":[{"href":"https:\/\/selectingredient.pt\/en\/wp-json\/wp\/v2\/media?parent=2012"}],"curies":[{"name":"wp","href":"https:\/\/api.w.org\/{rel}","templated":true}]}}